{"id":12855,"date":"2024-04-20T13:25:48","date_gmt":"2024-04-20T13:25:48","guid":{"rendered":"https:\/\/towels.cc\/?post_type=product&#038;p=12855"},"modified":"2024-11-05T15:27:54","modified_gmt":"2024-11-05T15:27:54","slug":"16-s-twist-cotton-yarn-bath-towel-with-dobby-fitness-towel-with-germ-shield-2","status":"publish","type":"product","link":"https:\/\/towels.cc\/sv\/produkt\/16-s-twist-cotton-yarn-bath-towel-with-dobby-fitness-towel-with-germ-shield-2\/","title":{"rendered":"16 s twist bomullsgarn badhandduk med dobby fitness handduk med bakterieskydd\u00a0"},"content":{"rendered":"<p>V\u00e5r kondition <a href=\"https:\/\/towels.cc\/sv\/\">handduk<\/a> med bakterieskyddsfunktion, \u00e4r avslutad med lyxkvalitet 16 s twist bomullsgarn, 600GSM tjockt tyg, elegant och definiera Bobby-m\u00f6nster.<\/p>\n<p>L\u00e4ngre frott\u00e9\u00f6gla \u00e4n vanliga 21s och 32s <a href=\"https:\/\/towels.cc\/sv\/cotton-towel\/\">bomullsgarn<\/a>, du k\u00e4nner att texturen \u00e4r mer mjuk och bekv\u00e4m.<\/p>\n<p>Vi kan anpassa vilken f\u00e4rg och storlek som helst p\u00e5 tr\u00e4ningshandduken med antimaterialfunktion f\u00f6r dig!<\/p>","protected":false},"excerpt":{"rendered":"<p><strong>Material:\u00a0<\/strong> 16S tvinnat bomullsgarn<br \/>\n<strong>Teknisk:<\/strong> V\u00e4vd, platt, Dobby<br \/>\n<strong>Tjocklek:<\/strong> 600GSM<br \/>\n<strong>Sammans\u00e4ttning:<\/strong> 100% bomull<br \/>\n<strong>Handduksstorlek:<\/strong> 40x90 cm<br \/>\n<strong>F\u00f6rdel:<\/strong> Luddfritt, mjukt och bekv\u00e4mt, blekfritt, unikt m\u00f6nster kan tv\u00e4ttas i maskin,<br \/>\n<strong>Vilken plats kan du anv\u00e4nda?<\/strong><br \/>\ngolf, sport, spa, hem, resa, kl\u00e4ttra i berg, avtorkning av gym, torrkropp f\u00f6r fitness, reklampresent<br \/>\n<strong>Anpassningsalternativ:<\/strong><br \/>\n<strong>logotyp:<\/strong> broderi logotyp<br \/>\n<strong>paket:<\/strong> presentf\u00f6rpackning \/ opp poly v\u00e4ska<\/p>","protected":false},"featured_media":12846,"template":"","meta":{"_seopress_robots_primary_cat":"none","_seopress_titles_title":"","_seopress_titles_desc":"","_seopress_robots_index":""},"product_brand":[],"product_cat":[31,37,49],"product_tag":[],"class_list":{"0":"post-12855","1":"product","2":"type-product","3":"status-publish","4":"has-post-thumbnail","6":"product_cat-all-towels","7":"product_cat-bath-towel","8":"product_cat-gym-towel","10":"first","11":"instock","12":"shipping-taxable","13":"product-type-simple"},"_links":{"self":[{"href":"https:\/\/towels.cc\/sv\/wp-json\/wp\/v2\/product\/12855","targetHints":{"allow":["GET"]}}],"collection":[{"href":"https:\/\/towels.cc\/sv\/wp-json\/wp\/v2\/product"}],"about":[{"href":"https:\/\/towels.cc\/sv\/wp-json\/wp\/v2\/types\/product"}],"wp:featuredmedia":[{"embeddable":true,"href":"https:\/\/towels.cc\/sv\/wp-json\/wp\/v2\/media\/12846"}],"wp:attachment":[{"href":"https:\/\/towels.cc\/sv\/wp-json\/wp\/v2\/media?parent=12855"}],"wp:term":[{"taxonomy":"product_brand","embeddable":true,"href":"https:\/\/towels.cc\/sv\/wp-json\/wp\/v2\/product_brand?post=12855"},{"taxonomy":"product_cat","embeddable":true,"href":"https:\/\/towels.cc\/sv\/wp-json\/wp\/v2\/product_cat?post=12855"},{"taxonomy":"product_tag","embeddable":true,"href":"https:\/\/towels.cc\/sv\/wp-json\/wp\/v2\/product_tag?post=12855"}],"curies":[{"name":"wp","href":"https:\/\/api.w.org\/{rel}","templated":true}]}}