{"id":12841,"date":"2024-04-20T13:22:09","date_gmt":"2024-04-20T13:22:09","guid":{"rendered":"https:\/\/towels.cc\/?post_type=product&#038;p=12841"},"modified":"2024-11-05T15:29:01","modified_gmt":"2024-11-05T15:29:01","slug":"plain-weaving-16s-twist-plant-dyed-cotton-workout-towels-2","status":"publish","type":"product","link":"https:\/\/towels.cc\/sv\/produkt\/plain-weaving-16s-twist-plant-dyed-cotton-workout-towels-2\/","title":{"rendered":"Sl\u00e4tv\u00e4vda 16-tals v\u00e4xtf\u00e4rgade tr\u00e4ningshanddukar i bomull"},"content":{"rendered":"<p>Tr\u00e4ningshanddukarna \u00e4r tillverkade av <a href=\"https:\/\/towels.cc\/sv\/gym-towel\/\">professionell gym handduk fabrik<\/a>, i h\u00f6gkvalitativt 16S twist bomullsgarn, broderi snygg logotyp f\u00f6r m\u00e4rkesvaror, vikt en ficka f\u00f6r att h\u00e5lla h\u00f6rlurar och nycklar n\u00e4r du springer eller joggar utanf\u00f6r eller inne p\u00e5 gymmet.<\/p>\n<p>V\u00e5rt f\u00f6retag erbjuder gratis provutveckling och kundservice en till en f\u00f6r <a href=\"https:\/\/towels.cc\/sv\/\">skr\u00e4ddarsydd handduk<\/a> order.<\/p>","protected":false},"excerpt":{"rendered":"<p><strong>Material:<\/strong> 100% egyptisk bomull<br \/>\n<strong>Teknik:<\/strong> V\u00e4vd, platt, broderilogotyp<br \/>\n<strong>Tjocklek:<\/strong> 550GSM<br \/>\n<strong>Sammans\u00e4ttning:<\/strong> 100% 16S tvinnat bomullsgarn<br \/>\n<strong>Handduksstorlek:<\/strong>30\u00d7110 cm<br \/>\n<strong>F\u00f6rdel:<\/strong> Luddfritt, v\u00e4xtf\u00e4rgat, inte skadligt f\u00f6r huden, vattenabsorberande, mjukt och bekv\u00e4mt, blekfritt, en ficka f\u00f6r att f\u00f6rvara sm\u00e5saker.<br \/>\n<strong>Vilken plats kan du anv\u00e4nda?<\/strong><br \/>\ntr\u00e4ningshandduk, sport, kl\u00e4ttring i berg, varp i gymmet, tr\u00e4ning, l\u00f6pning utomhus, jogging, reklampresent<br \/>\n<strong>Anpassningsalternativ:<\/strong><br \/>\nlogotyp: silkscreentryck \/ broderilogotyp<br \/>\npaket: presentf\u00f6rpackning \/ opp polybag<br \/>\nOm du vill f\u00e4rga annan handduksf\u00e4rg och g\u00f6ra din egen design, v\u00e4nligen kontakta oss gratis. Vi kommer att erbjuda professionella l\u00f6sningar f\u00f6r dig att v\u00e4lja!<\/p>","protected":false},"featured_media":12842,"template":"","meta":{"_seopress_robots_primary_cat":"none","_seopress_titles_title":"","_seopress_titles_desc":"","_seopress_robots_index":""},"product_brand":[],"product_cat":[31],"product_tag":[],"class_list":{"0":"post-12841","1":"product","2":"type-product","3":"status-publish","4":"has-post-thumbnail","6":"product_cat-all-towels","8":"first","9":"instock","10":"shipping-taxable","11":"product-type-simple"},"_links":{"self":[{"href":"https:\/\/towels.cc\/sv\/wp-json\/wp\/v2\/product\/12841","targetHints":{"allow":["GET"]}}],"collection":[{"href":"https:\/\/towels.cc\/sv\/wp-json\/wp\/v2\/product"}],"about":[{"href":"https:\/\/towels.cc\/sv\/wp-json\/wp\/v2\/types\/product"}],"wp:featuredmedia":[{"embeddable":true,"href":"https:\/\/towels.cc\/sv\/wp-json\/wp\/v2\/media\/12842"}],"wp:attachment":[{"href":"https:\/\/towels.cc\/sv\/wp-json\/wp\/v2\/media?parent=12841"}],"wp:term":[{"taxonomy":"product_brand","embeddable":true,"href":"https:\/\/towels.cc\/sv\/wp-json\/wp\/v2\/product_brand?post=12841"},{"taxonomy":"product_cat","embeddable":true,"href":"https:\/\/towels.cc\/sv\/wp-json\/wp\/v2\/product_cat?post=12841"},{"taxonomy":"product_tag","embeddable":true,"href":"https:\/\/towels.cc\/sv\/wp-json\/wp\/v2\/product_tag?post=12841"}],"curies":[{"name":"wp","href":"https:\/\/api.w.org\/{rel}","templated":true}]}}