{"id":12821,"date":"2024-04-19T13:28:44","date_gmt":"2024-04-19T13:28:44","guid":{"rendered":"https:\/\/towels.cc\/?post_type=product&#038;p=12821"},"modified":"2024-11-05T16:04:21","modified_gmt":"2024-11-05T16:04:21","slug":"personalized-cotton-sport-towel-embroidered-logo-cotton-towel","status":"publish","type":"product","link":"https:\/\/towels.cc\/sv\/produkt\/personalized-cotton-sport-towel-embroidered-logo-cotton-towel\/","title":{"rendered":"Personlig bomullshandduk med broderad logotyp i bomull"},"content":{"rendered":"<p>Towelscc \u00e4r en av de <a href=\"https:\/\/towels.cc\/sv\/cotton-towel\/\">leverant\u00f6rer av bomullshanddukar i Kina<\/a>.<\/p>\n<p>Denna personliga bomull <a href=\"https:\/\/towels.cc\/sv\/custom-rally-towel\/\">sport handduk<\/a> \u00e4r broderad JD-logotyp i 30x100cm storlek och 500GSM tjocklek i gr\u00e5 f\u00e4rg.<\/p>\n<p>Sporthandduk i bomullsfrott\u00e9 \u00e4r popul\u00e4r i Amerika och vissa europeiska l\u00e4nder p\u00e5 grund av dess komfort och mjukhet, goda vattenabsorberande, reng\u00f6r v\u00e5r hud snabbt n\u00e4r den m\u00f6ter vatten.<\/p>\n<p>1. Towelcc anv\u00e4nder h\u00f6gkvalitativ l\u00e5ngh\u00e4ftad bomull och finh\u00e4ftad bomull som huvudmaterial, med l\u00e5nga fibrer och bra kvalitet. Vi anv\u00e4nder inte billiga och l\u00e4tta att f\u00e4lla grovh\u00e4ftade bomullsmaterial f\u00f6r att s\u00e4kerst\u00e4lla kvaliteten.<\/p>\n<p>2. Towelcc anv\u00e4nder garn med h\u00f6gre antal f\u00f6r att f\u00e5 handdukarna att k\u00e4nnas \u00f6mt\u00e5ligare.<\/p>\n<p>3. Towelcc v\u00e4ljer den b\u00e4sta vridningen f\u00f6r att undvika handdukar som \u00e4r f\u00f6r styva eller f\u00f6r l\u00f6sa. Vi tillverkar till exempel inga handdukar med svag vridning, som \u00e4r mjuka men av medelkvalitet.<\/p>\n<p>4. Vi antar olika textila processer enligt behoven hos olika kunder. Dessutom anv\u00e4nder vi mycket h\u00f6g standard jacquard och skurna sammetsprocesser med fint hantverk.<\/p>\n<p>5. Handdukarna vi skr\u00e4ddarsyr f\u00f6r dig kommer att tryckas med logotyper eller grupper. Towelccs tryck- och f\u00e4rgningsprocess har inte bara h\u00f6g f\u00e4rgbest\u00e4ndighet, utan har ocks\u00e5 liten skada p\u00e5 bomullsfibrer, och de f\u00e4rdiga produkterna \u00e4r rika p\u00e5 f\u00e4rg.<\/p>\n<p>6. Om du beh\u00f6ver m\u00f6nsterbroderitj\u00e4nster har Towelccs arbetare ett mycket fint broderihantverk, med snygga s\u00f6mmar, tydliga m\u00f6nster, sl\u00e4ta kanter och mycket vackert.<\/p>","protected":false},"excerpt":{"rendered":"<p><strong>Material:<\/strong> bomullsfrott\u00e9 21S\/2<br \/>\n<strong>Teknik:<\/strong> V\u00e4vd, platt, broderilogotyp<br \/>\n<strong>Tjocklek:<\/strong> 450GSM<br \/>\n<strong>Sammans\u00e4ttning:<\/strong> 100% bomull<br \/>\n<strong>Handduksstorlek:<\/strong> 30x100cm<br \/>\n<strong>F\u00f6rdel:<\/strong> Luddfritt, mjukt och bekv\u00e4mt, blekfritt, unikt m\u00f6nster kan tv\u00e4ttas i maskin,<br \/>\n<strong>Vilken plats kan du anv\u00e4nda?<\/strong><br \/>\ngolf, sport, resor, kl\u00e4ttring i berg, varp i gymmet, torrkropp f\u00f6r fitness, reklampresent<br \/>\n<strong>Anpassningsalternativ:<\/strong><br \/>\nlogotyp: broderilogotyp<br \/>\npaket: presentf\u00f6rpackning \/ opp polybag<\/p>","protected":false},"featured_media":0,"template":"","meta":{"_seopress_robots_primary_cat":"none","_seopress_titles_title":"","_seopress_titles_desc":"","_seopress_robots_index":""},"product_brand":[],"product_cat":[55,49],"product_tag":[],"class_list":{"0":"post-12821","1":"product","2":"type-product","3":"status-publish","5":"product_cat-cotton-towel","6":"product_cat-gym-towel","8":"first","9":"instock","10":"shipping-taxable","11":"product-type-simple"},"_links":{"self":[{"href":"https:\/\/towels.cc\/sv\/wp-json\/wp\/v2\/product\/12821","targetHints":{"allow":["GET"]}}],"collection":[{"href":"https:\/\/towels.cc\/sv\/wp-json\/wp\/v2\/product"}],"about":[{"href":"https:\/\/towels.cc\/sv\/wp-json\/wp\/v2\/types\/product"}],"wp:attachment":[{"href":"https:\/\/towels.cc\/sv\/wp-json\/wp\/v2\/media?parent=12821"}],"wp:term":[{"taxonomy":"product_brand","embeddable":true,"href":"https:\/\/towels.cc\/sv\/wp-json\/wp\/v2\/product_brand?post=12821"},{"taxonomy":"product_cat","embeddable":true,"href":"https:\/\/towels.cc\/sv\/wp-json\/wp\/v2\/product_cat?post=12821"},{"taxonomy":"product_tag","embeddable":true,"href":"https:\/\/towels.cc\/sv\/wp-json\/wp\/v2\/product_tag?post=12821"}],"curies":[{"name":"wp","href":"https:\/\/api.w.org\/{rel}","templated":true}]}}