{"id":12796,"date":"2024-04-19T13:09:58","date_gmt":"2024-04-19T13:09:58","guid":{"rendered":"https:\/\/towels.cc\/?post_type=product&#038;p=12796"},"modified":"2024-11-05T15:32:07","modified_gmt":"2024-11-05T15:32:07","slug":"custom-printed-microfiber-water-absorbent-promotional-gym-towel-for-fedex","status":"publish","type":"product","link":"https:\/\/towels.cc\/sv\/produkt\/custom-printed-microfiber-water-absorbent-promotional-gym-towel-for-fedex\/","title":{"rendered":"Superbekv\u00e4m gymhandduk i bomull i velour"},"content":{"rendered":"<p>Som ledande <a href=\"https:\/\/towels.cc\/sv\/gym-towel\/\">tillverkare av sporthanddukar i bomull<\/a> i Kina str\u00e4var vi efter kvalitetstextur, stickat tyg och tryckhantverk i h\u00f6gteknologi.<\/p>\n<p>Alla v\u00e5ra <a href=\"https:\/\/towels.cc\/sv\/cotton-towel\/\">bomullshanddukar<\/a> \u00e4r gjorda av AAA-niv\u00e5 bomullsgarn f\u00f6r att g\u00f6ra m\u00e4nniskor glada och njuta av ett gott liv.<\/p>","protected":false},"excerpt":{"rendered":"<p><strong>Material:<\/strong> bomullsfrott\u00e9 21S\/2<br \/>\n<strong>Teknik:<\/strong> V\u00e4vd, platt logotyp med reaktivt tryck<br \/>\n<strong>Tjocklek:<\/strong> 400GSM<br \/>\n<strong>Sammans\u00e4ttning:<\/strong> 100% bomull<br \/>\n<strong>Handduksstorlek:<\/strong> 35x75 cm<br \/>\n<strong>F\u00f6rdel:<\/strong> Luddfritt, mjukt och bekv\u00e4mt, blekfritt, unikt m\u00f6nster kan tv\u00e4ttas i maskin,<br \/>\n<strong>Vilken plats kan du anv\u00e4nda?<\/strong><br \/>\ngolf, sport, resor, kl\u00e4ttring i berg, varp i gymmet, torrkropp f\u00f6r fitness, reklampresent<br \/>\n<strong>Anpassningsalternativ:<\/strong><br \/>\nlogotyp: broderilogotyp<br \/>\npaket: presentf\u00f6rpackning \/ opp polybag<\/p>","protected":false},"featured_media":12805,"template":"","meta":{"_seopress_robots_primary_cat":"none","_seopress_titles_title":"","_seopress_titles_desc":"","_seopress_robots_index":""},"product_brand":[],"product_cat":[49],"product_tag":[],"class_list":{"0":"post-12796","1":"product","2":"type-product","3":"status-publish","4":"has-post-thumbnail","6":"product_cat-gym-towel","8":"first","9":"instock","10":"shipping-taxable","11":"product-type-simple"},"_links":{"self":[{"href":"https:\/\/towels.cc\/sv\/wp-json\/wp\/v2\/product\/12796","targetHints":{"allow":["GET"]}}],"collection":[{"href":"https:\/\/towels.cc\/sv\/wp-json\/wp\/v2\/product"}],"about":[{"href":"https:\/\/towels.cc\/sv\/wp-json\/wp\/v2\/types\/product"}],"wp:featuredmedia":[{"embeddable":true,"href":"https:\/\/towels.cc\/sv\/wp-json\/wp\/v2\/media\/12805"}],"wp:attachment":[{"href":"https:\/\/towels.cc\/sv\/wp-json\/wp\/v2\/media?parent=12796"}],"wp:term":[{"taxonomy":"product_brand","embeddable":true,"href":"https:\/\/towels.cc\/sv\/wp-json\/wp\/v2\/product_brand?post=12796"},{"taxonomy":"product_cat","embeddable":true,"href":"https:\/\/towels.cc\/sv\/wp-json\/wp\/v2\/product_cat?post=12796"},{"taxonomy":"product_tag","embeddable":true,"href":"https:\/\/towels.cc\/sv\/wp-json\/wp\/v2\/product_tag?post=12796"}],"curies":[{"name":"wp","href":"https:\/\/api.w.org\/{rel}","templated":true}]}}