{"id":12787,"date":"2024-04-19T13:05:16","date_gmt":"2024-04-19T13:05:16","guid":{"rendered":"https:\/\/towels.cc\/?post_type=product&#038;p=12787"},"modified":"2024-11-05T15:32:34","modified_gmt":"2024-11-05T15:32:34","slug":"quick-drying-light-weight-aquis-adventure-microfiber-towel","status":"publish","type":"product","link":"https:\/\/towels.cc\/sv\/produkt\/quick-drying-light-weight-aquis-adventure-microfiber-towel\/","title":{"rendered":"Snabbtorkande l\u00e4ttvikts aquis adventure mikrofiberhandduk"},"content":{"rendered":"<p>\u00c4ventyret om regelverket <a href=\"https:\/\/towels.cc\/sv\/microfiber-towel\/\">mikrofiberhandduk<\/a> \u00e4r tillverkad i mockamikrofibermaterial 200GSM, l\u00e4tt och snabbtorkande f\u00f6r camping eller resor, antibakteriell, luddfri och en \u00f6gla f\u00f6r att enkelt h\u00e4nga ut.<\/p>","protected":false},"excerpt":{"rendered":"<p><strong>Material:<\/strong> mocka mikrofiber<br \/>\n<strong>Teknik:<\/strong> V\u00e4vd, platt, ingen logotyp<br \/>\n<strong>Tjocklek:<\/strong> 200GSM<br \/>\n<strong>Sammans\u00e4ttning:<\/strong> 80% polyester+20%polyamid<br \/>\n<strong>Handduksstorlek:<\/strong> 60x120 cm<br \/>\n<strong>F\u00f6rdel:<\/strong> Luddfritt, mjukt och bekv\u00e4mt, blekfritt, unikt m\u00f6nster kan tv\u00e4ttas i maskin,\u00a0<strong>Vilken plats kan du anv\u00e4nda?<\/strong><br \/>\ngolf, sport, utflykt, p\u00e5 stranden, simning, kl\u00e4ttring i berg, varvning av gym, torrkropp f\u00f6r fitness, reklampresent<\/p>\n<p><strong>Anpassningsalternativ:<\/strong><br \/>\nlogotyp: sublimationstryck\/silkscreentryck\/broderilogotyp<br \/>\npaket: presentf\u00f6rpackning \/ opp polybag<\/p>","protected":false},"featured_media":12791,"template":"","meta":{"_seopress_robots_primary_cat":"none","_seopress_titles_title":"","_seopress_titles_desc":"","_seopress_robots_index":""},"product_brand":[],"product_cat":[49],"product_tag":[],"class_list":{"0":"post-12787","1":"product","2":"type-product","3":"status-publish","4":"has-post-thumbnail","6":"product_cat-gym-towel","8":"first","9":"instock","10":"shipping-taxable","11":"product-type-simple"},"_links":{"self":[{"href":"https:\/\/towels.cc\/sv\/wp-json\/wp\/v2\/product\/12787","targetHints":{"allow":["GET"]}}],"collection":[{"href":"https:\/\/towels.cc\/sv\/wp-json\/wp\/v2\/product"}],"about":[{"href":"https:\/\/towels.cc\/sv\/wp-json\/wp\/v2\/types\/product"}],"wp:featuredmedia":[{"embeddable":true,"href":"https:\/\/towels.cc\/sv\/wp-json\/wp\/v2\/media\/12791"}],"wp:attachment":[{"href":"https:\/\/towels.cc\/sv\/wp-json\/wp\/v2\/media?parent=12787"}],"wp:term":[{"taxonomy":"product_brand","embeddable":true,"href":"https:\/\/towels.cc\/sv\/wp-json\/wp\/v2\/product_brand?post=12787"},{"taxonomy":"product_cat","embeddable":true,"href":"https:\/\/towels.cc\/sv\/wp-json\/wp\/v2\/product_cat?post=12787"},{"taxonomy":"product_tag","embeddable":true,"href":"https:\/\/towels.cc\/sv\/wp-json\/wp\/v2\/product_tag?post=12787"}],"curies":[{"name":"wp","href":"https:\/\/api.w.org\/{rel}","templated":true}]}}