{"id":12779,"date":"2024-04-19T13:00:33","date_gmt":"2024-04-19T13:00:33","guid":{"rendered":"https:\/\/towels.cc\/?post_type=product&#038;p=12779"},"modified":"2024-11-05T15:33:17","modified_gmt":"2024-11-05T15:33:17","slug":"custom-woven-logo-label-lint-free-and-anti-baterial-microfiber-gym-towel-with-zipper-2","status":"publish","type":"product","link":"https:\/\/towels.cc\/sv\/produkt\/custom-woven-logo-label-lint-free-and-anti-baterial-microfiber-gym-towel-with-zipper-2\/","title":{"rendered":"Anpassad-v\u00e4vd-logo-etikett-luddfri-och-anti-bateriell-mikrofiber-gym-handduk-med-dragkedja-2"},"content":{"rendered":"<p>Vi fokuserar p\u00e5\u00a0<a href=\"https:\/\/towels.cc\/sv\/gym-towel\/\">gymhandduk i mikrofiber<\/a> med dragkedja och ficka, l\u00e4gg till en v\u00e4vd etikett p\u00e5 framsidan av handduken, komfort och mjuk textur p\u00e5 huden, v\u00e4xtf\u00e4rgningshandduk \u00e4r s\u00e4ker f\u00f6r m\u00e4nniskokroppen, antimaterial och snabbtorkande f\u00f6r gym\u00e4lskare.<\/p>\n<p>Blixtl\u00e5set kan l\u00e5sa fickan och det \u00e4r mycket bekv\u00e4mt f\u00f6r oss att l\u00e4gga n\u00e5gra personliga saker inuti. V\u00e5r fabrik varmt v\u00e4lkomna <a href=\"https:\/\/towels.cc\/sv\/gym-towel\/\">skr\u00e4ddarsydd gymhandduk<\/a> best\u00e4ll och bes\u00f6k oss n\u00e4r som helst!<\/p>","protected":false},"excerpt":{"rendered":"<p><strong>Material:\u00a0<\/strong> mikrofiber<br \/>\n<strong>Teknik:<\/strong> V\u00e4vd, platt, v\u00e4vd logotypetikett<br \/>\n<strong>Tjocklek:<\/strong> 280GSM<br \/>\n<strong>Sammans\u00e4ttning:<\/strong> 100% polyester<br \/>\n<strong>Handduksstorlek:<\/strong> 40x80cm, Fickstorlek: 28x28cm<br \/>\n<strong>F\u00f6rdel:<\/strong> Luddfritt, antimaterial, mjukt och bekv\u00e4mt, blekfritt, unikt m\u00f6nster kan tv\u00e4ttas i maskin,<br \/>\n<strong>Vilken plats kan du anv\u00e4nda?<\/strong><br \/>\ngolf, sport, kl\u00e4ttring i berg, gym, l\u00f6pning, jogging, fitness, kampanjpresent<br \/>\n<strong>Anpassningsalternativ:<\/strong><br \/>\nlogotyp: sublimationstryck\/silkscreentryck\/broderilogotyp<br \/>\npaket: presentf\u00f6rpackning \/ opp polybag<\/p>","protected":false},"featured_media":12780,"template":"","meta":{"_seopress_robots_primary_cat":"none","_seopress_titles_title":"","_seopress_titles_desc":"","_seopress_robots_index":""},"product_brand":[],"product_cat":[49,34],"product_tag":[],"class_list":{"0":"post-12779","1":"product","2":"type-product","3":"status-publish","4":"has-post-thumbnail","6":"product_cat-gym-towel","7":"product_cat-microfiber-towel","9":"first","10":"instock","11":"shipping-taxable","12":"product-type-simple"},"_links":{"self":[{"href":"https:\/\/towels.cc\/sv\/wp-json\/wp\/v2\/product\/12779","targetHints":{"allow":["GET"]}}],"collection":[{"href":"https:\/\/towels.cc\/sv\/wp-json\/wp\/v2\/product"}],"about":[{"href":"https:\/\/towels.cc\/sv\/wp-json\/wp\/v2\/types\/product"}],"wp:featuredmedia":[{"embeddable":true,"href":"https:\/\/towels.cc\/sv\/wp-json\/wp\/v2\/media\/12780"}],"wp:attachment":[{"href":"https:\/\/towels.cc\/sv\/wp-json\/wp\/v2\/media?parent=12779"}],"wp:term":[{"taxonomy":"product_brand","embeddable":true,"href":"https:\/\/towels.cc\/sv\/wp-json\/wp\/v2\/product_brand?post=12779"},{"taxonomy":"product_cat","embeddable":true,"href":"https:\/\/towels.cc\/sv\/wp-json\/wp\/v2\/product_cat?post=12779"},{"taxonomy":"product_tag","embeddable":true,"href":"https:\/\/towels.cc\/sv\/wp-json\/wp\/v2\/product_tag?post=12779"}],"curies":[{"name":"wp","href":"https:\/\/api.w.org\/{rel}","templated":true}]}}