{"id":12760,"date":"2024-04-19T12:42:39","date_gmt":"2024-04-19T12:42:39","guid":{"rendered":"https:\/\/towels.cc\/?post_type=product&#038;p=12760"},"modified":"2024-11-05T15:34:50","modified_gmt":"2024-11-05T15:34:50","slug":"full-colors-sublimation-printed-microfiber-yoga-towel-china-manufacturer","status":"publish","type":"product","link":"https:\/\/towels.cc\/sv\/produkt\/full-colors-sublimation-printed-microfiber-yoga-towel-china-manufacturer\/","title":{"rendered":"Fullf\u00e4rgssublimeringstryckt mikrofiber yogahandduk Kina tillverkare"},"content":{"rendered":"<p><a href=\"https:\/\/towels.cc\/sv\/yoga-towel\/\">Yoga handduk Kina tillverkare<\/a> med <a href=\"https:\/\/towels.cc\/sv\/microfiber-towel\/\">kvalitetsmikrofiber<\/a>, h\u00f6gteknologi och hantverk, v\u00e4vning av polyester och nylon, konkurrenskraftigt grossistpris och ett \u00e5rs garantipolicy.<\/p>\n<p>Vi levererar yogahanddukar till vissa Amazon stors\u00e4ljare!<\/p>","protected":false},"excerpt":{"rendered":"<p><strong>Material:<\/strong> frott\u00e9 mikrofiber<br \/>\n<strong>Teknisk:<\/strong> V\u00e4vd, platt, sublimationstryckt logotyp<br \/>\n<strong>Tjocklek:<\/strong> 300GSM<br \/>\n<strong>Sammans\u00e4ttning:<\/strong> 80% polyester + 20% polyamid<br \/>\n<strong>Handduksstorlek:<\/strong> 183x61 cm<br \/>\n<strong>F\u00f6rdel:<\/strong> Luddfritt, extra l\u00e5ng storlek, snabbtorkande, mjukt och bekv\u00e4mt, blekfritt, unikt m\u00f6nster kan tv\u00e4ttas i maskin,<br \/>\n<strong>Vilken plats kan du anv\u00e4nda?<\/strong><br \/>\nyoga, sport, kl\u00e4ttring i berg, gymtorkning, simning, camping, bad, p\u00e5 stranden, torrkropp f\u00f6r fitness, reklampresent<br \/>\n<strong>Anpassningsalternativ:<\/strong><br \/>\nlogotyp: sublimationstryck\/silkscreentryck\/broderilogotyp<br \/>\npaket: presentf\u00f6rpackning \/ opp polybag<\/p>","protected":false},"featured_media":12761,"template":"","meta":{"_seopress_robots_primary_cat":"none","_seopress_titles_title":"","_seopress_titles_desc":"","_seopress_robots_index":""},"product_brand":[],"product_cat":[50],"product_tag":[],"class_list":{"0":"post-12760","1":"product","2":"type-product","3":"status-publish","4":"has-post-thumbnail","6":"product_cat-yoga-towel","8":"first","9":"instock","10":"shipping-taxable","11":"product-type-simple"},"_links":{"self":[{"href":"https:\/\/towels.cc\/sv\/wp-json\/wp\/v2\/product\/12760","targetHints":{"allow":["GET"]}}],"collection":[{"href":"https:\/\/towels.cc\/sv\/wp-json\/wp\/v2\/product"}],"about":[{"href":"https:\/\/towels.cc\/sv\/wp-json\/wp\/v2\/types\/product"}],"wp:featuredmedia":[{"embeddable":true,"href":"https:\/\/towels.cc\/sv\/wp-json\/wp\/v2\/media\/12761"}],"wp:attachment":[{"href":"https:\/\/towels.cc\/sv\/wp-json\/wp\/v2\/media?parent=12760"}],"wp:term":[{"taxonomy":"product_brand","embeddable":true,"href":"https:\/\/towels.cc\/sv\/wp-json\/wp\/v2\/product_brand?post=12760"},{"taxonomy":"product_cat","embeddable":true,"href":"https:\/\/towels.cc\/sv\/wp-json\/wp\/v2\/product_cat?post=12760"},{"taxonomy":"product_tag","embeddable":true,"href":"https:\/\/towels.cc\/sv\/wp-json\/wp\/v2\/product_tag?post=12760"}],"curies":[{"name":"wp","href":"https:\/\/api.w.org\/{rel}","templated":true}]}}