{"id":12749,"date":"2024-04-19T12:35:25","date_gmt":"2024-04-19T12:35:25","guid":{"rendered":"https:\/\/towels.cc\/?post_type=product&#038;p=12749"},"modified":"2024-11-05T15:35:11","modified_gmt":"2024-11-05T15:35:11","slug":"customize-waffle-printed-yoga-towel-with-loop-for-hang-out","status":"publish","type":"product","link":"https:\/\/towels.cc\/sv\/produkt\/customize-waffle-printed-yoga-towel-with-loop-for-hang-out\/","title":{"rendered":"Skr\u00e4ddarsy v\u00e5ffeltryckt yogahandduk med \u00f6gla f\u00f6r h\u00e4ng"},"content":{"rendered":"<p>Vi \u00e4r bra p\u00e5 <a href=\"https:\/\/towels.cc\/sv\/microfiber-towel\/\">skr\u00e4ddarsy yogahandduk med v\u00e5ffeltryck i mikrofiber<\/a> i polyester- och nylonmaterial, en svart tygkrok f\u00f6r upph\u00e4ngning efter yogaklasser, mycket snabb torkning, v\u00e4xtf\u00e4rg och sublimering tryckt inte skadligt f\u00f6r m\u00e4nsklig hud.<\/p>","protected":false},"excerpt":{"rendered":"<p><strong>Material:<\/strong> v\u00e5fflor mikrofiber<br \/>\n<strong>Teknisk:<\/strong> V\u00e4vd, platt, sublimationstryckt logotyp<br \/>\n<strong>Tjocklek:<\/strong> 360GSM<br \/>\n<strong>Sammans\u00e4ttning:<\/strong> 80% polyester+20%polyamid<br \/>\n<strong>Handduksstorlek:<\/strong> 24\u00d772 tum<br \/>\n<strong>F\u00f6rdel:<\/strong> x Luddfritt, tv\u00e5sidigt tryckt, halkfritt, mjukt och bekv\u00e4mt, blekfritt, unikt m\u00f6nster kan tv\u00e4ttas i maskin<\/p>","protected":false},"featured_media":12753,"template":"","meta":{"_seopress_robots_primary_cat":"none","_seopress_titles_title":"","_seopress_titles_desc":"","_seopress_robots_index":""},"product_brand":[],"product_cat":[31,50],"product_tag":[],"class_list":{"0":"post-12749","1":"product","2":"type-product","3":"status-publish","4":"has-post-thumbnail","6":"product_cat-all-towels","7":"product_cat-yoga-towel","9":"first","10":"instock","11":"shipping-taxable","12":"product-type-simple"},"_links":{"self":[{"href":"https:\/\/towels.cc\/sv\/wp-json\/wp\/v2\/product\/12749","targetHints":{"allow":["GET"]}}],"collection":[{"href":"https:\/\/towels.cc\/sv\/wp-json\/wp\/v2\/product"}],"about":[{"href":"https:\/\/towels.cc\/sv\/wp-json\/wp\/v2\/types\/product"}],"wp:featuredmedia":[{"embeddable":true,"href":"https:\/\/towels.cc\/sv\/wp-json\/wp\/v2\/media\/12753"}],"wp:attachment":[{"href":"https:\/\/towels.cc\/sv\/wp-json\/wp\/v2\/media?parent=12749"}],"wp:term":[{"taxonomy":"product_brand","embeddable":true,"href":"https:\/\/towels.cc\/sv\/wp-json\/wp\/v2\/product_brand?post=12749"},{"taxonomy":"product_cat","embeddable":true,"href":"https:\/\/towels.cc\/sv\/wp-json\/wp\/v2\/product_cat?post=12749"},{"taxonomy":"product_tag","embeddable":true,"href":"https:\/\/towels.cc\/sv\/wp-json\/wp\/v2\/product_tag?post=12749"}],"curies":[{"name":"wp","href":"https:\/\/api.w.org\/{rel}","templated":true}]}}