{"id":12739,"date":"2024-04-19T12:29:51","date_gmt":"2024-04-19T12:29:51","guid":{"rendered":"https:\/\/towels.cc\/?post_type=product&#038;p=12739"},"modified":"2024-11-05T15:35:39","modified_gmt":"2024-11-05T15:35:39","slug":"antibaterial-ants-microfiber-yoga-towels","status":"publish","type":"product","link":"https:\/\/towels.cc\/sv\/produkt\/antibaterial-ants-microfiber-yoga-towels\/","title":{"rendered":"Antibaterial myror yogahanddukar i mikrofiber"},"content":{"rendered":"<p>Det \u00e4r vi <a href=\"https:\/\/towels.cc\/sv\/yoga-towel\/\">yogahanddukar<\/a> hudl\u00f6s leverant\u00f6r och tillverkar halkskydd, antimaterial, inga blekta och luddfria funktionella kvalitetshanddukar f\u00f6r yogasport\u00e4lskare, tillg\u00e4ngliga m\u00f6nster i t\u00e4vlingspris i mer \u00e4n 12 \u00e5r.<\/p>","protected":false},"excerpt":{"rendered":"<p><strong>Material:<\/strong> tjock myrmikrofiber<br \/>\n<strong>Teknisk:<\/strong> V\u00e4vd, platt, stickad,<br \/>\n<strong>Tjocklek:<\/strong> 420GSM<br \/>\n<strong>Sammans\u00e4ttning:<\/strong> 80% polyester + 20% polyamid<br \/>\n<strong>Handduksstorlek:<\/strong>183x67 cm<br \/>\n<strong>F\u00f6rdel:<\/strong> Luddfritt, snabbtorkande, kompakt storlek, mjukt och bekv\u00e4mt, blekfritt, unikt m\u00f6nster kan tv\u00e4ttas i maskin.<\/p>","protected":false},"featured_media":12740,"template":"","meta":{"_seopress_robots_primary_cat":"none","_seopress_titles_title":"","_seopress_titles_desc":"","_seopress_robots_index":""},"product_brand":[],"product_cat":[50],"product_tag":[],"class_list":{"0":"post-12739","1":"product","2":"type-product","3":"status-publish","4":"has-post-thumbnail","6":"product_cat-yoga-towel","8":"first","9":"instock","10":"shipping-taxable","11":"product-type-simple"},"_links":{"self":[{"href":"https:\/\/towels.cc\/sv\/wp-json\/wp\/v2\/product\/12739","targetHints":{"allow":["GET"]}}],"collection":[{"href":"https:\/\/towels.cc\/sv\/wp-json\/wp\/v2\/product"}],"about":[{"href":"https:\/\/towels.cc\/sv\/wp-json\/wp\/v2\/types\/product"}],"wp:featuredmedia":[{"embeddable":true,"href":"https:\/\/towels.cc\/sv\/wp-json\/wp\/v2\/media\/12740"}],"wp:attachment":[{"href":"https:\/\/towels.cc\/sv\/wp-json\/wp\/v2\/media?parent=12739"}],"wp:term":[{"taxonomy":"product_brand","embeddable":true,"href":"https:\/\/towels.cc\/sv\/wp-json\/wp\/v2\/product_brand?post=12739"},{"taxonomy":"product_cat","embeddable":true,"href":"https:\/\/towels.cc\/sv\/wp-json\/wp\/v2\/product_cat?post=12739"},{"taxonomy":"product_tag","embeddable":true,"href":"https:\/\/towels.cc\/sv\/wp-json\/wp\/v2\/product_tag?post=12739"}],"curies":[{"name":"wp","href":"https:\/\/api.w.org\/{rel}","templated":true}]}}