{"id":11281,"date":"2024-03-30T05:30:44","date_gmt":"2024-03-30T05:30:44","guid":{"rendered":"https:\/\/towels.cc\/?post_type=product&#038;p=11281"},"modified":"2024-11-05T15:36:48","modified_gmt":"2024-11-05T15:36:48","slug":"suede-microfiber-beach-towel-with-loop-and-mesh-bag-180x90cm","status":"publish","type":"product","link":"https:\/\/towels.cc\/sv\/produkt\/suede-microfiber-beach-towel-with-loop-and-mesh-bag-180x90cm\/","title":{"rendered":"Strandhandduk i mocka mikrofiber med \u00f6gla och n\u00e4tp\u00e5se 180x90cm"},"content":{"rendered":"<p>200GSM polyester och polyamidmocka <a href=\"https:\/\/towels.cc\/sv\/beach-towel\/\">strandhandduk i mikrofiber<\/a> med en \u00f6gla f\u00f6r upph\u00e4ngning, en n\u00e4tv\u00e4ska f\u00f6r enkel att b\u00e4ra och kompakt storlek, 180x90 cm stor storlek en magi f\u00f6r snabb torr och ren hud p\u00e5 stranden.<\/p>","protected":false},"excerpt":{"rendered":"<p><strong>Material:<\/strong> mocka mikrofiber<br \/>\n<strong>Teknisk:<\/strong> V\u00e4vd, platt logotyp med silkscreentryck p\u00e5 meshv\u00e4ska<br \/>\n<strong>Tjocklek:<\/strong> 200GSM<br \/>\n<strong>Sammans\u00e4ttning:<\/strong> 80% polyester+20%polyamid<br \/>\n<strong>Handduksstorlek:<\/strong> 180\u00d790 cm<br \/>\n<strong>F\u00f6rdel:<\/strong> Luddfritt, antisand, antibakteriellt, vattent\u00e4tt, mjukt och bekv\u00e4mt, blekfritt, unikt m\u00f6nster kan tv\u00e4ttas i maskin,<br \/>\n<strong>Vilken plats kan du anv\u00e4nda?<\/strong><br \/>\np\u00e5 stranden, sport, kl\u00e4ttring i berg, avtorkning av gym, torr kropp, utflykt, reklampresent<\/p>","protected":false},"featured_media":11283,"template":"","meta":{"_seopress_robots_primary_cat":"none","_seopress_titles_title":"","_seopress_titles_desc":"","_seopress_robots_index":""},"product_brand":[],"product_cat":[33,34],"product_tag":[],"class_list":{"0":"post-11281","1":"product","2":"type-product","3":"status-publish","4":"has-post-thumbnail","6":"product_cat-beach-towel","7":"product_cat-microfiber-towel","9":"first","10":"instock","11":"shipping-taxable","12":"product-type-simple"},"_links":{"self":[{"href":"https:\/\/towels.cc\/sv\/wp-json\/wp\/v2\/product\/11281","targetHints":{"allow":["GET"]}}],"collection":[{"href":"https:\/\/towels.cc\/sv\/wp-json\/wp\/v2\/product"}],"about":[{"href":"https:\/\/towels.cc\/sv\/wp-json\/wp\/v2\/types\/product"}],"wp:featuredmedia":[{"embeddable":true,"href":"https:\/\/towels.cc\/sv\/wp-json\/wp\/v2\/media\/11283"}],"wp:attachment":[{"href":"https:\/\/towels.cc\/sv\/wp-json\/wp\/v2\/media?parent=11281"}],"wp:term":[{"taxonomy":"product_brand","embeddable":true,"href":"https:\/\/towels.cc\/sv\/wp-json\/wp\/v2\/product_brand?post=11281"},{"taxonomy":"product_cat","embeddable":true,"href":"https:\/\/towels.cc\/sv\/wp-json\/wp\/v2\/product_cat?post=11281"},{"taxonomy":"product_tag","embeddable":true,"href":"https:\/\/towels.cc\/sv\/wp-json\/wp\/v2\/product_tag?post=11281"}],"curies":[{"name":"wp","href":"https:\/\/api.w.org\/{rel}","templated":true}]}}