{"id":11275,"date":"2024-03-30T05:28:09","date_gmt":"2024-03-30T05:28:09","guid":{"rendered":"https:\/\/towels.cc\/?post_type=product&#038;p=11275"},"modified":"2024-11-05T15:37:06","modified_gmt":"2024-11-05T15:37:06","slug":"sand-free-and-fast-drying-light-weight-microfiber-beach-towel","status":"publish","type":"product","link":"https:\/\/towels.cc\/sv\/produkt\/sand-free-and-fast-drying-light-weight-microfiber-beach-towel\/","title":{"rendered":"Sandfri och snabbtorkande l\u00e4ttviktig strandhandduk i mikrofiber"},"content":{"rendered":"<p>Det \u00e4r vi <a href=\"https:\/\/towels.cc\/sv\/beach-towel\/\">mikrofiber strandhandduk f\u00f6rs\u00e4ljning fabrik<\/a> i Kina, leverera h\u00f6gkvalitativa strandhanddukar med l\u00e5g vikt och sandfri textur i m\u00e5nga \u00e5r.<\/p>\n<p>Denna strandhandduk i mocka i mikrofiber med \u00f6gla f\u00f6r att h\u00e4nga och l\u00e4tt att b\u00e4ra.<\/p>","protected":false},"excerpt":{"rendered":"<p><strong>Material:<\/strong> mocka mikrofiber<br \/>\n<strong>Teknisk:<\/strong> V\u00e4vd, platt, stickad, digitaltryckt logotyp<br \/>\n<strong>Tjocklek:<\/strong> 200GSM<br \/>\n<strong>Sammans\u00e4ttning:<\/strong> 80% polyester + 20% polyamid<br \/>\n<strong>Handduksstorlek:<\/strong>70x140 cm<br \/>\n<strong>F\u00f6rdel:<\/strong> Luddfritt, sandfritt, snabbtorkande, kompakt storlek, mjukt och bekv\u00e4mt, blekfritt, unikt m\u00f6nster kan tv\u00e4ttas i maskin,<br \/>\n<strong>Vilken plats kan du anv\u00e4nda?<\/strong><br \/>\ncamping, resor, simning, p\u00e5 stranden, bad, sport, pool, reklampresent<\/p>","protected":false},"featured_media":11277,"template":"","meta":{"_seopress_robots_primary_cat":"none","_seopress_titles_title":"","_seopress_titles_desc":"","_seopress_robots_index":""},"product_brand":[],"product_cat":[33,34],"product_tag":[],"class_list":{"0":"post-11275","1":"product","2":"type-product","3":"status-publish","4":"has-post-thumbnail","6":"product_cat-beach-towel","7":"product_cat-microfiber-towel","9":"first","10":"instock","11":"shipping-taxable","12":"product-type-simple"},"_links":{"self":[{"href":"https:\/\/towels.cc\/sv\/wp-json\/wp\/v2\/product\/11275","targetHints":{"allow":["GET"]}}],"collection":[{"href":"https:\/\/towels.cc\/sv\/wp-json\/wp\/v2\/product"}],"about":[{"href":"https:\/\/towels.cc\/sv\/wp-json\/wp\/v2\/types\/product"}],"wp:featuredmedia":[{"embeddable":true,"href":"https:\/\/towels.cc\/sv\/wp-json\/wp\/v2\/media\/11277"}],"wp:attachment":[{"href":"https:\/\/towels.cc\/sv\/wp-json\/wp\/v2\/media?parent=11275"}],"wp:term":[{"taxonomy":"product_brand","embeddable":true,"href":"https:\/\/towels.cc\/sv\/wp-json\/wp\/v2\/product_brand?post=11275"},{"taxonomy":"product_cat","embeddable":true,"href":"https:\/\/towels.cc\/sv\/wp-json\/wp\/v2\/product_cat?post=11275"},{"taxonomy":"product_tag","embeddable":true,"href":"https:\/\/towels.cc\/sv\/wp-json\/wp\/v2\/product_tag?post=11275"}],"curies":[{"name":"wp","href":"https:\/\/api.w.org\/{rel}","templated":true}]}}