{"id":11262,"date":"2024-03-29T18:11:21","date_gmt":"2024-03-29T18:11:21","guid":{"rendered":"https:\/\/towels.cc\/?post_type=product&#038;p=11262"},"modified":"2024-11-05T15:37:46","modified_gmt":"2024-11-05T15:37:46","slug":"24x68-inch-waffle-microfiber-anti-slip-lint-free-quick-dry-yoga-towel-wholesale","status":"publish","type":"product","link":"https:\/\/towels.cc\/sv\/produkt\/24x68-inch-waffle-microfiber-anti-slip-lint-free-quick-dry-yoga-towel-wholesale\/","title":{"rendered":"24\u00d768 tums v\u00e5ffla mikrofiber antislip luddfri snabbtorkande yogahandduk i grossistledet"},"content":{"rendered":"<p>P\u00e5 senare tid har fler och fler m\u00e4nniskor \u00e4r sugna p\u00e5 yogasporter, och en bra antislip luddfri snabbtorkande <a href=\"https:\/\/towels.cc\/sv\/yoga-towel\/\">yogahandduk<\/a> \u00e4r n\u00f6dv\u00e4ndigt och viktigt f\u00f6r oss.<\/p>\n<p>towelscc \u00e4r ett proffs \u00a0<a href=\"https:\/\/towels.cc\/sv\/yoga-towel\/\">yogahandduk grossist och tillverkare<\/a> mer \u00e4n 12 \u00e5r i Kina accepterar vi anpassa och designa yogahandduksl\u00f6sningar f\u00f6r OEM- och ODM-best\u00e4llningar.<\/p>","protected":false},"excerpt":{"rendered":"<p><strong>Material:<\/strong> v\u00e5fflor mikrofiber<br \/>\n<strong>Teknisk:<\/strong> V\u00e4vd, platt logotyp med digitalt tryck<br \/>\n<strong>Tjocklek:<\/strong> 360GSM<br \/>\n<strong>Sammans\u00e4ttning:<\/strong> 80% polyester+20%polyamid<br \/>\n<strong>Handduksstorlek:<\/strong> 24\u00d768 tum<br \/>\n<strong>F\u00f6rdel:<\/strong> Luddfritt, mjukt och bekv\u00e4mt, blekfritt, unikt m\u00f6nster kan tv\u00e4ttas i maskin,<br \/>\n<strong>Vilken plats kan du anv\u00e4nda?<\/strong><br \/>\ngolf, sport, yoga, bad, simning, kl\u00e4ttring i berg, avtorkning av gym, torrkropp f\u00f6r fitness, reklampresent<\/p>","protected":false},"featured_media":11264,"template":"","meta":{"_seopress_robots_primary_cat":"none","_seopress_titles_title":"","_seopress_titles_desc":"","_seopress_robots_index":""},"product_brand":[],"product_cat":[34,59,50],"product_tag":[],"class_list":{"0":"post-11262","1":"product","2":"type-product","3":"status-publish","4":"has-post-thumbnail","6":"product_cat-microfiber-towel","7":"product_cat-women-towel","8":"product_cat-yoga-towel","10":"first","11":"instock","12":"shipping-taxable","13":"product-type-simple"},"_links":{"self":[{"href":"https:\/\/towels.cc\/sv\/wp-json\/wp\/v2\/product\/11262","targetHints":{"allow":["GET"]}}],"collection":[{"href":"https:\/\/towels.cc\/sv\/wp-json\/wp\/v2\/product"}],"about":[{"href":"https:\/\/towels.cc\/sv\/wp-json\/wp\/v2\/types\/product"}],"wp:featuredmedia":[{"embeddable":true,"href":"https:\/\/towels.cc\/sv\/wp-json\/wp\/v2\/media\/11264"}],"wp:attachment":[{"href":"https:\/\/towels.cc\/sv\/wp-json\/wp\/v2\/media?parent=11262"}],"wp:term":[{"taxonomy":"product_brand","embeddable":true,"href":"https:\/\/towels.cc\/sv\/wp-json\/wp\/v2\/product_brand?post=11262"},{"taxonomy":"product_cat","embeddable":true,"href":"https:\/\/towels.cc\/sv\/wp-json\/wp\/v2\/product_cat?post=11262"},{"taxonomy":"product_tag","embeddable":true,"href":"https:\/\/towels.cc\/sv\/wp-json\/wp\/v2\/product_tag?post=11262"}],"curies":[{"name":"wp","href":"https:\/\/api.w.org\/{rel}","templated":true}]}}