{"id":11256,"date":"2024-03-29T18:02:46","date_gmt":"2024-03-29T18:02:46","guid":{"rendered":"https:\/\/towels.cc\/?post_type=product&#038;p=11256"},"modified":"2024-11-05T15:38:20","modified_gmt":"2024-11-05T15:38:20","slug":"40x80cm-personalized-waffle-microfiber-golf-towel-with-a-loop-for-hanging","status":"publish","type":"product","link":"https:\/\/towels.cc\/sv\/produkt\/40x80cm-personalized-waffle-microfiber-golf-towel-with-a-loop-for-hanging\/","title":{"rendered":"40x80cm personlig v\u00e5ffla mikrofiber golfhandduk med \u00f6gla"},"content":{"rendered":"<p>Detta <a href=\"https:\/\/towels.cc\/sv\/golf-towel\/\">golfhandduk i mikrofiber<\/a> \u00e4r f\u00e4rdig med v\u00e4vt stickat v\u00e5ffeltyg 380GSM textur, luddfritt, snabbtorkande, supervattenabsorberande, antibakteriellt och 40x80cm liten storlek och full storlek digital tryckteknik.<\/p>\n<p>V\u00e5r annan popul\u00e4ra <a href=\"https:\/\/towels.cc\/sv\/golf-towel\/\">golfhandduk<\/a> storleken \u00e4r 50x100cm L storlek, du kan ocks\u00e5 anpassa andra storlekar och f\u00e4rger som du vill.<\/p>","protected":false},"excerpt":{"rendered":"<p><strong>Material:<\/strong> v\u00e5fflor mikrofiber<br \/>\n<strong>Teknisk:<\/strong> V\u00e4vt, platt, digitalt tryck<br \/>\n<strong>Tjocklek:<\/strong> 380GSM<br \/>\n<strong>Sammans\u00e4ttning:<\/strong> 80% polyester+20%polyamid<br \/>\n<strong>Handduksstorlek:<\/strong> 40x80 cm<br \/>\n<strong>F\u00f6rdel:<\/strong> Luddfritt, acceptera L\u00c5G kvantitetsbest\u00e4llning, snabbtorkande, l\u00e4tt att h\u00e4nga ut, mjukt och bekv\u00e4mt, blekfritt, unikt m\u00f6nster kan tv\u00e4ttas i maskin.<\/p>","protected":false},"featured_media":11257,"template":"","meta":{"_seopress_robots_primary_cat":"none","_seopress_titles_title":"","_seopress_titles_desc":"","_seopress_robots_index":""},"product_brand":[],"product_cat":[61,34],"product_tag":[],"class_list":{"0":"post-11256","1":"product","2":"type-product","3":"status-publish","4":"has-post-thumbnail","6":"product_cat-golf-towel","7":"product_cat-microfiber-towel","9":"first","10":"instock","11":"shipping-taxable","12":"product-type-simple"},"_links":{"self":[{"href":"https:\/\/towels.cc\/sv\/wp-json\/wp\/v2\/product\/11256","targetHints":{"allow":["GET"]}}],"collection":[{"href":"https:\/\/towels.cc\/sv\/wp-json\/wp\/v2\/product"}],"about":[{"href":"https:\/\/towels.cc\/sv\/wp-json\/wp\/v2\/types\/product"}],"wp:featuredmedia":[{"embeddable":true,"href":"https:\/\/towels.cc\/sv\/wp-json\/wp\/v2\/media\/11257"}],"wp:attachment":[{"href":"https:\/\/towels.cc\/sv\/wp-json\/wp\/v2\/media?parent=11256"}],"wp:term":[{"taxonomy":"product_brand","embeddable":true,"href":"https:\/\/towels.cc\/sv\/wp-json\/wp\/v2\/product_brand?post=11256"},{"taxonomy":"product_cat","embeddable":true,"href":"https:\/\/towels.cc\/sv\/wp-json\/wp\/v2\/product_cat?post=11256"},{"taxonomy":"product_tag","embeddable":true,"href":"https:\/\/towels.cc\/sv\/wp-json\/wp\/v2\/product_tag?post=11256"}],"curies":[{"name":"wp","href":"https:\/\/api.w.org\/{rel}","templated":true}]}}