{"id":11250,"date":"2024-03-29T17:48:27","date_gmt":"2024-03-29T17:48:27","guid":{"rendered":"https:\/\/towels.cc\/?post_type=product&#038;p=11250"},"modified":"2024-11-05T15:38:54","modified_gmt":"2024-11-05T15:38:54","slug":"wholesale-hotel-cotton-towels-with-dobby-pattern","status":"publish","type":"product","link":"https:\/\/towels.cc\/sv\/produkt\/wholesale-hotel-cotton-towels-with-dobby-pattern\/","title":{"rendered":"Bomullshanddukar i grossistledet med dobbym\u00f6nster och logotyp f\u00f6r broderi"},"content":{"rendered":"<p>De <a href=\"https:\/\/towels.cc\/sv\/bath-towel\/\">bomullshanddukar bad<\/a> standardstorlekar 70x140cm och 75x150cm tillverkade av Towelscc textilf\u00f6retag i Kina, som har olika f\u00e4rger och m\u00f6nster att v\u00e4lja p\u00e5 till rimligt pris och h\u00e5llbar anv\u00e4ndningskvalitet.<\/p>","protected":false},"excerpt":{"rendered":"<p><strong>Material:<\/strong> bomullsfrott\u00e9 16s twist garn<br \/>\n<strong>Teknik:<\/strong> V\u00e4vd, platt, broderilogotyp<br \/>\n<strong>Tjocklek:<\/strong> 600GSM<br \/>\n<strong>Sammans\u00e4ttning:<\/strong> 100% bomull<br \/>\n<strong>Handduksstorlek:<\/strong> 70x140cm, 75x150cm<br \/>\n<strong>F\u00f6rdel:<\/strong> Luddfritt, mjukt och bekv\u00e4mt, blekfritt, unikt m\u00f6nster kan tv\u00e4ttas i maskin,<br \/>\n<strong>Vilken plats kan du anv\u00e4nda?<\/strong><br \/>\nbad, spa, resor, hotell, reklampresent<\/p>","protected":false},"featured_media":11252,"template":"","meta":{"_seopress_robots_primary_cat":"none","_seopress_titles_title":"","_seopress_titles_desc":"","_seopress_robots_index":""},"product_brand":[],"product_cat":[55,66,57,59],"product_tag":[],"class_list":{"0":"post-11250","1":"product","2":"type-product","3":"status-publish","4":"has-post-thumbnail","6":"product_cat-cotton-towel","7":"product_cat-hotel-towel","8":"product_cat-mens-towel","9":"product_cat-women-towel","11":"first","12":"instock","13":"shipping-taxable","14":"product-type-simple"},"_links":{"self":[{"href":"https:\/\/towels.cc\/sv\/wp-json\/wp\/v2\/product\/11250","targetHints":{"allow":["GET"]}}],"collection":[{"href":"https:\/\/towels.cc\/sv\/wp-json\/wp\/v2\/product"}],"about":[{"href":"https:\/\/towels.cc\/sv\/wp-json\/wp\/v2\/types\/product"}],"wp:featuredmedia":[{"embeddable":true,"href":"https:\/\/towels.cc\/sv\/wp-json\/wp\/v2\/media\/11252"}],"wp:attachment":[{"href":"https:\/\/towels.cc\/sv\/wp-json\/wp\/v2\/media?parent=11250"}],"wp:term":[{"taxonomy":"product_brand","embeddable":true,"href":"https:\/\/towels.cc\/sv\/wp-json\/wp\/v2\/product_brand?post=11250"},{"taxonomy":"product_cat","embeddable":true,"href":"https:\/\/towels.cc\/sv\/wp-json\/wp\/v2\/product_cat?post=11250"},{"taxonomy":"product_tag","embeddable":true,"href":"https:\/\/towels.cc\/sv\/wp-json\/wp\/v2\/product_tag?post=11250"}],"curies":[{"name":"wp","href":"https:\/\/api.w.org\/{rel}","templated":true}]}}