{"id":10998,"date":"2024-03-28T05:43:50","date_gmt":"2024-03-28T05:43:50","guid":{"rendered":"https:\/\/towels.cc\/?post_type=product&#038;p=10998"},"modified":"2024-11-05T15:39:53","modified_gmt":"2024-11-05T15:39:53","slug":"10998","status":"publish","type":"product","link":"https:\/\/towels.cc\/sv\/produkt\/10998\/","title":{"rendered":"Professionell anti blekmedel svart bomull spa handduk wrap grossist"},"content":{"rendered":"<p>Vi \u00e4r professionella producerar svart bomull<a href=\"https:\/\/towels.cc\/sv\/spa-towel\/\"> spa handduk wrap leverant\u00f6r<\/a> f\u00f6r m\u00e5nga h\u00e5rklippningsbutiker och butiker i grossistledet billigt pris och bra kvalitet, acceptera \u00e4ven liten best\u00e4llningskvantitet<\/p>","protected":false},"excerpt":{"rendered":"<p><strong>Material:<\/strong> 100% BOMULL<br \/>\n<strong>Teknik:<\/strong> V\u00e4vt, platt, f\u00e4rgat tyg<br \/>\n<strong>Tjocklek:<\/strong> 400GSM<br \/>\n<strong>Sammans\u00e4ttning:<\/strong> 100% bomullsfrott\u00e9\u00f6gla<br \/>\n<strong>Handduksstorlek:<\/strong> 16 tum x 27 tum<br \/>\n<strong>F\u00f6rdel:<\/strong> Luddfritt, anti-blekmedel, mjukt och bekv\u00e4mt, blekfritt, unikt m\u00f6nster kan tv\u00e4ttas i maskin,<br \/>\n<strong>Vilken plats kan du anv\u00e4nda?<\/strong><br \/>\nbad, spa, h\u00e5rklippning, salong, utomhus, hotell, hemma, sminkborttagare, tv\u00e4tta ansikte, reklampresent<\/p>","protected":false},"featured_media":11000,"template":"","meta":{"_seopress_robots_primary_cat":"none","_seopress_titles_title":"","_seopress_titles_desc":"","_seopress_robots_index":""},"product_brand":[],"product_cat":[55,54,65],"product_tag":[],"class_list":{"0":"post-10998","1":"product","2":"type-product","3":"status-publish","4":"has-post-thumbnail","6":"product_cat-cotton-towel","7":"product_cat-hair-towel","8":"product_cat-spa-towel","10":"first","11":"instock","12":"shipping-taxable","13":"product-type-simple"},"_links":{"self":[{"href":"https:\/\/towels.cc\/sv\/wp-json\/wp\/v2\/product\/10998","targetHints":{"allow":["GET"]}}],"collection":[{"href":"https:\/\/towels.cc\/sv\/wp-json\/wp\/v2\/product"}],"about":[{"href":"https:\/\/towels.cc\/sv\/wp-json\/wp\/v2\/types\/product"}],"wp:featuredmedia":[{"embeddable":true,"href":"https:\/\/towels.cc\/sv\/wp-json\/wp\/v2\/media\/11000"}],"wp:attachment":[{"href":"https:\/\/towels.cc\/sv\/wp-json\/wp\/v2\/media?parent=10998"}],"wp:term":[{"taxonomy":"product_brand","embeddable":true,"href":"https:\/\/towels.cc\/sv\/wp-json\/wp\/v2\/product_brand?post=10998"},{"taxonomy":"product_cat","embeddable":true,"href":"https:\/\/towels.cc\/sv\/wp-json\/wp\/v2\/product_cat?post=10998"},{"taxonomy":"product_tag","embeddable":true,"href":"https:\/\/towels.cc\/sv\/wp-json\/wp\/v2\/product_tag?post=10998"}],"curies":[{"name":"wp","href":"https:\/\/api.w.org\/{rel}","templated":true}]}}