{"id":10993,"date":"2024-03-28T05:39:17","date_gmt":"2024-03-28T05:39:17","guid":{"rendered":"https:\/\/towels.cc\/?post_type=product&#038;p=10993"},"modified":"2024-03-28T05:41:53","modified_gmt":"2024-03-28T05:41:53","slug":"plain-weaving-16s-twist-plant-dyed-cotton-workout-towels","status":"publish","type":"product","link":"https:\/\/towels.cc\/sv\/produkt\/plain-weaving-16s-twist-plant-dyed-cotton-workout-towels\/","title":{"rendered":"Sl\u00e4tv\u00e4vda 16-tals v\u00e4xtf\u00e4rgade tr\u00e4ningshanddukar i bomull"},"content":{"rendered":"<p>Tr\u00e4ningshanddukarna \u00e4r tillverkade av professionell gymhandduksfabrik, i h\u00f6gkvalitativt 16S twist bomullsgarn, broderad snygg logotyp f\u00f6r m\u00e4rkesvaror, vikt ficka f\u00f6r att h\u00e5lla h\u00f6rlurar och nycklar n\u00e4r du springer eller joggar ute eller inne p\u00e5 gymmet. V\u00e5rt f\u00f6retag erbjuder gratis provutveckling och kundservice en till en f\u00f6r skr\u00e4ddarsydda handduksbest\u00e4llningar.<\/p>","protected":false},"excerpt":{"rendered":"<p><strong>Material:<\/strong> 100% egyptisk bomull<br \/>\n<strong>Teknik:<\/strong> V\u00e4vd, platt, broderilogotyp<br \/>\n<strong>Tjocklek:<\/strong> 550GSM<br \/>\n<strong>Sammans\u00e4ttning:<\/strong> 100% 16S tvinnat bomullsgarn<br \/>\n<strong>Handduksstorlek:<\/strong>30\u00d7110 cm<br \/>\n<strong>F\u00f6rdel:<\/strong> Luddfritt, v\u00e4xtf\u00e4rgat, inte skadligt f\u00f6r huden, vattenabsorberande, mjukt och bekv\u00e4mt, blekfritt, en ficka f\u00f6r att f\u00f6rvara sm\u00e5saker.<br \/>\n<strong>Vilken plats kan du anv\u00e4nda?<\/strong><br \/>\ntr\u00e4ningshandduk, sport, kl\u00e4ttring i berg, varp i gymmet, tr\u00e4ning, l\u00f6pning utomhus, jogging, reklampresent<\/p>","protected":false},"featured_media":10996,"template":"","meta":{"_seopress_robots_primary_cat":"","_seopress_titles_title":"","_seopress_titles_desc":"","_seopress_robots_index":""},"product_brand":[],"product_cat":[55,49],"product_tag":[],"class_list":{"0":"post-10993","1":"product","2":"type-product","3":"status-publish","4":"has-post-thumbnail","6":"product_cat-cotton-towel","7":"product_cat-gym-towel","9":"first","10":"instock","11":"shipping-taxable","12":"product-type-simple"},"_links":{"self":[{"href":"https:\/\/towels.cc\/sv\/wp-json\/wp\/v2\/product\/10993","targetHints":{"allow":["GET"]}}],"collection":[{"href":"https:\/\/towels.cc\/sv\/wp-json\/wp\/v2\/product"}],"about":[{"href":"https:\/\/towels.cc\/sv\/wp-json\/wp\/v2\/types\/product"}],"wp:featuredmedia":[{"embeddable":true,"href":"https:\/\/towels.cc\/sv\/wp-json\/wp\/v2\/media\/10996"}],"wp:attachment":[{"href":"https:\/\/towels.cc\/sv\/wp-json\/wp\/v2\/media?parent=10993"}],"wp:term":[{"taxonomy":"product_brand","embeddable":true,"href":"https:\/\/towels.cc\/sv\/wp-json\/wp\/v2\/product_brand?post=10993"},{"taxonomy":"product_cat","embeddable":true,"href":"https:\/\/towels.cc\/sv\/wp-json\/wp\/v2\/product_cat?post=10993"},{"taxonomy":"product_tag","embeddable":true,"href":"https:\/\/towels.cc\/sv\/wp-json\/wp\/v2\/product_tag?post=10993"}],"curies":[{"name":"wp","href":"https:\/\/api.w.org\/{rel}","templated":true}]}}