{"id":12855,"date":"2024-04-20T13:25:48","date_gmt":"2024-04-20T13:25:48","guid":{"rendered":"https:\/\/towels.cc\/?post_type=product&#038;p=12855"},"modified":"2024-11-05T15:27:54","modified_gmt":"2024-11-05T15:27:54","slug":"16-s-twist-cotton-yarn-bath-towel-with-dobby-fitness-towel-with-germ-shield-2","status":"publish","type":"product","link":"https:\/\/towels.cc\/pt\/produto\/16-s-twist-cotton-yarn-bath-towel-with-dobby-fitness-towel-with-germ-shield-2\/","title":{"rendered":"Toalha de banho de fio de algod\u00e3o com tor\u00e7\u00e3o 16 s com toalha de fitness dobby com prote\u00e7\u00e3o contra germes\u00a0"},"content":{"rendered":"<p>Nossa aptid\u00e3o <a href=\"https:\/\/towels.cc\/pt\/\">toalha<\/a> com fun\u00e7\u00e3o de prote\u00e7\u00e3o contra germes, \u00e9 finalizado com fio de algod\u00e3o de luxo de 16 fios torcidos, tecido de espessura 600GSM, padr\u00e3o Bobby elegante e definido.<\/p>\n<p>La\u00e7o de l\u00e3 mais longo do que os normais 21s e 32s <a href=\"https:\/\/towels.cc\/pt\/cotton-towel\/\">fio de algod\u00e3o<\/a>, voc\u00ea sente que a textura \u00e9 mais macia e confort\u00e1vel.<\/p>\n<p>Podemos personalizar qualquer cor e tamanho de toalha de fitness com fun\u00e7\u00e3o antimaterial para voc\u00ea!<\/p>","protected":false},"excerpt":{"rendered":"<p><strong>Material:\u00a0<\/strong> Fio de algod\u00e3o torcido 16S<br \/>\n<strong>T\u00e9cnico:<\/strong> Tecido, Plano, Dobby<br \/>\n<strong>Grossura:<\/strong> 600 GSM<br \/>\n<strong>Composi\u00e7\u00e3o:<\/strong> Algod\u00e3o 100%<br \/>\n<strong>Tamanho da toalha:<\/strong> 40x90cm<br \/>\n<strong>Vantagem:<\/strong> Sem fiapos, macio e confort\u00e1vel, sem desbotamento, padr\u00e3o exclusivo lav\u00e1vel \u00e0 m\u00e1quina,<br \/>\n<strong>Que lugar voc\u00ea pode usar?<\/strong><br \/>\ngolfe, esporte, spa, casa, viagens, escalada de montanha, limpeza de academia, corpo seco fitness, brinde promocional<br \/>\n<strong>Op\u00e7\u00f5es de personaliza\u00e7\u00e3o:<\/strong><br \/>\n<strong>logotipo:<\/strong> logotipo bordado<br \/>\n<strong>pacote:<\/strong> caixa de presente \/ saco de poli opp<\/p>","protected":false},"featured_media":12846,"template":"","meta":{"_seopress_robots_primary_cat":"none","_seopress_titles_title":"","_seopress_titles_desc":"","_seopress_robots_index":""},"product_brand":[],"product_cat":[31,37,49],"product_tag":[],"class_list":{"0":"post-12855","1":"product","2":"type-product","3":"status-publish","4":"has-post-thumbnail","6":"product_cat-all-towels","7":"product_cat-bath-towel","8":"product_cat-gym-towel","10":"first","11":"instock","12":"shipping-taxable","13":"product-type-simple"},"_links":{"self":[{"href":"https:\/\/towels.cc\/pt\/wp-json\/wp\/v2\/product\/12855","targetHints":{"allow":["GET"]}}],"collection":[{"href":"https:\/\/towels.cc\/pt\/wp-json\/wp\/v2\/product"}],"about":[{"href":"https:\/\/towels.cc\/pt\/wp-json\/wp\/v2\/types\/product"}],"wp:featuredmedia":[{"embeddable":true,"href":"https:\/\/towels.cc\/pt\/wp-json\/wp\/v2\/media\/12846"}],"wp:attachment":[{"href":"https:\/\/towels.cc\/pt\/wp-json\/wp\/v2\/media?parent=12855"}],"wp:term":[{"taxonomy":"product_brand","embeddable":true,"href":"https:\/\/towels.cc\/pt\/wp-json\/wp\/v2\/product_brand?post=12855"},{"taxonomy":"product_cat","embeddable":true,"href":"https:\/\/towels.cc\/pt\/wp-json\/wp\/v2\/product_cat?post=12855"},{"taxonomy":"product_tag","embeddable":true,"href":"https:\/\/towels.cc\/pt\/wp-json\/wp\/v2\/product_tag?post=12855"}],"curies":[{"name":"wp","href":"https:\/\/api.w.org\/{rel}","templated":true}]}}