{"id":12841,"date":"2024-04-20T13:22:09","date_gmt":"2024-04-20T13:22:09","guid":{"rendered":"https:\/\/towels.cc\/?post_type=product&#038;p=12841"},"modified":"2024-11-05T15:29:01","modified_gmt":"2024-11-05T15:29:01","slug":"plain-weaving-16s-twist-plant-dyed-cotton-workout-towels-2","status":"publish","type":"product","link":"https:\/\/towels.cc\/pt\/produto\/plain-weaving-16s-twist-plant-dyed-cotton-workout-towels-2\/","title":{"rendered":"Toalhas de treino de algod\u00e3o tingido com tor\u00e7\u00e3o de 16s em trama simples"},"content":{"rendered":"<p>As toalhas de treino s\u00e3o fabricadas por <a href=\"https:\/\/towels.cc\/pt\/gym-towel\/\">f\u00e1brica profissional de toalhas de gin\u00e1stica<\/a>, em fio de algod\u00e3o 16S de alta qualidade, bordado com um lindo logotipo da marca, bolso dobrado para guardar fones de ouvido e chaves quando voc\u00ea estiver correndo ou caminhando ao ar livre ou dentro da academia.<\/p>\n<p>Nossa empresa oferece desenvolvimento de amostras gr\u00e1tis e atendimento individualizado aos clientes para <a href=\"https:\/\/towels.cc\/pt\/\">toalha personalizada<\/a> ordens.<\/p>","protected":false},"excerpt":{"rendered":"<p><strong>Material:<\/strong> 100% Algod\u00e3o eg\u00edpcio<br \/>\n<strong>T\u00e9cnicas:<\/strong> Logotipo tecido, plano, bordado<br \/>\n<strong>Grossura:<\/strong> 550 GSM (550 GSM)<br \/>\n<strong>Composi\u00e7\u00e3o:<\/strong> Fio de algod\u00e3o torcido 100% 16S<br \/>\n<strong>Tamanho da toalha:<\/strong>30\u00d7110 cm<br \/>\n<strong>Vantagem:<\/strong> Sem fiapos, tingido com tinta vegetal, n\u00e3o \u00e9 prejudicial \u00e0 pele, absorve \u00e1gua, macio e confort\u00e1vel, n\u00e3o desbota, tem um bolso para guardar pequenas coisas.<br \/>\n<strong>Que lugar voc\u00ea pode usar?<\/strong><br \/>\ntoalha de treino, esporte, escalada de montanha, gin\u00e1stica, fitness, corrida ao ar livre, corrida, brinde promocional<br \/>\n<strong>Op\u00e7\u00f5es de personaliza\u00e7\u00e3o:<\/strong><br \/>\nlogotipo: serigrafia \/ logotipo bordado<br \/>\npacote: caixa de presente\/polybag opp<br \/>\nSe voc\u00ea quiser tingir outra cor de toalha e fazer seu pr\u00f3prio design, entre em contato conosco gratuitamente. Ofereceremos solu\u00e7\u00f5es profissionais para voc\u00ea escolher!<\/p>","protected":false},"featured_media":12842,"template":"","meta":{"_seopress_robots_primary_cat":"none","_seopress_titles_title":"","_seopress_titles_desc":"","_seopress_robots_index":""},"product_brand":[],"product_cat":[31],"product_tag":[],"class_list":{"0":"post-12841","1":"product","2":"type-product","3":"status-publish","4":"has-post-thumbnail","6":"product_cat-all-towels","8":"first","9":"instock","10":"shipping-taxable","11":"product-type-simple"},"_links":{"self":[{"href":"https:\/\/towels.cc\/pt\/wp-json\/wp\/v2\/product\/12841","targetHints":{"allow":["GET"]}}],"collection":[{"href":"https:\/\/towels.cc\/pt\/wp-json\/wp\/v2\/product"}],"about":[{"href":"https:\/\/towels.cc\/pt\/wp-json\/wp\/v2\/types\/product"}],"wp:featuredmedia":[{"embeddable":true,"href":"https:\/\/towels.cc\/pt\/wp-json\/wp\/v2\/media\/12842"}],"wp:attachment":[{"href":"https:\/\/towels.cc\/pt\/wp-json\/wp\/v2\/media?parent=12841"}],"wp:term":[{"taxonomy":"product_brand","embeddable":true,"href":"https:\/\/towels.cc\/pt\/wp-json\/wp\/v2\/product_brand?post=12841"},{"taxonomy":"product_cat","embeddable":true,"href":"https:\/\/towels.cc\/pt\/wp-json\/wp\/v2\/product_cat?post=12841"},{"taxonomy":"product_tag","embeddable":true,"href":"https:\/\/towels.cc\/pt\/wp-json\/wp\/v2\/product_tag?post=12841"}],"curies":[{"name":"wp","href":"https:\/\/api.w.org\/{rel}","templated":true}]}}