{"id":12821,"date":"2024-04-19T13:28:44","date_gmt":"2024-04-19T13:28:44","guid":{"rendered":"https:\/\/towels.cc\/?post_type=product&#038;p=12821"},"modified":"2024-11-05T16:04:21","modified_gmt":"2024-11-05T16:04:21","slug":"personalized-cotton-sport-towel-embroidered-logo-cotton-towel","status":"publish","type":"product","link":"https:\/\/towels.cc\/pt\/produto\/personalized-cotton-sport-towel-embroidered-logo-cotton-towel\/","title":{"rendered":"Toalha esportiva de algod\u00e3o personalizada com logotipo bordado"},"content":{"rendered":"<p>Towelscc \u00e9 uma das <a href=\"https:\/\/towels.cc\/pt\/cotton-towel\/\">fornecedores de toalhas de algod\u00e3o na China<\/a>.<\/p>\n<p>Este algod\u00e3o personalizado <a href=\"https:\/\/towels.cc\/pt\/custom-rally-towel\/\">toalha esportiva<\/a> \u00e9 o logotipo JD bordado no tamanho 30x100cm e espessura 500GSM na cor cinza.<\/p>\n<p>A toalha esportiva de algod\u00e3o felpudo \u00e9 popular nos Estados Unidos e em alguns pa\u00edses europeus por causa de seu conforto e textura macia, boa absor\u00e7\u00e3o de \u00e1gua e limpeza r\u00e1pida da pele quando em contato com a \u00e1gua.<\/p>\n<p>1. A Towelcc utiliza algod\u00e3o de fibra longa e algod\u00e3o de fibra fina de alta qualidade como materiais principais, com fibras longas e de boa qualidade. N\u00e3o utilizamos algod\u00e3o de fibra grossa, barato e f\u00e1cil de soltar, para garantir a qualidade.<\/p>\n<p>2. A Towelcc usa fios de maior contagem para fazer com que as toalhas pare\u00e7am mais delicadas.<\/p>\n<p>3. A Towelcc escolhe a melhor tor\u00e7\u00e3o para evitar toalhas muito duras ou muito soltas. Por exemplo, n\u00e3o fabricamos toalhas de tor\u00e7\u00e3o fraca, que s\u00e3o macias, mas de qualidade mediana.<\/p>\n<p>4. Adotamos diferentes processos t\u00eaxteis de acordo com as necessidades de cada cliente. Al\u00e9m disso, utilizamos processos de jacquard e veludo cortado de alt\u00edssimo padr\u00e3o, com fino acabamento artesanal.<\/p>\n<p>5. As toalhas que personalizamos para voc\u00ea ser\u00e3o impressas com logotipos ou grupos. O processo de impress\u00e3o e tingimento da Towelcc n\u00e3o s\u00f3 oferece alta solidez da cor, como tamb\u00e9m causa poucos danos \u00e0s fibras de algod\u00e3o, e os produtos finais s\u00e3o ricos em cores.<\/p>\n<p>6. Se voc\u00ea precisa de servi\u00e7os de bordado de padr\u00f5es, os trabalhadores da Towelcc t\u00eam um artesanato de bordado muito fino, com pontos perfeitos, padr\u00f5es claros, bordas suaves e muito bonitos.<\/p>","protected":false},"excerpt":{"rendered":"<p><strong>Material:<\/strong> algod\u00e3o terry 21S\/2<br \/>\n<strong>T\u00e9cnicas:<\/strong> Tecido, plano, logotipo bordado<br \/>\n<strong>Grossura:<\/strong> 450 GSM (450 GSM)<br \/>\n<strong>Composi\u00e7\u00e3o:<\/strong> Algod\u00e3o 100%<br \/>\n<strong>Tamanho da toalha:<\/strong> 30x100cm<br \/>\n<strong>Vantagem:<\/strong> Sem fiapos, macio e confort\u00e1vel, sem desbotamento, padr\u00e3o exclusivo lav\u00e1vel \u00e0 m\u00e1quina,<br \/>\n<strong>Que lugar voc\u00ea pode usar?<\/strong><br \/>\ngolfe, esporte, viagens, escalada de montanha, gin\u00e1stica, corpo seco fitness, brinde promocional<br \/>\n<strong>Op\u00e7\u00f5es de personaliza\u00e7\u00e3o:<\/strong><br \/>\nlogo: logotipo bordado<br \/>\npacote: caixa de presente\/polybag opp<\/p>","protected":false},"featured_media":0,"template":"","meta":{"_seopress_robots_primary_cat":"none","_seopress_titles_title":"","_seopress_titles_desc":"","_seopress_robots_index":""},"product_brand":[],"product_cat":[55,49],"product_tag":[],"class_list":{"0":"post-12821","1":"product","2":"type-product","3":"status-publish","5":"product_cat-cotton-towel","6":"product_cat-gym-towel","8":"first","9":"instock","10":"shipping-taxable","11":"product-type-simple"},"_links":{"self":[{"href":"https:\/\/towels.cc\/pt\/wp-json\/wp\/v2\/product\/12821","targetHints":{"allow":["GET"]}}],"collection":[{"href":"https:\/\/towels.cc\/pt\/wp-json\/wp\/v2\/product"}],"about":[{"href":"https:\/\/towels.cc\/pt\/wp-json\/wp\/v2\/types\/product"}],"wp:attachment":[{"href":"https:\/\/towels.cc\/pt\/wp-json\/wp\/v2\/media?parent=12821"}],"wp:term":[{"taxonomy":"product_brand","embeddable":true,"href":"https:\/\/towels.cc\/pt\/wp-json\/wp\/v2\/product_brand?post=12821"},{"taxonomy":"product_cat","embeddable":true,"href":"https:\/\/towels.cc\/pt\/wp-json\/wp\/v2\/product_cat?post=12821"},{"taxonomy":"product_tag","embeddable":true,"href":"https:\/\/towels.cc\/pt\/wp-json\/wp\/v2\/product_tag?post=12821"}],"curies":[{"name":"wp","href":"https:\/\/api.w.org\/{rel}","templated":true}]}}