{"id":12796,"date":"2024-04-19T13:09:58","date_gmt":"2024-04-19T13:09:58","guid":{"rendered":"https:\/\/towels.cc\/?post_type=product&#038;p=12796"},"modified":"2024-11-05T15:32:07","modified_gmt":"2024-11-05T15:32:07","slug":"custom-printed-microfiber-water-absorbent-promotional-gym-towel-for-fedex","status":"publish","type":"product","link":"https:\/\/towels.cc\/pt\/produto\/custom-printed-microfiber-water-absorbent-promotional-gym-towel-for-fedex\/","title":{"rendered":"Toalha de gin\u00e1stica de algod\u00e3o aveludado estampada super confort\u00e1vel"},"content":{"rendered":"<p>Como l\u00edder <a href=\"https:\/\/towels.cc\/pt\/gym-towel\/\">fabricante de toalhas esportivas de algod\u00e3o<\/a> Na China, buscamos texturas de qualidade, tecidos de malha e trabalhos artesanais de impress\u00e3o em alta tecnologia.<\/p>\n<p>Todos os nossos <a href=\"https:\/\/towels.cc\/pt\/cotton-towel\/\">toalhas de algod\u00e3o<\/a> s\u00e3o feitos de fios de algod\u00e3o n\u00edvel AAA para fazer as pessoas felizes e aproveitar uma vida boa.<\/p>","protected":false},"excerpt":{"rendered":"<p><strong>Material:<\/strong> algod\u00e3o terry 21S\/2<br \/>\n<strong>T\u00e9cnicas:<\/strong> Tecido, plano, logotipo de impress\u00e3o reativa<br \/>\n<strong>Grossura:<\/strong> 400GSM<br \/>\n<strong>Composi\u00e7\u00e3o:<\/strong> Algod\u00e3o 100%<br \/>\n<strong>Tamanho da toalha:<\/strong> 35x75cm<br \/>\n<strong>Vantagem:<\/strong> Sem fiapos, macio e confort\u00e1vel, sem desbotamento, padr\u00e3o exclusivo lav\u00e1vel \u00e0 m\u00e1quina,<br \/>\n<strong>Que lugar voc\u00ea pode usar?<\/strong><br \/>\ngolfe, esporte, viagens, escalada de montanha, gin\u00e1stica, corpo seco fitness, brinde promocional<br \/>\n<strong>Op\u00e7\u00f5es de personaliza\u00e7\u00e3o:<\/strong><br \/>\nlogo: logotipo bordado<br \/>\npacote: caixa de presente\/polybag opp<\/p>","protected":false},"featured_media":12805,"template":"","meta":{"_seopress_robots_primary_cat":"none","_seopress_titles_title":"","_seopress_titles_desc":"","_seopress_robots_index":""},"product_brand":[],"product_cat":[49],"product_tag":[],"class_list":{"0":"post-12796","1":"product","2":"type-product","3":"status-publish","4":"has-post-thumbnail","6":"product_cat-gym-towel","8":"first","9":"instock","10":"shipping-taxable","11":"product-type-simple"},"_links":{"self":[{"href":"https:\/\/towels.cc\/pt\/wp-json\/wp\/v2\/product\/12796","targetHints":{"allow":["GET"]}}],"collection":[{"href":"https:\/\/towels.cc\/pt\/wp-json\/wp\/v2\/product"}],"about":[{"href":"https:\/\/towels.cc\/pt\/wp-json\/wp\/v2\/types\/product"}],"wp:featuredmedia":[{"embeddable":true,"href":"https:\/\/towels.cc\/pt\/wp-json\/wp\/v2\/media\/12805"}],"wp:attachment":[{"href":"https:\/\/towels.cc\/pt\/wp-json\/wp\/v2\/media?parent=12796"}],"wp:term":[{"taxonomy":"product_brand","embeddable":true,"href":"https:\/\/towels.cc\/pt\/wp-json\/wp\/v2\/product_brand?post=12796"},{"taxonomy":"product_cat","embeddable":true,"href":"https:\/\/towels.cc\/pt\/wp-json\/wp\/v2\/product_cat?post=12796"},{"taxonomy":"product_tag","embeddable":true,"href":"https:\/\/towels.cc\/pt\/wp-json\/wp\/v2\/product_tag?post=12796"}],"curies":[{"name":"wp","href":"https:\/\/api.w.org\/{rel}","templated":true}]}}