{"id":12787,"date":"2024-04-19T13:05:16","date_gmt":"2024-04-19T13:05:16","guid":{"rendered":"https:\/\/towels.cc\/?post_type=product&#038;p=12787"},"modified":"2024-11-05T15:32:34","modified_gmt":"2024-11-05T15:32:34","slug":"quick-drying-light-weight-aquis-adventure-microfiber-towel","status":"publish","type":"product","link":"https:\/\/towels.cc\/pt\/produto\/quick-drying-light-weight-aquis-adventure-microfiber-towel\/","title":{"rendered":"Toalha de microfibra leve e de secagem r\u00e1pida Aquis Adventure"},"content":{"rendered":"<p>A aventura do acervo <a href=\"https:\/\/towels.cc\/pt\/microfiber-towel\/\">toalha de microfibra<\/a> \u00e9 fabricado em material de microfibra de camur\u00e7a 200GSM, leve e de secagem r\u00e1pida para acampamentos ou viagens, antibacteriano, sem fiapos e com al\u00e7a para pendurar facilmente.<\/p>","protected":false},"excerpt":{"rendered":"<p><strong>Material:<\/strong> camur\u00e7a microfibra<br \/>\n<strong>T\u00e9cnicas:<\/strong> Tecido, plano, sem logotipo<br \/>\n<strong>Grossura:<\/strong> 200GSM<br \/>\n<strong>Composi\u00e7\u00e3o:<\/strong> 80% poli\u00e9ster+20% poliamida<br \/>\n<strong>Tamanho da toalha:<\/strong> 60x120cm<br \/>\n<strong>Vantagem:<\/strong> Sem fiapos, macio e confort\u00e1vel, sem desbotamento, padr\u00e3o exclusivo lav\u00e1vel \u00e0 m\u00e1quina,\u00a0<strong>Que lugar voc\u00ea pode usar?<\/strong><br \/>\ngolfe, esporte, passeio, na praia, nata\u00e7\u00e3o, escalada de montanha, gin\u00e1stica, corpo seco fitness, brinde promocional<\/p>\n<p><strong>Op\u00e7\u00f5es de personaliza\u00e7\u00e3o:<\/strong><br \/>\nlogotipo: impress\u00e3o por sublima\u00e7\u00e3o \/ serigrafia \/ logotipo bordado<br \/>\npacote: caixa de presente\/polybag opp<\/p>","protected":false},"featured_media":12791,"template":"","meta":{"_seopress_robots_primary_cat":"none","_seopress_titles_title":"","_seopress_titles_desc":"","_seopress_robots_index":""},"product_brand":[],"product_cat":[49],"product_tag":[],"class_list":{"0":"post-12787","1":"product","2":"type-product","3":"status-publish","4":"has-post-thumbnail","6":"product_cat-gym-towel","8":"first","9":"instock","10":"shipping-taxable","11":"product-type-simple"},"_links":{"self":[{"href":"https:\/\/towels.cc\/pt\/wp-json\/wp\/v2\/product\/12787","targetHints":{"allow":["GET"]}}],"collection":[{"href":"https:\/\/towels.cc\/pt\/wp-json\/wp\/v2\/product"}],"about":[{"href":"https:\/\/towels.cc\/pt\/wp-json\/wp\/v2\/types\/product"}],"wp:featuredmedia":[{"embeddable":true,"href":"https:\/\/towels.cc\/pt\/wp-json\/wp\/v2\/media\/12791"}],"wp:attachment":[{"href":"https:\/\/towels.cc\/pt\/wp-json\/wp\/v2\/media?parent=12787"}],"wp:term":[{"taxonomy":"product_brand","embeddable":true,"href":"https:\/\/towels.cc\/pt\/wp-json\/wp\/v2\/product_brand?post=12787"},{"taxonomy":"product_cat","embeddable":true,"href":"https:\/\/towels.cc\/pt\/wp-json\/wp\/v2\/product_cat?post=12787"},{"taxonomy":"product_tag","embeddable":true,"href":"https:\/\/towels.cc\/pt\/wp-json\/wp\/v2\/product_tag?post=12787"}],"curies":[{"name":"wp","href":"https:\/\/api.w.org\/{rel}","templated":true}]}}