{"id":12779,"date":"2024-04-19T13:00:33","date_gmt":"2024-04-19T13:00:33","guid":{"rendered":"https:\/\/towels.cc\/?post_type=product&#038;p=12779"},"modified":"2024-11-05T15:33:17","modified_gmt":"2024-11-05T15:33:17","slug":"custom-woven-logo-label-lint-free-and-anti-baterial-microfiber-gym-towel-with-zipper-2","status":"publish","type":"product","link":"https:\/\/towels.cc\/pt\/produto\/custom-woven-logo-label-lint-free-and-anti-baterial-microfiber-gym-towel-with-zipper-2\/","title":{"rendered":"Toalha de academia de microfibra antibacteriana e sem fiapos com etiqueta de logotipo personalizada com z\u00edper 2"},"content":{"rendered":"<p>Estamos nos concentrando em\u00a0<a href=\"https:\/\/towels.cc\/pt\/gym-towel\/\">toalha de microfibra para academia<\/a> com z\u00edper e bolso, adicione uma etiqueta tecida costurada na parte frontal da toalha, conforto e textura macia para a pele, a toalha tingida com plantas \u00e9 segura para o corpo humano, antimaterial e de secagem r\u00e1pida para os amantes da academia.<\/p>\n<p>O z\u00edper pode fechar o bolso e \u00e9 muito conveniente para guardarmos nossos pertences pessoais. Nossa f\u00e1brica d\u00e1 as boas-vindas calorosas <a href=\"https:\/\/towels.cc\/pt\/gym-towel\/\">toalha de academia personalizada<\/a> pe\u00e7a e visite-nos a qualquer momento!<\/p>","protected":false},"excerpt":{"rendered":"<p><strong>Material:\u00a0<\/strong> microfibra<br \/>\n<strong>T\u00e9cnicas:<\/strong> Etiqueta de logotipo tecida, plana e tecida<br \/>\n<strong>Grossura:<\/strong> 280GSM<br \/>\n<strong>Composi\u00e7\u00e3o:<\/strong> Poli\u00e9ster 100%<br \/>\n<strong>Tamanho da toalha:<\/strong> 40x80cm, Tamanho do bolso: 28x28cm<br \/>\n<strong>Vantagem:<\/strong> Sem fiapos, antimaterial, macio e confort\u00e1vel, sem desbotamento, padr\u00e3o exclusivo lav\u00e1vel \u00e0 m\u00e1quina,<br \/>\n<strong>Que lugar voc\u00ea pode usar?<\/strong><br \/>\ngolfe, esporte, escalada de montanha, academia, corrida, jogging, fitness, brinde promocional<br \/>\n<strong>Op\u00e7\u00f5es de personaliza\u00e7\u00e3o:<\/strong><br \/>\nlogotipo: impress\u00e3o por sublima\u00e7\u00e3o \/ serigrafia \/ logotipo bordado<br \/>\npacote: caixa de presente\/polybag opp<\/p>","protected":false},"featured_media":12780,"template":"","meta":{"_seopress_robots_primary_cat":"none","_seopress_titles_title":"","_seopress_titles_desc":"","_seopress_robots_index":""},"product_brand":[],"product_cat":[49,34],"product_tag":[],"class_list":{"0":"post-12779","1":"product","2":"type-product","3":"status-publish","4":"has-post-thumbnail","6":"product_cat-gym-towel","7":"product_cat-microfiber-towel","9":"first","10":"instock","11":"shipping-taxable","12":"product-type-simple"},"_links":{"self":[{"href":"https:\/\/towels.cc\/pt\/wp-json\/wp\/v2\/product\/12779","targetHints":{"allow":["GET"]}}],"collection":[{"href":"https:\/\/towels.cc\/pt\/wp-json\/wp\/v2\/product"}],"about":[{"href":"https:\/\/towels.cc\/pt\/wp-json\/wp\/v2\/types\/product"}],"wp:featuredmedia":[{"embeddable":true,"href":"https:\/\/towels.cc\/pt\/wp-json\/wp\/v2\/media\/12780"}],"wp:attachment":[{"href":"https:\/\/towels.cc\/pt\/wp-json\/wp\/v2\/media?parent=12779"}],"wp:term":[{"taxonomy":"product_brand","embeddable":true,"href":"https:\/\/towels.cc\/pt\/wp-json\/wp\/v2\/product_brand?post=12779"},{"taxonomy":"product_cat","embeddable":true,"href":"https:\/\/towels.cc\/pt\/wp-json\/wp\/v2\/product_cat?post=12779"},{"taxonomy":"product_tag","embeddable":true,"href":"https:\/\/towels.cc\/pt\/wp-json\/wp\/v2\/product_tag?post=12779"}],"curies":[{"name":"wp","href":"https:\/\/api.w.org\/{rel}","templated":true}]}}