{"id":12760,"date":"2024-04-19T12:42:39","date_gmt":"2024-04-19T12:42:39","guid":{"rendered":"https:\/\/towels.cc\/?post_type=product&#038;p=12760"},"modified":"2024-11-05T15:34:50","modified_gmt":"2024-11-05T15:34:50","slug":"full-colors-sublimation-printed-microfiber-yoga-towel-china-manufacturer","status":"publish","type":"product","link":"https:\/\/towels.cc\/pt\/produto\/full-colors-sublimation-printed-microfiber-yoga-towel-china-manufacturer\/","title":{"rendered":"Toalha de ioga de microfibra impressa por sublima\u00e7\u00e3o em cores completas, fabricante chin\u00eas"},"content":{"rendered":"<p><a href=\"https:\/\/towels.cc\/pt\/yoga-towel\/\">Fabricante de toalhas de ioga na China<\/a> com <a href=\"https:\/\/towels.cc\/pt\/microfiber-towel\/\">microfibra de qualidade<\/a>, alta tecnologia e artesanato, tecelagem de poli\u00e9ster e n\u00e1ilon, pre\u00e7o de atacado competitivo e pol\u00edtica de garantia de um ano.<\/p>\n<p>N\u00f3s fornecemos toalhas de ioga para alguns dos maiores vendedores da Amazon!<\/p>","protected":false},"excerpt":{"rendered":"<p><strong>Material:<\/strong> microfibra felpuda<br \/>\n<strong>T\u00e9cnico:<\/strong> Tecido, plano, logotipo de impress\u00e3o por sublima\u00e7\u00e3o<br \/>\n<strong>Grossura:<\/strong> 300GSM<br \/>\n<strong>Composi\u00e7\u00e3o:<\/strong> Poli\u00e9ster 80% + poliamida 20%<br \/>\n<strong>Tamanho da toalha:<\/strong> 183x61cm<br \/>\n<strong>Vantagem:<\/strong> Sem fiapos, tamanho extra longo, secagem r\u00e1pida, macio e confort\u00e1vel, n\u00e3o desbota, padr\u00e3o exclusivo lav\u00e1vel \u00e0 m\u00e1quina,<br \/>\n<strong>Que lugar voc\u00ea pode usar?<\/strong><br \/>\nioga, esporte, escalada de montanha, limpeza de academia, nata\u00e7\u00e3o, acampamento, banho, na praia, corpo seco fitness, brinde promocional<br \/>\n<strong>Op\u00e7\u00f5es de personaliza\u00e7\u00e3o:<\/strong><br \/>\nlogotipo: impress\u00e3o por sublima\u00e7\u00e3o \/ serigrafia \/ logotipo bordado<br \/>\npacote: caixa de presente\/polybag opp<\/p>","protected":false},"featured_media":12761,"template":"","meta":{"_seopress_robots_primary_cat":"none","_seopress_titles_title":"","_seopress_titles_desc":"","_seopress_robots_index":""},"product_brand":[],"product_cat":[50],"product_tag":[],"class_list":{"0":"post-12760","1":"product","2":"type-product","3":"status-publish","4":"has-post-thumbnail","6":"product_cat-yoga-towel","8":"first","9":"instock","10":"shipping-taxable","11":"product-type-simple"},"_links":{"self":[{"href":"https:\/\/towels.cc\/pt\/wp-json\/wp\/v2\/product\/12760","targetHints":{"allow":["GET"]}}],"collection":[{"href":"https:\/\/towels.cc\/pt\/wp-json\/wp\/v2\/product"}],"about":[{"href":"https:\/\/towels.cc\/pt\/wp-json\/wp\/v2\/types\/product"}],"wp:featuredmedia":[{"embeddable":true,"href":"https:\/\/towels.cc\/pt\/wp-json\/wp\/v2\/media\/12761"}],"wp:attachment":[{"href":"https:\/\/towels.cc\/pt\/wp-json\/wp\/v2\/media?parent=12760"}],"wp:term":[{"taxonomy":"product_brand","embeddable":true,"href":"https:\/\/towels.cc\/pt\/wp-json\/wp\/v2\/product_brand?post=12760"},{"taxonomy":"product_cat","embeddable":true,"href":"https:\/\/towels.cc\/pt\/wp-json\/wp\/v2\/product_cat?post=12760"},{"taxonomy":"product_tag","embeddable":true,"href":"https:\/\/towels.cc\/pt\/wp-json\/wp\/v2\/product_tag?post=12760"}],"curies":[{"name":"wp","href":"https:\/\/api.w.org\/{rel}","templated":true}]}}