{"id":12749,"date":"2024-04-19T12:35:25","date_gmt":"2024-04-19T12:35:25","guid":{"rendered":"https:\/\/towels.cc\/?post_type=product&#038;p=12749"},"modified":"2024-11-05T15:35:11","modified_gmt":"2024-11-05T15:35:11","slug":"customize-waffle-printed-yoga-towel-with-loop-for-hang-out","status":"publish","type":"product","link":"https:\/\/towels.cc\/pt\/produto\/customize-waffle-printed-yoga-towel-with-loop-for-hang-out\/","title":{"rendered":"Toalha de ioga com estampa de waffle personalizada com al\u00e7a para pendurar"},"content":{"rendered":"<p>N\u00f3s somos bons em <a href=\"https:\/\/towels.cc\/pt\/microfiber-towel\/\">toalha de ioga personalizada com estampa waffle de microfibra<\/a> em material de poli\u00e9ster e n\u00e1ilon, um gancho de tecido preto para pendurar depois das aulas de ioga, secagem muito r\u00e1pida, tingimento vegetal e impress\u00e3o por sublima\u00e7\u00e3o n\u00e3o prejudicial \u00e0 pele humana.<\/p>","protected":false},"excerpt":{"rendered":"<p><strong>Material:<\/strong> microfibra waffle<br \/>\n<strong>T\u00e9cnico:<\/strong> Tecido, plano, logotipo de impress\u00e3o por sublima\u00e7\u00e3o<br \/>\n<strong>Grossura:<\/strong> 360GSM<br \/>\n<strong>Composi\u00e7\u00e3o:<\/strong> 80% poli\u00e9ster+20% poliamida<br \/>\n<strong>Tamanho da toalha:<\/strong> 24\u00d772 polegadas<br \/>\n<strong>Vantagem:<\/strong> x Sem fiapos, impress\u00e3o dupla face, antiderrapante, macio e confort\u00e1vel, sem desbotamento, padr\u00e3o exclusivo lav\u00e1vel \u00e0 m\u00e1quina<\/p>","protected":false},"featured_media":12753,"template":"","meta":{"_seopress_robots_primary_cat":"none","_seopress_titles_title":"","_seopress_titles_desc":"","_seopress_robots_index":""},"product_brand":[],"product_cat":[31,50],"product_tag":[],"class_list":{"0":"post-12749","1":"product","2":"type-product","3":"status-publish","4":"has-post-thumbnail","6":"product_cat-all-towels","7":"product_cat-yoga-towel","9":"first","10":"instock","11":"shipping-taxable","12":"product-type-simple"},"_links":{"self":[{"href":"https:\/\/towels.cc\/pt\/wp-json\/wp\/v2\/product\/12749","targetHints":{"allow":["GET"]}}],"collection":[{"href":"https:\/\/towels.cc\/pt\/wp-json\/wp\/v2\/product"}],"about":[{"href":"https:\/\/towels.cc\/pt\/wp-json\/wp\/v2\/types\/product"}],"wp:featuredmedia":[{"embeddable":true,"href":"https:\/\/towels.cc\/pt\/wp-json\/wp\/v2\/media\/12753"}],"wp:attachment":[{"href":"https:\/\/towels.cc\/pt\/wp-json\/wp\/v2\/media?parent=12749"}],"wp:term":[{"taxonomy":"product_brand","embeddable":true,"href":"https:\/\/towels.cc\/pt\/wp-json\/wp\/v2\/product_brand?post=12749"},{"taxonomy":"product_cat","embeddable":true,"href":"https:\/\/towels.cc\/pt\/wp-json\/wp\/v2\/product_cat?post=12749"},{"taxonomy":"product_tag","embeddable":true,"href":"https:\/\/towels.cc\/pt\/wp-json\/wp\/v2\/product_tag?post=12749"}],"curies":[{"name":"wp","href":"https:\/\/api.w.org\/{rel}","templated":true}]}}