{"id":12739,"date":"2024-04-19T12:29:51","date_gmt":"2024-04-19T12:29:51","guid":{"rendered":"https:\/\/towels.cc\/?post_type=product&#038;p=12739"},"modified":"2024-11-05T15:35:39","modified_gmt":"2024-11-05T15:35:39","slug":"antibaterial-ants-microfiber-yoga-towels","status":"publish","type":"product","link":"https:\/\/towels.cc\/pt\/produto\/antibaterial-ants-microfiber-yoga-towels\/","title":{"rendered":"Toalhas de microfibra para ioga antibacterianas"},"content":{"rendered":"<p>N\u00f3s somos <a href=\"https:\/\/towels.cc\/pt\/yoga-towel\/\">toalhas de ioga<\/a> fornecedor e fabricante de toalhas sem pele, antiderrapantes, antiderrapantes, sem desbotamento e sem fiapos, de qualidade funcional para amantes de esportes de ioga, padr\u00f5es dispon\u00edveis em pre\u00e7os competitivos h\u00e1 mais de 12 anos.<\/p>","protected":false},"excerpt":{"rendered":"<p><strong>Material:<\/strong> microfibra grossa de formiga<br \/>\n<strong>T\u00e9cnico:<\/strong> Tecido, plano, malha,<br \/>\n<strong>Grossura:<\/strong> 420 GSM (420 GSM)<br \/>\n<strong>Composi\u00e7\u00e3o:<\/strong> Poli\u00e9ster 80% + poliamida 20%<br \/>\n<strong>Tamanho da toalha:<\/strong>183x67cm<br \/>\n<strong>Vantagem:<\/strong> Sem fiapos, secagem r\u00e1pida, tamanho compacto, macio e confort\u00e1vel, n\u00e3o desbota, padr\u00e3o exclusivo lav\u00e1vel \u00e0 m\u00e1quina.<\/p>","protected":false},"featured_media":12740,"template":"","meta":{"_seopress_robots_primary_cat":"none","_seopress_titles_title":"","_seopress_titles_desc":"","_seopress_robots_index":""},"product_brand":[],"product_cat":[50],"product_tag":[],"class_list":{"0":"post-12739","1":"product","2":"type-product","3":"status-publish","4":"has-post-thumbnail","6":"product_cat-yoga-towel","8":"first","9":"instock","10":"shipping-taxable","11":"product-type-simple"},"_links":{"self":[{"href":"https:\/\/towels.cc\/pt\/wp-json\/wp\/v2\/product\/12739","targetHints":{"allow":["GET"]}}],"collection":[{"href":"https:\/\/towels.cc\/pt\/wp-json\/wp\/v2\/product"}],"about":[{"href":"https:\/\/towels.cc\/pt\/wp-json\/wp\/v2\/types\/product"}],"wp:featuredmedia":[{"embeddable":true,"href":"https:\/\/towels.cc\/pt\/wp-json\/wp\/v2\/media\/12740"}],"wp:attachment":[{"href":"https:\/\/towels.cc\/pt\/wp-json\/wp\/v2\/media?parent=12739"}],"wp:term":[{"taxonomy":"product_brand","embeddable":true,"href":"https:\/\/towels.cc\/pt\/wp-json\/wp\/v2\/product_brand?post=12739"},{"taxonomy":"product_cat","embeddable":true,"href":"https:\/\/towels.cc\/pt\/wp-json\/wp\/v2\/product_cat?post=12739"},{"taxonomy":"product_tag","embeddable":true,"href":"https:\/\/towels.cc\/pt\/wp-json\/wp\/v2\/product_tag?post=12739"}],"curies":[{"name":"wp","href":"https:\/\/api.w.org\/{rel}","templated":true}]}}