{"id":11281,"date":"2024-03-30T05:30:44","date_gmt":"2024-03-30T05:30:44","guid":{"rendered":"https:\/\/towels.cc\/?post_type=product&#038;p=11281"},"modified":"2024-11-05T15:36:48","modified_gmt":"2024-11-05T15:36:48","slug":"suede-microfiber-beach-towel-with-loop-and-mesh-bag-180x90cm","status":"publish","type":"product","link":"https:\/\/towels.cc\/pt\/produto\/suede-microfiber-beach-towel-with-loop-and-mesh-bag-180x90cm\/","title":{"rendered":"Toalha de praia de microfibra de camur\u00e7a com al\u00e7a e bolsa de malha 180x90cm"},"content":{"rendered":"<p>Camur\u00e7a de poli\u00e9ster e poliamida 200GSM <a href=\"https:\/\/towels.cc\/pt\/beach-towel\/\">toalha de praia de microfibra<\/a> com uma al\u00e7a para pendurar, uma bolsa de malha para f\u00e1cil transporte e tamanho compacto, tamanho grande de 180x90 cm, uma m\u00e1gica para pele limpa e seca rapidamente na praia.<\/p>","protected":false},"excerpt":{"rendered":"<p><strong>Material:<\/strong> camur\u00e7a microfibra<br \/>\n<strong>T\u00e9cnico:<\/strong> Tecido, plano, logotipo serigrafado em bolsa de malha<br \/>\n<strong>Grossura:<\/strong> 200GSM<br \/>\n<strong>Composi\u00e7\u00e3o:<\/strong> 80% poli\u00e9ster+20% poliamida<br \/>\n<strong>Tamanho da toalha:<\/strong> 180\u00d790 cm<br \/>\n<strong>Vantagem:<\/strong> Sem fiapos, anti-areia, antibacteriano, \u00e0 prova d&#039;\u00e1gua, macio e confort\u00e1vel, sem desbotamento, padr\u00e3o exclusivo lav\u00e1vel \u00e0 m\u00e1quina,<br \/>\n<strong>Que lugar voc\u00ea pode usar?<\/strong><br \/>\nna praia, esporte, escalada de montanha, limpeza de academia, corpo seco fitness, passeio, brinde promocional<\/p>","protected":false},"featured_media":11283,"template":"","meta":{"_seopress_robots_primary_cat":"none","_seopress_titles_title":"","_seopress_titles_desc":"","_seopress_robots_index":""},"product_brand":[],"product_cat":[33,34],"product_tag":[],"class_list":{"0":"post-11281","1":"product","2":"type-product","3":"status-publish","4":"has-post-thumbnail","6":"product_cat-beach-towel","7":"product_cat-microfiber-towel","9":"first","10":"instock","11":"shipping-taxable","12":"product-type-simple"},"_links":{"self":[{"href":"https:\/\/towels.cc\/pt\/wp-json\/wp\/v2\/product\/11281","targetHints":{"allow":["GET"]}}],"collection":[{"href":"https:\/\/towels.cc\/pt\/wp-json\/wp\/v2\/product"}],"about":[{"href":"https:\/\/towels.cc\/pt\/wp-json\/wp\/v2\/types\/product"}],"wp:featuredmedia":[{"embeddable":true,"href":"https:\/\/towels.cc\/pt\/wp-json\/wp\/v2\/media\/11283"}],"wp:attachment":[{"href":"https:\/\/towels.cc\/pt\/wp-json\/wp\/v2\/media?parent=11281"}],"wp:term":[{"taxonomy":"product_brand","embeddable":true,"href":"https:\/\/towels.cc\/pt\/wp-json\/wp\/v2\/product_brand?post=11281"},{"taxonomy":"product_cat","embeddable":true,"href":"https:\/\/towels.cc\/pt\/wp-json\/wp\/v2\/product_cat?post=11281"},{"taxonomy":"product_tag","embeddable":true,"href":"https:\/\/towels.cc\/pt\/wp-json\/wp\/v2\/product_tag?post=11281"}],"curies":[{"name":"wp","href":"https:\/\/api.w.org\/{rel}","templated":true}]}}