{"id":11275,"date":"2024-03-30T05:28:09","date_gmt":"2024-03-30T05:28:09","guid":{"rendered":"https:\/\/towels.cc\/?post_type=product&#038;p=11275"},"modified":"2024-11-05T15:37:06","modified_gmt":"2024-11-05T15:37:06","slug":"sand-free-and-fast-drying-light-weight-microfiber-beach-towel","status":"publish","type":"product","link":"https:\/\/towels.cc\/pt\/produto\/sand-free-and-fast-drying-light-weight-microfiber-beach-towel\/","title":{"rendered":"Toalha de praia de microfibra leve, sem areia e de secagem r\u00e1pida"},"content":{"rendered":"<p>N\u00f3s somos <a href=\"https:\/\/towels.cc\/pt\/beach-towel\/\">f\u00e1brica de venda de toalhas de praia de microfibra<\/a> na China, fornecemos toalhas de praia de alta qualidade, leves e com textura livre de areia h\u00e1 muitos anos.<\/p>\n<p>Esta toalha de praia de microfibra de camur\u00e7a tem al\u00e7a para pendurar e \u00e9 f\u00e1cil de transportar.<\/p>","protected":false},"excerpt":{"rendered":"<p><strong>Material:<\/strong> camur\u00e7a microfibra<br \/>\n<strong>T\u00e9cnico:<\/strong> Tecido, plano, tricotado, logotipo impresso digitalmente<br \/>\n<strong>Grossura:<\/strong> 200GSM<br \/>\n<strong>Composi\u00e7\u00e3o:<\/strong> Poli\u00e9ster 80% + poliamida 20%<br \/>\n<strong>Tamanho da toalha:<\/strong>70x140cm<br \/>\n<strong>Vantagem:<\/strong> Sem fiapos, sem areia, secagem r\u00e1pida, tamanho compacto, macio e confort\u00e1vel, sem desbotamento, padr\u00e3o exclusivo lav\u00e1vel \u00e0 m\u00e1quina,<br \/>\n<strong>Que lugar voc\u00ea pode usar?<\/strong><br \/>\nacampamento, viagem, nata\u00e7\u00e3o, praia, banho, esporte, piscina, brinde promocional<\/p>","protected":false},"featured_media":11277,"template":"","meta":{"_seopress_robots_primary_cat":"none","_seopress_titles_title":"","_seopress_titles_desc":"","_seopress_robots_index":""},"product_brand":[],"product_cat":[33,34],"product_tag":[],"class_list":{"0":"post-11275","1":"product","2":"type-product","3":"status-publish","4":"has-post-thumbnail","6":"product_cat-beach-towel","7":"product_cat-microfiber-towel","9":"first","10":"instock","11":"shipping-taxable","12":"product-type-simple"},"_links":{"self":[{"href":"https:\/\/towels.cc\/pt\/wp-json\/wp\/v2\/product\/11275","targetHints":{"allow":["GET"]}}],"collection":[{"href":"https:\/\/towels.cc\/pt\/wp-json\/wp\/v2\/product"}],"about":[{"href":"https:\/\/towels.cc\/pt\/wp-json\/wp\/v2\/types\/product"}],"wp:featuredmedia":[{"embeddable":true,"href":"https:\/\/towels.cc\/pt\/wp-json\/wp\/v2\/media\/11277"}],"wp:attachment":[{"href":"https:\/\/towels.cc\/pt\/wp-json\/wp\/v2\/media?parent=11275"}],"wp:term":[{"taxonomy":"product_brand","embeddable":true,"href":"https:\/\/towels.cc\/pt\/wp-json\/wp\/v2\/product_brand?post=11275"},{"taxonomy":"product_cat","embeddable":true,"href":"https:\/\/towels.cc\/pt\/wp-json\/wp\/v2\/product_cat?post=11275"},{"taxonomy":"product_tag","embeddable":true,"href":"https:\/\/towels.cc\/pt\/wp-json\/wp\/v2\/product_tag?post=11275"}],"curies":[{"name":"wp","href":"https:\/\/api.w.org\/{rel}","templated":true}]}}