{"id":11273,"date":"2024-03-30T05:32:39","date_gmt":"2024-03-30T05:32:39","guid":{"rendered":"https:\/\/towels.cc\/?post_type=product&#038;p=11273"},"modified":"2024-11-05T15:36:28","modified_gmt":"2024-11-05T15:36:28","slug":"waffle-microfiber-beach-towel-design-your-own-pattern-75x150cm","status":"publish","type":"product","link":"https:\/\/towels.cc\/pt\/produto\/waffle-microfiber-beach-towel-design-your-own-pattern-75x150cm\/","title":{"rendered":"Toalha de praia de microfibra waffle crie seu pr\u00f3prio padr\u00e3o 75x150cm"},"content":{"rendered":"<p>360GSM espessura 75x150cm <a href=\"https:\/\/towels.cc\/pt\/beach-towel\/\">toalha de praia de microfibra personalizada<\/a> imprimir conforme a demanda do cliente, sem fiapos, secagem r\u00e1pida com la\u00e7o de tecido preto para pendurar na parede.<\/p>\n<p>N\u00f3s somos um <a href=\"https:\/\/towels.cc\/pt\/beach-towel\/\">f\u00e1brica de toalhas de praia<\/a> na China, qualquer tamanho de toalha de praia e arte podem ser aceitos e produzidos por n\u00f3s.<\/p>","protected":false},"excerpt":{"rendered":"<p><strong>Material:<\/strong> microfibra waffle<br \/>\n<strong>T\u00e9cnico:<\/strong> Tecido, plano, logotipo de impress\u00e3o digital<br \/>\n<strong>Grossura:<\/strong> 360GSM<br \/>\n<strong>Composi\u00e7\u00e3o:<\/strong> Poli\u00e9ster 80% + poliamida 20%<br \/>\n<strong>Tamanho da toalha:<\/strong> 75x150cm<br \/>\n<strong>Vantagem:<\/strong> Sem fiapos, f\u00e1cil de pendurar na parede, macio e confort\u00e1vel, n\u00e3o desbota, padr\u00e3o exclusivo lav\u00e1vel \u00e0 m\u00e1quina,<br \/>\n<strong>Que lugar voc\u00ea pode usar?<\/strong><br \/>\nioga, esporte, brinde promocional, na praia, passeio, fazer um piquenique<\/p>","protected":false},"featured_media":11285,"template":"","meta":{"_seopress_robots_primary_cat":"none","_seopress_titles_title":"","_seopress_titles_desc":"","_seopress_robots_index":""},"product_brand":[],"product_cat":[34],"product_tag":[],"class_list":{"0":"post-11273","1":"product","2":"type-product","3":"status-publish","4":"has-post-thumbnail","6":"product_cat-microfiber-towel","8":"first","9":"instock","10":"shipping-taxable","11":"product-type-simple"},"_links":{"self":[{"href":"https:\/\/towels.cc\/pt\/wp-json\/wp\/v2\/product\/11273","targetHints":{"allow":["GET"]}}],"collection":[{"href":"https:\/\/towels.cc\/pt\/wp-json\/wp\/v2\/product"}],"about":[{"href":"https:\/\/towels.cc\/pt\/wp-json\/wp\/v2\/types\/product"}],"wp:featuredmedia":[{"embeddable":true,"href":"https:\/\/towels.cc\/pt\/wp-json\/wp\/v2\/media\/11285"}],"wp:attachment":[{"href":"https:\/\/towels.cc\/pt\/wp-json\/wp\/v2\/media?parent=11273"}],"wp:term":[{"taxonomy":"product_brand","embeddable":true,"href":"https:\/\/towels.cc\/pt\/wp-json\/wp\/v2\/product_brand?post=11273"},{"taxonomy":"product_cat","embeddable":true,"href":"https:\/\/towels.cc\/pt\/wp-json\/wp\/v2\/product_cat?post=11273"},{"taxonomy":"product_tag","embeddable":true,"href":"https:\/\/towels.cc\/pt\/wp-json\/wp\/v2\/product_tag?post=11273"}],"curies":[{"name":"wp","href":"https:\/\/api.w.org\/{rel}","templated":true}]}}