{"id":11262,"date":"2024-03-29T18:11:21","date_gmt":"2024-03-29T18:11:21","guid":{"rendered":"https:\/\/towels.cc\/?post_type=product&#038;p=11262"},"modified":"2024-11-05T15:37:46","modified_gmt":"2024-11-05T15:37:46","slug":"24x68-inch-waffle-microfiber-anti-slip-lint-free-quick-dry-yoga-towel-wholesale","status":"publish","type":"product","link":"https:\/\/towels.cc\/pt\/produto\/24x68-inch-waffle-microfiber-anti-slip-lint-free-quick-dry-yoga-towel-wholesale\/","title":{"rendered":"Toalha de ioga de microfibra waffle antiderrapante e sem fiapos de 24\u00d768 polegadas atacado"},"content":{"rendered":"<p>Recentemente, mais e mais pessoas est\u00e3o interessadas em esportes de ioga e um bom antiderrapante sem fiapos de secagem r\u00e1pida <a href=\"https:\/\/towels.cc\/pt\/yoga-towel\/\">toalha de ioga<\/a> \u00e9 necess\u00e1rio e importante para n\u00f3s.<\/p>\n<p>towelscc \u00e9 um profissional \u00a0<a href=\"https:\/\/towels.cc\/pt\/yoga-towel\/\">toalha de ioga atacado e fabricante<\/a> H\u00e1 mais de 12 anos na China, aceitamos solu\u00e7\u00f5es de toalhas de ioga personalizadas e projetadas para pedidos OEM e ODM.<\/p>","protected":false},"excerpt":{"rendered":"<p><strong>Material:<\/strong> microfibra waffle<br \/>\n<strong>T\u00e9cnico:<\/strong> Tecido, plano, logotipo de impress\u00e3o digital<br \/>\n<strong>Grossura:<\/strong> 360GSM<br \/>\n<strong>Composi\u00e7\u00e3o:<\/strong> 80% poli\u00e9ster+20% poliamida<br \/>\n<strong>Tamanho da toalha:<\/strong> 24\u00d768 polegadas<br \/>\n<strong>Vantagem:<\/strong> Sem fiapos, macio e confort\u00e1vel, sem desbotamento, padr\u00e3o exclusivo lav\u00e1vel \u00e0 m\u00e1quina,<br \/>\n<strong>Que lugar voc\u00ea pode usar?<\/strong><br \/>\ngolfe, esporte, ioga, banho, nata\u00e7\u00e3o, escalada de montanha, limpeza de academia, corpo seco fitness, brinde promocional<\/p>","protected":false},"featured_media":11264,"template":"","meta":{"_seopress_robots_primary_cat":"none","_seopress_titles_title":"","_seopress_titles_desc":"","_seopress_robots_index":""},"product_brand":[],"product_cat":[34,59,50],"product_tag":[],"class_list":{"0":"post-11262","1":"product","2":"type-product","3":"status-publish","4":"has-post-thumbnail","6":"product_cat-microfiber-towel","7":"product_cat-women-towel","8":"product_cat-yoga-towel","10":"first","11":"instock","12":"shipping-taxable","13":"product-type-simple"},"_links":{"self":[{"href":"https:\/\/towels.cc\/pt\/wp-json\/wp\/v2\/product\/11262","targetHints":{"allow":["GET"]}}],"collection":[{"href":"https:\/\/towels.cc\/pt\/wp-json\/wp\/v2\/product"}],"about":[{"href":"https:\/\/towels.cc\/pt\/wp-json\/wp\/v2\/types\/product"}],"wp:featuredmedia":[{"embeddable":true,"href":"https:\/\/towels.cc\/pt\/wp-json\/wp\/v2\/media\/11264"}],"wp:attachment":[{"href":"https:\/\/towels.cc\/pt\/wp-json\/wp\/v2\/media?parent=11262"}],"wp:term":[{"taxonomy":"product_brand","embeddable":true,"href":"https:\/\/towels.cc\/pt\/wp-json\/wp\/v2\/product_brand?post=11262"},{"taxonomy":"product_cat","embeddable":true,"href":"https:\/\/towels.cc\/pt\/wp-json\/wp\/v2\/product_cat?post=11262"},{"taxonomy":"product_tag","embeddable":true,"href":"https:\/\/towels.cc\/pt\/wp-json\/wp\/v2\/product_tag?post=11262"}],"curies":[{"name":"wp","href":"https:\/\/api.w.org\/{rel}","templated":true}]}}