{"id":11256,"date":"2024-03-29T18:02:46","date_gmt":"2024-03-29T18:02:46","guid":{"rendered":"https:\/\/towels.cc\/?post_type=product&#038;p=11256"},"modified":"2024-11-05T15:38:20","modified_gmt":"2024-11-05T15:38:20","slug":"40x80cm-personalized-waffle-microfiber-golf-towel-with-a-loop-for-hanging","status":"publish","type":"product","link":"https:\/\/towels.cc\/pt\/produto\/40x80cm-personalized-waffle-microfiber-golf-towel-with-a-loop-for-hanging\/","title":{"rendered":"Toalha de golfe de microfibra waffle personalizada 40x80cm com al\u00e7a"},"content":{"rendered":"<p>Esse <a href=\"https:\/\/towels.cc\/pt\/golf-towel\/\">toalha de golfe de microfibra<\/a> \u00e9 finalizado em tecido waffle de malha com textura 380GSM, sem fiapos, secagem r\u00e1pida, superabsorvente de \u00e1gua, antibacteriano e tecnologia de impress\u00e3o digital de tamanho pequeno e grande de 40x80cm.<\/p>\n<p>Nosso outro popular <a href=\"https:\/\/towels.cc\/pt\/golf-towel\/\">toalha de golfe<\/a> o tamanho \u00e9 50x100cm tamanho L, voc\u00ea tamb\u00e9m pode personalizar outro tamanho e cor como desejar.<\/p>","protected":false},"excerpt":{"rendered":"<p><strong>Material:<\/strong> microfibra waffle<br \/>\n<strong>T\u00e9cnico:<\/strong> Tecido, plano, impress\u00e3o digital<br \/>\n<strong>Grossura:<\/strong> 380 GSM (Gr\u00e1ficos de rede)<br \/>\n<strong>Composi\u00e7\u00e3o:<\/strong> 80% poli\u00e9ster+20% poliamida<br \/>\n<strong>Tamanho da toalha:<\/strong> 40x80cm<br \/>\n<strong>Vantagem:<\/strong> Sem fiapos, aceita pedidos de BAIXA quantidade, secagem r\u00e1pida, f\u00e1cil de pendurar, macio e confort\u00e1vel, n\u00e3o desbota, padr\u00e3o exclusivo lav\u00e1vel \u00e0 m\u00e1quina.<\/p>","protected":false},"featured_media":11257,"template":"","meta":{"_seopress_robots_primary_cat":"none","_seopress_titles_title":"","_seopress_titles_desc":"","_seopress_robots_index":""},"product_brand":[],"product_cat":[61,34],"product_tag":[],"class_list":{"0":"post-11256","1":"product","2":"type-product","3":"status-publish","4":"has-post-thumbnail","6":"product_cat-golf-towel","7":"product_cat-microfiber-towel","9":"first","10":"instock","11":"shipping-taxable","12":"product-type-simple"},"_links":{"self":[{"href":"https:\/\/towels.cc\/pt\/wp-json\/wp\/v2\/product\/11256","targetHints":{"allow":["GET"]}}],"collection":[{"href":"https:\/\/towels.cc\/pt\/wp-json\/wp\/v2\/product"}],"about":[{"href":"https:\/\/towels.cc\/pt\/wp-json\/wp\/v2\/types\/product"}],"wp:featuredmedia":[{"embeddable":true,"href":"https:\/\/towels.cc\/pt\/wp-json\/wp\/v2\/media\/11257"}],"wp:attachment":[{"href":"https:\/\/towels.cc\/pt\/wp-json\/wp\/v2\/media?parent=11256"}],"wp:term":[{"taxonomy":"product_brand","embeddable":true,"href":"https:\/\/towels.cc\/pt\/wp-json\/wp\/v2\/product_brand?post=11256"},{"taxonomy":"product_cat","embeddable":true,"href":"https:\/\/towels.cc\/pt\/wp-json\/wp\/v2\/product_cat?post=11256"},{"taxonomy":"product_tag","embeddable":true,"href":"https:\/\/towels.cc\/pt\/wp-json\/wp\/v2\/product_tag?post=11256"}],"curies":[{"name":"wp","href":"https:\/\/api.w.org\/{rel}","templated":true}]}}