{"id":11250,"date":"2024-03-29T17:48:27","date_gmt":"2024-03-29T17:48:27","guid":{"rendered":"https:\/\/towels.cc\/?post_type=product&#038;p=11250"},"modified":"2024-11-05T15:38:54","modified_gmt":"2024-11-05T15:38:54","slug":"wholesale-hotel-cotton-towels-with-dobby-pattern","status":"publish","type":"product","link":"https:\/\/towels.cc\/pt\/produto\/wholesale-hotel-cotton-towels-with-dobby-pattern\/","title":{"rendered":"Toalhas de algod\u00e3o para hot\u00e9is por atacado com padr\u00e3o dobby e logotipo bordado"},"content":{"rendered":"<p>O <a href=\"https:\/\/towels.cc\/pt\/bath-towel\/\">toalhas de banho de algod\u00e3o<\/a> tamanho padr\u00e3o 70x140cm e 75x150cm fabricado pela empresa t\u00eaxtil Towelscc na China, que tem diferentes cores e padr\u00f5es para escolher a um pre\u00e7o razo\u00e1vel e qualidade de uso dur\u00e1vel.<\/p>","protected":false},"excerpt":{"rendered":"<p><strong>Material:<\/strong> fio de algod\u00e3o terry 16s twist<br \/>\n<strong>T\u00e9cnicas:<\/strong> Tecido, plano, logotipo bordado<br \/>\n<strong>Grossura:<\/strong> 600 GSM<br \/>\n<strong>Composi\u00e7\u00e3o:<\/strong> Algod\u00e3o 100%<br \/>\n<strong>Tamanho da toalha:<\/strong> 70x140cm, 75x150cm<br \/>\n<strong>Vantagem:<\/strong> Sem fiapos, macio e confort\u00e1vel, sem desbotamento, padr\u00e3o exclusivo lav\u00e1vel \u00e0 m\u00e1quina,<br \/>\n<strong>Que lugar voc\u00ea pode usar?<\/strong><br \/>\nbanho, spa, viagem, hotel, brinde promocional<\/p>","protected":false},"featured_media":11252,"template":"","meta":{"_seopress_robots_primary_cat":"none","_seopress_titles_title":"","_seopress_titles_desc":"","_seopress_robots_index":""},"product_brand":[],"product_cat":[55,66,57,59],"product_tag":[],"class_list":{"0":"post-11250","1":"product","2":"type-product","3":"status-publish","4":"has-post-thumbnail","6":"product_cat-cotton-towel","7":"product_cat-hotel-towel","8":"product_cat-mens-towel","9":"product_cat-women-towel","11":"first","12":"instock","13":"shipping-taxable","14":"product-type-simple"},"_links":{"self":[{"href":"https:\/\/towels.cc\/pt\/wp-json\/wp\/v2\/product\/11250","targetHints":{"allow":["GET"]}}],"collection":[{"href":"https:\/\/towels.cc\/pt\/wp-json\/wp\/v2\/product"}],"about":[{"href":"https:\/\/towels.cc\/pt\/wp-json\/wp\/v2\/types\/product"}],"wp:featuredmedia":[{"embeddable":true,"href":"https:\/\/towels.cc\/pt\/wp-json\/wp\/v2\/media\/11252"}],"wp:attachment":[{"href":"https:\/\/towels.cc\/pt\/wp-json\/wp\/v2\/media?parent=11250"}],"wp:term":[{"taxonomy":"product_brand","embeddable":true,"href":"https:\/\/towels.cc\/pt\/wp-json\/wp\/v2\/product_brand?post=11250"},{"taxonomy":"product_cat","embeddable":true,"href":"https:\/\/towels.cc\/pt\/wp-json\/wp\/v2\/product_cat?post=11250"},{"taxonomy":"product_tag","embeddable":true,"href":"https:\/\/towels.cc\/pt\/wp-json\/wp\/v2\/product_tag?post=11250"}],"curies":[{"name":"wp","href":"https:\/\/api.w.org\/{rel}","templated":true}]}}