{"id":11243,"date":"2024-03-29T17:43:19","date_gmt":"2024-03-29T17:43:19","guid":{"rendered":"https:\/\/towels.cc\/?post_type=product&#038;p=11243"},"modified":"2024-11-05T15:39:19","modified_gmt":"2024-11-05T15:39:19","slug":"wholesale-cotton-hotel-and-spa-towel-sets-cotton-towels-manufacturers","status":"publish","type":"product","link":"https:\/\/towels.cc\/pt\/produto\/wholesale-cotton-hotel-and-spa-towel-sets-cotton-towels-manufacturers\/","title":{"rendered":"Fabricantes de conjuntos de toalhas de algod\u00e3o para hot\u00e9is e spas por atacado"},"content":{"rendered":"<p>Towelscc \u00e9 uma das <a href=\"https:\/\/towels.cc\/pt\/cotton-towel\/\">fabricantes de toalhas de algod\u00e3o<\/a> Na China, focamos em toalhas de algod\u00e3o personalizadas em diferentes cores, tamanhos e padr\u00f5es. Aceitamos todos os pedidos OEM e ODM com entrega pontual, comunica\u00e7\u00e3o r\u00e1pida e pre\u00e7o competitivo.<\/p>","protected":false},"excerpt":{"rendered":"<p><strong>Material:<\/strong> fio de algod\u00e3o terry 16s twist<br \/>\n<strong>T\u00e9cnicas:<\/strong> Tecido, plano, sem logotipo<br \/>\n<strong>Grossura:<\/strong> 600 GSM<br \/>\n<strong>Composi\u00e7\u00e3o:<\/strong> Algod\u00e3o 100%<br \/>\n<strong>Tamanho da toalha:<\/strong> 30x30cm, 35x75cm, 70x140cm<br \/>\n<strong>Vantagem:<\/strong> Sem fiapos, macio e confort\u00e1vel, sem desbotamento, padr\u00e3o exclusivo lav\u00e1vel \u00e0 m\u00e1quina,<br \/>\n<strong>Que lugar voc\u00ea pode usar?<\/strong><br \/>\nspa, hotel, em casa, apartamento, hot\u00e9is pousada, empresa presente universal, brinde promocional<\/p>","protected":false},"featured_media":11247,"template":"","meta":{"_seopress_robots_primary_cat":"none","_seopress_titles_title":"","_seopress_titles_desc":"","_seopress_robots_index":""},"product_brand":[],"product_cat":[58,55,66,65],"product_tag":[],"class_list":{"0":"post-11243","1":"product","2":"type-product","3":"status-publish","4":"has-post-thumbnail","6":"product_cat-baby-kids-towel","7":"product_cat-cotton-towel","8":"product_cat-hotel-towel","9":"product_cat-spa-towel","11":"first","12":"instock","13":"shipping-taxable","14":"product-type-simple"},"_links":{"self":[{"href":"https:\/\/towels.cc\/pt\/wp-json\/wp\/v2\/product\/11243","targetHints":{"allow":["GET"]}}],"collection":[{"href":"https:\/\/towels.cc\/pt\/wp-json\/wp\/v2\/product"}],"about":[{"href":"https:\/\/towels.cc\/pt\/wp-json\/wp\/v2\/types\/product"}],"wp:featuredmedia":[{"embeddable":true,"href":"https:\/\/towels.cc\/pt\/wp-json\/wp\/v2\/media\/11247"}],"wp:attachment":[{"href":"https:\/\/towels.cc\/pt\/wp-json\/wp\/v2\/media?parent=11243"}],"wp:term":[{"taxonomy":"product_brand","embeddable":true,"href":"https:\/\/towels.cc\/pt\/wp-json\/wp\/v2\/product_brand?post=11243"},{"taxonomy":"product_cat","embeddable":true,"href":"https:\/\/towels.cc\/pt\/wp-json\/wp\/v2\/product_cat?post=11243"},{"taxonomy":"product_tag","embeddable":true,"href":"https:\/\/towels.cc\/pt\/wp-json\/wp\/v2\/product_tag?post=11243"}],"curies":[{"name":"wp","href":"https:\/\/api.w.org\/{rel}","templated":true}]}}