{"id":10998,"date":"2024-03-28T05:43:50","date_gmt":"2024-03-28T05:43:50","guid":{"rendered":"https:\/\/towels.cc\/?post_type=product&#038;p=10998"},"modified":"2024-11-05T15:39:53","modified_gmt":"2024-11-05T15:39:53","slug":"10998","status":"publish","type":"product","link":"https:\/\/towels.cc\/pt\/produto\/10998\/","title":{"rendered":"Toalha de spa profissional anti-alvejante de algod\u00e3o preto atacado"},"content":{"rendered":"<p>Somos profissionais na produ\u00e7\u00e3o de algod\u00e3o preto<a href=\"https:\/\/towels.cc\/pt\/spa-towel\/\"> fornecedor de envolt\u00f3rios para toalhas de spa<\/a> para muitas lojas de corte de cabelo e lojas em atacado pre\u00e7o barato e boa qualidade, aceitamos pequenas quantidades de pedidos tamb\u00e9m<\/p>","protected":false},"excerpt":{"rendered":"<p><strong>Material:<\/strong> 100% ALGOD\u00c3O<br \/>\n<strong>T\u00e9cnicas:<\/strong> Tecido plano, tecido tingido<br \/>\n<strong>Grossura:<\/strong> 400GSM<br \/>\n<strong>Composi\u00e7\u00e3o:<\/strong> 100% la\u00e7o de algod\u00e3o turco<br \/>\n<strong>Tamanho da toalha:<\/strong> 16\u2033x27\u2033<br \/>\n<strong>Vantagem:<\/strong> Sem fiapos, anti-alvejante, macio e confort\u00e1vel, n\u00e3o desbota, padr\u00e3o exclusivo lav\u00e1vel \u00e0 m\u00e1quina,<br \/>\n<strong>Que lugar voc\u00ea pode usar?<\/strong><br \/>\nbanho, spa, corte de cabelo, sal\u00e3o de beleza, ao ar livre, hotel, em casa, removedor de maquiagem, lavar o rosto, brinde promocional<\/p>","protected":false},"featured_media":11000,"template":"","meta":{"_seopress_robots_primary_cat":"none","_seopress_titles_title":"","_seopress_titles_desc":"","_seopress_robots_index":""},"product_brand":[],"product_cat":[55,54,65],"product_tag":[],"class_list":{"0":"post-10998","1":"product","2":"type-product","3":"status-publish","4":"has-post-thumbnail","6":"product_cat-cotton-towel","7":"product_cat-hair-towel","8":"product_cat-spa-towel","10":"first","11":"instock","12":"shipping-taxable","13":"product-type-simple"},"_links":{"self":[{"href":"https:\/\/towels.cc\/pt\/wp-json\/wp\/v2\/product\/10998","targetHints":{"allow":["GET"]}}],"collection":[{"href":"https:\/\/towels.cc\/pt\/wp-json\/wp\/v2\/product"}],"about":[{"href":"https:\/\/towels.cc\/pt\/wp-json\/wp\/v2\/types\/product"}],"wp:featuredmedia":[{"embeddable":true,"href":"https:\/\/towels.cc\/pt\/wp-json\/wp\/v2\/media\/11000"}],"wp:attachment":[{"href":"https:\/\/towels.cc\/pt\/wp-json\/wp\/v2\/media?parent=10998"}],"wp:term":[{"taxonomy":"product_brand","embeddable":true,"href":"https:\/\/towels.cc\/pt\/wp-json\/wp\/v2\/product_brand?post=10998"},{"taxonomy":"product_cat","embeddable":true,"href":"https:\/\/towels.cc\/pt\/wp-json\/wp\/v2\/product_cat?post=10998"},{"taxonomy":"product_tag","embeddable":true,"href":"https:\/\/towels.cc\/pt\/wp-json\/wp\/v2\/product_tag?post=10998"}],"curies":[{"name":"wp","href":"https:\/\/api.w.org\/{rel}","templated":true}]}}