{"id":10993,"date":"2024-03-28T05:39:17","date_gmt":"2024-03-28T05:39:17","guid":{"rendered":"https:\/\/towels.cc\/?post_type=product&#038;p=10993"},"modified":"2024-03-28T05:41:53","modified_gmt":"2024-03-28T05:41:53","slug":"plain-weaving-16s-twist-plant-dyed-cotton-workout-towels","status":"publish","type":"product","link":"https:\/\/towels.cc\/pt\/produto\/plain-weaving-16s-twist-plant-dyed-cotton-workout-towels\/","title":{"rendered":"Toalhas de treino de algod\u00e3o tingido com tor\u00e7\u00e3o de 16s em trama simples"},"content":{"rendered":"<p>As toalhas de treino s\u00e3o fabricadas por uma f\u00e1brica profissional de toalhas de academia, em fio de algod\u00e3o 16S de alta qualidade, bordado com um belo logotipo para a marca, bolso dobrado para guardar fones de ouvido e chaves quando voc\u00ea estiver correndo ou trotando fora ou dentro da academia. Nossa empresa oferece desenvolvimento de amostra gr\u00e1tis e atendimento individualizado aos clientes para pedidos de toalhas personalizadas.<\/p>","protected":false},"excerpt":{"rendered":"<p><strong>Material:<\/strong> 100% Algod\u00e3o eg\u00edpcio<br \/>\n<strong>T\u00e9cnicas:<\/strong> Logotipo tecido, plano, bordado<br \/>\n<strong>Grossura:<\/strong> 550 GSM (550 GSM)<br \/>\n<strong>Composi\u00e7\u00e3o:<\/strong> Fio de algod\u00e3o torcido 100% 16S<br \/>\n<strong>Tamanho da toalha:<\/strong>30\u00d7110 cm<br \/>\n<strong>Vantagem:<\/strong> Sem fiapos, tingido com tinta vegetal, n\u00e3o \u00e9 prejudicial \u00e0 pele, absorve \u00e1gua, macio e confort\u00e1vel, n\u00e3o desbota, tem um bolso para guardar pequenas coisas.<br \/>\n<strong>Que lugar voc\u00ea pode usar?<\/strong><br \/>\ntoalha de treino, esporte, escalada de montanha, gin\u00e1stica, fitness, corrida ao ar livre, corrida, brinde promocional<\/p>","protected":false},"featured_media":10996,"template":"","meta":{"_seopress_robots_primary_cat":"","_seopress_titles_title":"","_seopress_titles_desc":"","_seopress_robots_index":""},"product_brand":[],"product_cat":[55,49],"product_tag":[],"class_list":{"0":"post-10993","1":"product","2":"type-product","3":"status-publish","4":"has-post-thumbnail","6":"product_cat-cotton-towel","7":"product_cat-gym-towel","9":"first","10":"instock","11":"shipping-taxable","12":"product-type-simple"},"_links":{"self":[{"href":"https:\/\/towels.cc\/pt\/wp-json\/wp\/v2\/product\/10993","targetHints":{"allow":["GET"]}}],"collection":[{"href":"https:\/\/towels.cc\/pt\/wp-json\/wp\/v2\/product"}],"about":[{"href":"https:\/\/towels.cc\/pt\/wp-json\/wp\/v2\/types\/product"}],"wp:featuredmedia":[{"embeddable":true,"href":"https:\/\/towels.cc\/pt\/wp-json\/wp\/v2\/media\/10996"}],"wp:attachment":[{"href":"https:\/\/towels.cc\/pt\/wp-json\/wp\/v2\/media?parent=10993"}],"wp:term":[{"taxonomy":"product_brand","embeddable":true,"href":"https:\/\/towels.cc\/pt\/wp-json\/wp\/v2\/product_brand?post=10993"},{"taxonomy":"product_cat","embeddable":true,"href":"https:\/\/towels.cc\/pt\/wp-json\/wp\/v2\/product_cat?post=10993"},{"taxonomy":"product_tag","embeddable":true,"href":"https:\/\/towels.cc\/pt\/wp-json\/wp\/v2\/product_tag?post=10993"}],"curies":[{"name":"wp","href":"https:\/\/api.w.org\/{rel}","templated":true}]}}