{"id":10993,"date":"2024-03-28T05:39:17","date_gmt":"2024-03-28T05:39:17","guid":{"rendered":"https:\/\/towels.cc\/?post_type=product&#038;p=10993"},"modified":"2024-03-28T05:41:53","modified_gmt":"2024-03-28T05:41:53","slug":"plain-weaving-16s-twist-plant-dyed-cotton-workout-towels","status":"publish","type":"product","link":"https:\/\/towels.cc\/nl\/product\/plain-weaving-16s-twist-plant-dyed-cotton-workout-towels\/","title":{"rendered":"Effen geweven 16s twist plant geverfde katoenen sporthanddoeken"},"content":{"rendered":"<p>De trainingshanddoeken worden geproduceerd door een professionele sportschoolhanddoekenfabriek, in hoogwaardig 16S twist katoengaren, mooi logo voor merk, gevouwen zak om oordopjes en sleutels in te bewaren wanneer u buiten of binnen de sportschool aan het hardlopen of joggen bent. Ons bedrijf biedt gratis monsterontwikkeling en klantenservice \u00e9\u00e9n op \u00e9\u00e9n voor aangepaste handdoekbestellingen.<\/p>","protected":false},"excerpt":{"rendered":"<p><strong>Materiaal:<\/strong> 100% Egyptisch katoen<br \/>\n<strong>Techniek:<\/strong> Geweven, plat, geborduurd logo<br \/>\n<strong>Dikte:<\/strong> 550 GSM<br \/>\n<strong>Samenstelling:<\/strong> 100% 16S twist katoen garen<br \/>\n<strong>Handdoekmaat:<\/strong>30\u00d7110cm<br \/>\n<strong>Voordeel:<\/strong> Pluisvrij, plantaardig geverfd, niet schadelijk voor de huid, waterabsorberend, zacht en comfortabel, vervaagt niet en heeft een zakje om kleine spulletjes in te bewaren.<br \/>\n<strong>Welke plaats kun je gebruiken?<\/strong><br \/>\nsporthanddoek, sport, bergbeklimmen, sportschool kromtrekken, fitness, buiten hardlopen, joggen, promotiegeschenk<\/p>","protected":false},"featured_media":10996,"template":"","meta":{"_seopress_robots_primary_cat":"","_seopress_titles_title":"","_seopress_titles_desc":"","_seopress_robots_index":""},"product_brand":[],"product_cat":[55,49],"product_tag":[],"class_list":{"0":"post-10993","1":"product","2":"type-product","3":"status-publish","4":"has-post-thumbnail","6":"product_cat-cotton-towel","7":"product_cat-gym-towel","9":"first","10":"instock","11":"shipping-taxable","12":"product-type-simple"},"_links":{"self":[{"href":"https:\/\/towels.cc\/nl\/wp-json\/wp\/v2\/product\/10993","targetHints":{"allow":["GET"]}}],"collection":[{"href":"https:\/\/towels.cc\/nl\/wp-json\/wp\/v2\/product"}],"about":[{"href":"https:\/\/towels.cc\/nl\/wp-json\/wp\/v2\/types\/product"}],"wp:featuredmedia":[{"embeddable":true,"href":"https:\/\/towels.cc\/nl\/wp-json\/wp\/v2\/media\/10996"}],"wp:attachment":[{"href":"https:\/\/towels.cc\/nl\/wp-json\/wp\/v2\/media?parent=10993"}],"wp:term":[{"taxonomy":"product_brand","embeddable":true,"href":"https:\/\/towels.cc\/nl\/wp-json\/wp\/v2\/product_brand?post=10993"},{"taxonomy":"product_cat","embeddable":true,"href":"https:\/\/towels.cc\/nl\/wp-json\/wp\/v2\/product_cat?post=10993"},{"taxonomy":"product_tag","embeddable":true,"href":"https:\/\/towels.cc\/nl\/wp-json\/wp\/v2\/product_tag?post=10993"}],"curies":[{"name":"wp","href":"https:\/\/api.w.org\/{rel}","templated":true}]}}