{"id":12821,"date":"2024-04-19T13:28:44","date_gmt":"2024-04-19T13:28:44","guid":{"rendered":"https:\/\/towels.cc\/?post_type=product&#038;p=12821"},"modified":"2024-11-05T16:04:21","modified_gmt":"2024-11-05T16:04:21","slug":"personalized-cotton-sport-towel-embroidered-logo-cotton-towel","status":"publish","type":"product","link":"https:\/\/towels.cc\/it\/prodotto\/personalized-cotton-sport-towel-embroidered-logo-cotton-towel\/","title":{"rendered":"Asciugamano sportivo in cotone personalizzato con logo ricamato"},"content":{"rendered":"<p>Towelscc \u00e8 uno dei <a href=\"https:\/\/towels.cc\/it\/cotton-towel\/\">fornitori di asciugamani di cotone in Cina<\/a>.<\/p>\n<p>Questo cotone personalizzato <a href=\"https:\/\/towels.cc\/it\/custom-rally-towel\/\">asciugamano sportivo<\/a> \u00e8 ricamato il logo JD in dimensioni 30x100cm e spessore 500GSM in colore grigio.<\/p>\n<p>L&#039;asciugamano sportivo in spugna di cotone \u00e8 popolare in America e in alcuni paesi europei per la sua consistenza comoda e morbida, per il buon assorbimento dell&#039;acqua e per la rapida pulizia della pelle a contatto con l&#039;acqua.<\/p>\n<p>1. Towelcc utilizza principalmente cotone a fibra lunga e a fibra fine di alta qualit\u00e0, con fibre lunghe e di buona qualit\u00e0. Non utilizziamo cotone a fibra grossa, economico e facile da perdere, per garantire la qualit\u00e0.<\/p>\n<p>2. Towelcc utilizza filati con un titolo pi\u00f9 alto per rendere gli asciugamani pi\u00f9 delicati.<\/p>\n<p>3. Towelcc sceglie la migliore torsione per evitare asciugamani troppo rigidi o troppo larghi. Ad esempio, non produciamo asciugamani a torsione debole, morbidi ma di qualit\u00e0 media.<\/p>\n<p>4. Adottiamo diversi processi tessili in base alle esigenze dei diversi clienti. Inoltre, utilizziamo processi jacquard e velluto tagliato di altissima qualit\u00e0, con una lavorazione artigianale di alta qualit\u00e0.<\/p>\n<p>5. Gli asciugamani che personalizziamo per voi saranno stampati con loghi o gruppi. Il processo di stampa e tintura di Towelcc non solo garantisce un&#039;elevata resistenza del colore, ma danneggia anche poco le fibre di cotone e i prodotti finiti sono ricchi di colore.<\/p>\n<p>6. Se hai bisogno di servizi di ricamo a motivi, i lavoratori di Towelcc hanno una maestria nel ricamo molto elevata, con punti netti, motivi chiari, bordi lisci e molto belli.<\/p>","protected":false},"excerpt":{"rendered":"<p><strong>Materiale:<\/strong> spugna di cotone 21S\/2<br \/>\n<strong>Tecnica:<\/strong> Logo ricamato, piatto e intrecciato<br \/>\n<strong>Spessore:<\/strong> 450GSM<br \/>\n<strong>Composizione:<\/strong> cotone 100%<br \/>\n<strong>Dimensioni asciugamano:<\/strong> 30x100cm<br \/>\n<strong>Vantaggio:<\/strong> Anti-pelucchi, morbido e confortevole, non sbiadisce, motivo unico lavabile in lavatrice,<br \/>\n<strong>Quale posto puoi usare?<\/strong><br \/>\ngolf, sport, viaggi, arrampicata in montagna, deformazione in palestra, fitness corpo asciutto, regalo promozionale<br \/>\n<strong>Opzioni di personalizzazione:<\/strong><br \/>\nlogo: logo ricamato<br \/>\npacchetto: confezione regalo \/ sacchetto di plastica del opp<\/p>","protected":false},"featured_media":0,"template":"","meta":{"_seopress_robots_primary_cat":"none","_seopress_titles_title":"","_seopress_titles_desc":"","_seopress_robots_index":""},"product_brand":[],"product_cat":[55,49],"product_tag":[],"class_list":{"0":"post-12821","1":"product","2":"type-product","3":"status-publish","5":"product_cat-cotton-towel","6":"product_cat-gym-towel","8":"first","9":"instock","10":"shipping-taxable","11":"product-type-simple"},"_links":{"self":[{"href":"https:\/\/towels.cc\/it\/wp-json\/wp\/v2\/product\/12821","targetHints":{"allow":["GET"]}}],"collection":[{"href":"https:\/\/towels.cc\/it\/wp-json\/wp\/v2\/product"}],"about":[{"href":"https:\/\/towels.cc\/it\/wp-json\/wp\/v2\/types\/product"}],"wp:attachment":[{"href":"https:\/\/towels.cc\/it\/wp-json\/wp\/v2\/media?parent=12821"}],"wp:term":[{"taxonomy":"product_brand","embeddable":true,"href":"https:\/\/towels.cc\/it\/wp-json\/wp\/v2\/product_brand?post=12821"},{"taxonomy":"product_cat","embeddable":true,"href":"https:\/\/towels.cc\/it\/wp-json\/wp\/v2\/product_cat?post=12821"},{"taxonomy":"product_tag","embeddable":true,"href":"https:\/\/towels.cc\/it\/wp-json\/wp\/v2\/product_tag?post=12821"}],"curies":[{"name":"wp","href":"https:\/\/api.w.org\/{rel}","templated":true}]}}