{"id":12779,"date":"2024-04-19T13:00:33","date_gmt":"2024-04-19T13:00:33","guid":{"rendered":"https:\/\/towels.cc\/?post_type=product&#038;p=12779"},"modified":"2024-11-05T15:33:17","modified_gmt":"2024-11-05T15:33:17","slug":"custom-woven-logo-label-lint-free-and-anti-baterial-microfiber-gym-towel-with-zipper-2","status":"publish","type":"product","link":"https:\/\/towels.cc\/it\/prodotto\/custom-woven-logo-label-lint-free-and-anti-baterial-microfiber-gym-towel-with-zipper-2\/","title":{"rendered":"Asciugamano da palestra in microfibra antibatterico e anti-pelucchi con etichetta personalizzata con logo e cerniera 2"},"content":{"rendered":"<p>Ci stiamo concentrando su\u00a0<a href=\"https:\/\/towels.cc\/it\/gym-towel\/\">asciugamano da palestra in microfibra<\/a> Con cerniera e tasca, aggiungi un&#039;etichetta tessuta da cucire sul lato anteriore dell&#039;asciugamano, comfort e consistenza morbida sulla pelle, l&#039;asciugamano tinto con piante \u00e8 sicuro per il corpo umano, antimateriale e ad asciugatura rapida per gli amanti della palestra.<\/p>\n<p>La cerniera pu\u00f2 bloccare la tasca ed \u00e8 molto comoda per riporre oggetti personali. La nostra fabbrica vi d\u00e0 un caloroso benvenuto. <a href=\"https:\/\/towels.cc\/it\/gym-towel\/\">asciugamano da palestra personalizzato<\/a> ordina e vieni a trovarci quando vuoi!<\/p>","protected":false},"excerpt":{"rendered":"<p><strong>Materiale:\u00a0<\/strong> microfibra<br \/>\n<strong>Tecnica:<\/strong> Etichetta con logo intrecciato, piatto, tessuto<br \/>\n<strong>Spessore:<\/strong> 280GSM<br \/>\n<strong>Composizione:<\/strong> 100% poliestere<br \/>\n<strong>Dimensioni asciugamano:<\/strong> 40x80cm, Formato tascabile: 28x28cm<br \/>\n<strong>Vantaggio:<\/strong> Anti-pelucchi, anti-materiale, morbido e confortevole, resistente allo scolorimento, motivo unico lavabile in lavatrice,<br \/>\n<strong>Quale posto puoi usare?<\/strong><br \/>\ngolf,sport,arrampicata in montagna,palestra,corsa,jogging,fitness,regalo promozionale<br \/>\n<strong>Opzioni di personalizzazione:<\/strong><br \/>\nlogo: stampa a sublimazione \/ stampa serigrafica \/ ricamo logo<br \/>\npacchetto: confezione regalo \/ sacchetto di plastica del opp<\/p>","protected":false},"featured_media":12780,"template":"","meta":{"_seopress_robots_primary_cat":"none","_seopress_titles_title":"","_seopress_titles_desc":"","_seopress_robots_index":""},"product_brand":[],"product_cat":[49,34],"product_tag":[],"class_list":{"0":"post-12779","1":"product","2":"type-product","3":"status-publish","4":"has-post-thumbnail","6":"product_cat-gym-towel","7":"product_cat-microfiber-towel","9":"first","10":"instock","11":"shipping-taxable","12":"product-type-simple"},"_links":{"self":[{"href":"https:\/\/towels.cc\/it\/wp-json\/wp\/v2\/product\/12779","targetHints":{"allow":["GET"]}}],"collection":[{"href":"https:\/\/towels.cc\/it\/wp-json\/wp\/v2\/product"}],"about":[{"href":"https:\/\/towels.cc\/it\/wp-json\/wp\/v2\/types\/product"}],"wp:featuredmedia":[{"embeddable":true,"href":"https:\/\/towels.cc\/it\/wp-json\/wp\/v2\/media\/12780"}],"wp:attachment":[{"href":"https:\/\/towels.cc\/it\/wp-json\/wp\/v2\/media?parent=12779"}],"wp:term":[{"taxonomy":"product_brand","embeddable":true,"href":"https:\/\/towels.cc\/it\/wp-json\/wp\/v2\/product_brand?post=12779"},{"taxonomy":"product_cat","embeddable":true,"href":"https:\/\/towels.cc\/it\/wp-json\/wp\/v2\/product_cat?post=12779"},{"taxonomy":"product_tag","embeddable":true,"href":"https:\/\/towels.cc\/it\/wp-json\/wp\/v2\/product_tag?post=12779"}],"curies":[{"name":"wp","href":"https:\/\/api.w.org\/{rel}","templated":true}]}}