{"id":12855,"date":"2024-04-20T13:25:48","date_gmt":"2024-04-20T13:25:48","guid":{"rendered":"https:\/\/towels.cc\/?post_type=product&#038;p=12855"},"modified":"2024-11-05T15:27:54","modified_gmt":"2024-11-05T15:27:54","slug":"16-s-twist-cotton-yarn-bath-towel-with-dobby-fitness-towel-with-germ-shield-2","status":"publish","type":"product","link":"https:\/\/towels.cc\/hu\/termek\/16-s-twist-cotton-yarn-bath-towel-with-dobby-fitness-towel-with-germ-shield-2\/","title":{"rendered":"16 s csavar\u00e1s pamut fonal f\u00fcrd\u0151leped\u0151 dobby fitnesz t\u00f6r\u00f6lk\u00f6z\u0151vel cs\u00edrav\u00e9d\u0151vel\u00a0"},"content":{"rendered":"<p>A fitnesz\u00fcnk <a href=\"https:\/\/towels.cc\/hu\/\">t\u00f6r\u00fclk\u00f6z\u0151<\/a> cs\u00edrav\u00e9d\u0151 funkci\u00f3val, luxus min\u0151s\u00e9g\u0171, 16 s sodrat\u00fa pamutfonallal, 600GSM vastags\u00e1g\u00fa anyaggal, eleg\u00e1ns \u00e9s hat\u00e1rozott Bobby mint\u00e1val k\u00e9sz\u00fcl.<\/p>\n<p>Hosszabb frott\u00edr hurok, mint a norm\u00e1l 21-es \u00e9s 32-es <a href=\"https:\/\/towels.cc\/hu\/cotton-towel\/\">pamutfonal<\/a>, \u00fagy \u00e9rzi, a text\u00fara l\u00e1gyabb \u00e9s k\u00e9nyelmesebb.<\/p>\n<p>B\u00e1rmilyen sz\u00edn\u0171 \u00e9s m\u00e9ret\u0171 fitneszt\u00f6r\u00f6lk\u00f6z\u0151t testreszabhatunk az \u00d6n sz\u00e1m\u00e1ra anti-anyag funkci\u00f3val!<\/p>","protected":false},"excerpt":{"rendered":"<p><strong>Anyag:\u00a0<\/strong> 16S sodrat pamutfonal<br \/>\n<strong>M\u0171szaki:<\/strong> Sz\u0151tt, lapos, Dobby<br \/>\n<strong>Vastags\u00e1g:<\/strong> 600 GSM<br \/>\n<strong>\u00d6sszet\u00e9tel:<\/strong> 100% pamut<br \/>\n<strong>T\u00f6r\u00f6lk\u00f6z\u0151 m\u00e9rete:<\/strong> 40x90 cm<br \/>\n<strong>El\u0151ny:<\/strong> Sz\u00f6szmentes, puha \u00e9s k\u00e9nyelmes, nem fakul, egyedi mint\u00e1zat\u00fa, mos\u00f3g\u00e9pben moshat\u00f3,<br \/>\n<strong>Milyen helyet haszn\u00e1lhatsz?<\/strong><br \/>\ngolf,sport,f\u00fcrd\u0151,otthon,utaz\u00e1s,hegym\u00e1sz\u00e1s,tornaterem t\u00f6rl\u0151kend\u0151,fitness sz\u00e1raz test,rekl\u00e1m aj\u00e1nd\u00e9k<br \/>\n<strong>Testreszab\u00e1si lehet\u0151s\u00e9gek:<\/strong><br \/>\n<strong>log\u00f3:<\/strong> h\u00edmz\u00e9s log\u00f3<br \/>\n<strong>csomag:<\/strong> d\u00edszdoboz \/ opp polit\u00e1ska<\/p>","protected":false},"featured_media":12846,"template":"","meta":{"_seopress_robots_primary_cat":"none","_seopress_titles_title":"","_seopress_titles_desc":"","_seopress_robots_index":""},"product_brand":[],"product_cat":[31,37,49],"product_tag":[],"class_list":{"0":"post-12855","1":"product","2":"type-product","3":"status-publish","4":"has-post-thumbnail","6":"product_cat-all-towels","7":"product_cat-bath-towel","8":"product_cat-gym-towel","10":"first","11":"instock","12":"shipping-taxable","13":"product-type-simple"},"_links":{"self":[{"href":"https:\/\/towels.cc\/hu\/wp-json\/wp\/v2\/product\/12855","targetHints":{"allow":["GET"]}}],"collection":[{"href":"https:\/\/towels.cc\/hu\/wp-json\/wp\/v2\/product"}],"about":[{"href":"https:\/\/towels.cc\/hu\/wp-json\/wp\/v2\/types\/product"}],"wp:featuredmedia":[{"embeddable":true,"href":"https:\/\/towels.cc\/hu\/wp-json\/wp\/v2\/media\/12846"}],"wp:attachment":[{"href":"https:\/\/towels.cc\/hu\/wp-json\/wp\/v2\/media?parent=12855"}],"wp:term":[{"taxonomy":"product_brand","embeddable":true,"href":"https:\/\/towels.cc\/hu\/wp-json\/wp\/v2\/product_brand?post=12855"},{"taxonomy":"product_cat","embeddable":true,"href":"https:\/\/towels.cc\/hu\/wp-json\/wp\/v2\/product_cat?post=12855"},{"taxonomy":"product_tag","embeddable":true,"href":"https:\/\/towels.cc\/hu\/wp-json\/wp\/v2\/product_tag?post=12855"}],"curies":[{"name":"wp","href":"https:\/\/api.w.org\/{rel}","templated":true}]}}