{"id":12821,"date":"2024-04-19T13:28:44","date_gmt":"2024-04-19T13:28:44","guid":{"rendered":"https:\/\/towels.cc\/?post_type=product&#038;p=12821"},"modified":"2024-11-05T16:04:21","modified_gmt":"2024-11-05T16:04:21","slug":"personalized-cotton-sport-towel-embroidered-logo-cotton-towel","status":"publish","type":"product","link":"https:\/\/towels.cc\/hu\/termek\/personalized-cotton-sport-towel-embroidered-logo-cotton-towel\/","title":{"rendered":"Szem\u00e9lyre szabott pamut sportt\u00f6r\u00fclk\u00f6z\u0151, h\u00edmzett log\u00f3val ell\u00e1tott pamut t\u00f6r\u00f6lk\u00f6z\u0151"},"content":{"rendered":"<p>A Towelscc az egyik <a href=\"https:\/\/towels.cc\/hu\/cotton-towel\/\">pamut t\u00f6r\u00f6lk\u00f6z\u0151 besz\u00e1ll\u00edt\u00f3k K\u00edn\u00e1ban<\/a>.<\/p>\n<p>Ez a szem\u00e9lyre szabott pamut <a href=\"https:\/\/towels.cc\/hu\/custom-rally-towel\/\">sport t\u00f6r\u00f6lk\u00f6z\u0151<\/a> H\u00edmzett JD log\u00f3 30x100cm m\u00e9retben \u00e9s 500GSM vastags\u00e1gban sz\u00fcrke sz\u00ednben.<\/p>\n<p>A pamut frott\u00edr sportt\u00f6r\u00f6lk\u00f6z\u0151 n\u00e9pszer\u0171 Amerik\u00e1ban \u00e9s n\u00e9h\u00e1ny eur\u00f3pai orsz\u00e1gban, mert k\u00e9nyelmes \u00e9s puha text\u00far\u00e1ja, j\u00f3 nedvsz\u00edv\u00f3 k\u00e9pess\u00e9ge, gyorsan tiszt\u00edtja b\u0151r\u00fcnket, ha v\u00edzzel tal\u00e1lkozik.<\/p>\n<p>1. A Towelcc f\u0151 anyagk\u00e9nt kiv\u00e1l\u00f3 min\u0151s\u00e9g\u0171 hossz\u00fa sz\u00e1l\u00fa pamutot \u00e9s finom sz\u00e1l\u00fa pamutot haszn\u00e1l, hossz\u00fa rostokkal \u00e9s j\u00f3 min\u0151s\u00e9gben. A min\u0151s\u00e9g biztos\u00edt\u00e1sa \u00e9rdek\u00e9ben nem haszn\u00e1lunk olcs\u00f3 \u00e9s k\u00f6nnyen ki\u00f6nthet\u0151 durva v\u00e1gott pamut anyagokat.<\/p>\n<p>2. A Towelcc nagyobb sz\u00e1m\u00fa fonalat haszn\u00e1l, hogy a t\u00f6r\u00f6lk\u00f6z\u0151k finomabbak legyenek.<\/p>\n<p>3. A Towelcc a legjobb csavart v\u00e1lasztja, hogy elker\u00fclje a t\u00fal merev vagy t\u00fal laza t\u00f6r\u00f6lk\u00f6z\u0151ket. Nem k\u00e9sz\u00edt\u00fcnk p\u00e9ld\u00e1ul gyeng\u00e9n csavarhat\u00f3 t\u00f6r\u00f6lk\u00f6z\u0151ket, amik puh\u00e1k, de \u00e1tlagos min\u0151s\u00e9g\u0171ek.<\/p>\n<p>4. K\u00fcl\u00f6nb\u00f6z\u0151 textilipari folyamatokat alkalmazunk a k\u00fcl\u00f6nb\u00f6z\u0151 \u00fcgyfelek ig\u00e9nyei szerint. Ezen k\u00edv\u00fcl nagyon magas sz\u00ednvonal\u00fa jacquard \u00e9s v\u00e1gott b\u00e1rsony elj\u00e1r\u00e1sokat alkalmazunk finom kivitelez\u00e9ssel.<\/p>\n<p>5. Az \u00e1ltalunk szem\u00e9lyre szabott t\u00f6r\u00f6lk\u00f6z\u0151k log\u00f3kkal vagy csoportokkal lesznek nyomtatva. A Towelcc nyomtat\u00e1si \u00e9s fest\u00e9si elj\u00e1r\u00e1sa nemcsak nagy sz\u00edntart\u00f3ss\u00e1ggal rendelkezik, de a pamutsz\u00e1lakat is csek\u00e9ly m\u00e9rt\u00e9kben k\u00e1ros\u00edtja, \u00e9s a k\u00e9szterm\u00e9kek sz\u00edngazdagok.<\/p>\n<p>6. Ha mintah\u00edmz\u00e9si szolg\u00e1ltat\u00e1sra van sz\u00fcks\u00e9ge, a Towelcc munk\u00e1sai nagyon finom h\u00edmz\u00e9si szak\u00e9rtelemmel rendelkeznek, \u00fcgyes \u00f6lt\u00e9sekkel, tiszta mint\u00e1kkal, sima \u00e9lekkel \u00e9s nagyon sz\u00e9pekkel.<\/p>","protected":false},"excerpt":{"rendered":"<p><strong>Anyag:<\/strong> pamut frott\u00edr 21S\/2<br \/>\n<strong>Technika:<\/strong> Sz\u0151tt, lapos, h\u00edmzett log\u00f3<br \/>\n<strong>Vastags\u00e1g:<\/strong> 450 GSM<br \/>\n<strong>\u00d6sszet\u00e9tel:<\/strong> 100% pamut<br \/>\n<strong>T\u00f6r\u00f6lk\u00f6z\u0151 m\u00e9rete:<\/strong> 30x100 cm<br \/>\n<strong>El\u0151ny:<\/strong> Sz\u00f6szmentes, puha \u00e9s k\u00e9nyelmes, nem fakul, egyedi mint\u00e1zat\u00fa, mos\u00f3g\u00e9pben moshat\u00f3,<br \/>\n<strong>Milyen helyet haszn\u00e1lhatsz?<\/strong><br \/>\ngolfoz\u00e1s,sport,utaz\u00e1s,hegym\u00e1sz\u00e1s,tornatermi vetemed\u00e9s,fitness dry body,prom\u00f3ci\u00f3s aj\u00e1nd\u00e9k<br \/>\n<strong>Testreszab\u00e1si lehet\u0151s\u00e9gek:<\/strong><br \/>\nlog\u00f3: h\u00edmz\u0151 log\u00f3<br \/>\ncsomag: d\u00edszdoboz \/ opp polybag<\/p>","protected":false},"featured_media":0,"template":"","meta":{"_seopress_robots_primary_cat":"none","_seopress_titles_title":"","_seopress_titles_desc":"","_seopress_robots_index":""},"product_brand":[],"product_cat":[55,49],"product_tag":[],"class_list":{"0":"post-12821","1":"product","2":"type-product","3":"status-publish","5":"product_cat-cotton-towel","6":"product_cat-gym-towel","8":"first","9":"instock","10":"shipping-taxable","11":"product-type-simple"},"_links":{"self":[{"href":"https:\/\/towels.cc\/hu\/wp-json\/wp\/v2\/product\/12821","targetHints":{"allow":["GET"]}}],"collection":[{"href":"https:\/\/towels.cc\/hu\/wp-json\/wp\/v2\/product"}],"about":[{"href":"https:\/\/towels.cc\/hu\/wp-json\/wp\/v2\/types\/product"}],"wp:attachment":[{"href":"https:\/\/towels.cc\/hu\/wp-json\/wp\/v2\/media?parent=12821"}],"wp:term":[{"taxonomy":"product_brand","embeddable":true,"href":"https:\/\/towels.cc\/hu\/wp-json\/wp\/v2\/product_brand?post=12821"},{"taxonomy":"product_cat","embeddable":true,"href":"https:\/\/towels.cc\/hu\/wp-json\/wp\/v2\/product_cat?post=12821"},{"taxonomy":"product_tag","embeddable":true,"href":"https:\/\/towels.cc\/hu\/wp-json\/wp\/v2\/product_tag?post=12821"}],"curies":[{"name":"wp","href":"https:\/\/api.w.org\/{rel}","templated":true}]}}