{"id":12796,"date":"2024-04-19T13:09:58","date_gmt":"2024-04-19T13:09:58","guid":{"rendered":"https:\/\/towels.cc\/?post_type=product&#038;p=12796"},"modified":"2024-11-05T15:32:07","modified_gmt":"2024-11-05T15:32:07","slug":"custom-printed-microfiber-water-absorbent-promotional-gym-towel-for-fedex","status":"publish","type":"product","link":"https:\/\/towels.cc\/hu\/termek\/custom-printed-microfiber-water-absorbent-promotional-gym-towel-for-fedex\/","title":{"rendered":"Szuper k\u00e9nyelmes nyomott vel\u00far pamut tornat\u00f6r\u00f6lk\u00f6z\u0151"},"content":{"rendered":"<p>Vezet\u0151k\u00e9nt <a href=\"https:\/\/towels.cc\/hu\/gym-towel\/\">pamut sportt\u00f6r\u00f6lk\u00f6z\u0151 gy\u00e1rt\u00f3<\/a> K\u00edn\u00e1ban min\u0151s\u00e9gi text\u00far\u00e1ra, k\u00f6t\u00f6tt anyagra \u00e9s magas technol\u00f3gi\u00e1j\u00fa k\u00e9zm\u0171ves munk\u00e1kra t\u00f6reksz\u00fcnk.<\/p>\n<p>Mind a mi\u00e9nk <a href=\"https:\/\/towels.cc\/hu\/cotton-towel\/\">pamut t\u00f6r\u00f6lk\u00f6z\u0151k<\/a> AAA szint\u0171 pamutfonalakb\u00f3l k\u00e9sz\u00fcltek, hogy boldogg\u00e1 tegy\u00e9k az embereket \u00e9s \u00e9lvezz\u00e9k a j\u00f3 \u00e9letet.<\/p>","protected":false},"excerpt":{"rendered":"<p><strong>Anyag:<\/strong> pamut frott\u00edr 21S\/2<br \/>\n<strong>Technika:<\/strong> Sz\u0151tt, lapos, reakt\u00edv nyomtat\u00e1si log\u00f3<br \/>\n<strong>Vastags\u00e1g:<\/strong> 400 GSM<br \/>\n<strong>\u00d6sszet\u00e9tel:<\/strong> 100% pamut<br \/>\n<strong>T\u00f6r\u00f6lk\u00f6z\u0151 m\u00e9rete:<\/strong> 35x75 cm<br \/>\n<strong>El\u0151ny:<\/strong> Sz\u00f6szmentes, puha \u00e9s k\u00e9nyelmes, nem fakul, egyedi mint\u00e1zat\u00fa, mos\u00f3g\u00e9pben moshat\u00f3,<br \/>\n<strong>Milyen helyet haszn\u00e1lhatsz?<\/strong><br \/>\ngolfoz\u00e1s,sport,utaz\u00e1s,hegym\u00e1sz\u00e1s,tornatermi vetemed\u00e9s,fitness dry body,prom\u00f3ci\u00f3s aj\u00e1nd\u00e9k<br \/>\n<strong>Testreszab\u00e1si lehet\u0151s\u00e9gek:<\/strong><br \/>\nlog\u00f3: h\u00edmz\u0151 log\u00f3<br \/>\ncsomag: d\u00edszdoboz \/ opp polybag<\/p>","protected":false},"featured_media":12805,"template":"","meta":{"_seopress_robots_primary_cat":"none","_seopress_titles_title":"","_seopress_titles_desc":"","_seopress_robots_index":""},"product_brand":[],"product_cat":[49],"product_tag":[],"class_list":{"0":"post-12796","1":"product","2":"type-product","3":"status-publish","4":"has-post-thumbnail","6":"product_cat-gym-towel","8":"first","9":"instock","10":"shipping-taxable","11":"product-type-simple"},"_links":{"self":[{"href":"https:\/\/towels.cc\/hu\/wp-json\/wp\/v2\/product\/12796","targetHints":{"allow":["GET"]}}],"collection":[{"href":"https:\/\/towels.cc\/hu\/wp-json\/wp\/v2\/product"}],"about":[{"href":"https:\/\/towels.cc\/hu\/wp-json\/wp\/v2\/types\/product"}],"wp:featuredmedia":[{"embeddable":true,"href":"https:\/\/towels.cc\/hu\/wp-json\/wp\/v2\/media\/12805"}],"wp:attachment":[{"href":"https:\/\/towels.cc\/hu\/wp-json\/wp\/v2\/media?parent=12796"}],"wp:term":[{"taxonomy":"product_brand","embeddable":true,"href":"https:\/\/towels.cc\/hu\/wp-json\/wp\/v2\/product_brand?post=12796"},{"taxonomy":"product_cat","embeddable":true,"href":"https:\/\/towels.cc\/hu\/wp-json\/wp\/v2\/product_cat?post=12796"},{"taxonomy":"product_tag","embeddable":true,"href":"https:\/\/towels.cc\/hu\/wp-json\/wp\/v2\/product_tag?post=12796"}],"curies":[{"name":"wp","href":"https:\/\/api.w.org\/{rel}","templated":true}]}}