{"id":12787,"date":"2024-04-19T13:05:16","date_gmt":"2024-04-19T13:05:16","guid":{"rendered":"https:\/\/towels.cc\/?post_type=product&#038;p=12787"},"modified":"2024-11-05T15:32:34","modified_gmt":"2024-11-05T15:32:34","slug":"quick-drying-light-weight-aquis-adventure-microfiber-towel","status":"publish","type":"product","link":"https:\/\/towels.cc\/hu\/termek\/quick-drying-light-weight-aquis-adventure-microfiber-towel\/","title":{"rendered":"Gyorsan sz\u00e1rad\u00f3 k\u00f6nny\u0171 aquis kaland mikrosz\u00e1las t\u00f6r\u00f6lk\u00f6z\u0151"},"content":{"rendered":"<p>Az acquis kalandja <a href=\"https:\/\/towels.cc\/hu\/microfiber-towel\/\">mikrosz\u00e1las t\u00f6r\u00f6lk\u00f6z\u0151<\/a> 200GSM vel\u00far mikrosz\u00e1las anyagb\u00f3l k\u00e9sz\u00fclt, k\u00f6nny\u0171 \u00e9s gyorsan sz\u00e1rad\u00f3 kempingez\u00e9shez vagy utaz\u00e1shoz, antibakteri\u00e1lis, sz\u00f6szmentes \u00e9s hurokkal a k\u00f6nny\u0171 l\u00f3g\u00e1shoz.<\/p>","protected":false},"excerpt":{"rendered":"<p><strong>Anyag:<\/strong> vel\u00far mikrosz\u00e1las<br \/>\n<strong>Technika:<\/strong> Sz\u0151tt, lapos, log\u00f3 n\u00e9lk\u00fcl<br \/>\n<strong>Vastags\u00e1g:<\/strong> 200 GSM<br \/>\n<strong>\u00d6sszet\u00e9tel:<\/strong> 80% poli\u00e9szter+20%poliamid<br \/>\n<strong>T\u00f6r\u00f6lk\u00f6z\u0151 m\u00e9rete:<\/strong> 60x120 cm<br \/>\n<strong>El\u0151ny:<\/strong> Sz\u00f6szmentes, puha \u00e9s k\u00e9nyelmes, nem fakul, egyedi mint\u00e1zat\u00fa, mos\u00f3g\u00e9pben moshat\u00f3,\u00a0<strong>Milyen helyet haszn\u00e1lhatsz?<\/strong><br \/>\ngolfoz\u00e1s,sport,kir\u00e1ndul\u00e1s,strandon,\u00fasz\u00e1s,hegym\u00e1sz\u00e1s,tornaterem vetemed\u00e9s,fitness dry body,rekl\u00e1m aj\u00e1nd\u00e9k<\/p>\n<p><strong>Testreszab\u00e1si lehet\u0151s\u00e9gek:<\/strong><br \/>\nlog\u00f3: szublim\u00e1ci\u00f3s nyomat \/szitanyom\u00e1s \/ h\u00edmz\u00e9s log\u00f3<br \/>\ncsomag: d\u00edszdoboz \/ opp polybag<\/p>","protected":false},"featured_media":12791,"template":"","meta":{"_seopress_robots_primary_cat":"none","_seopress_titles_title":"","_seopress_titles_desc":"","_seopress_robots_index":""},"product_brand":[],"product_cat":[49],"product_tag":[],"class_list":{"0":"post-12787","1":"product","2":"type-product","3":"status-publish","4":"has-post-thumbnail","6":"product_cat-gym-towel","8":"first","9":"instock","10":"shipping-taxable","11":"product-type-simple"},"_links":{"self":[{"href":"https:\/\/towels.cc\/hu\/wp-json\/wp\/v2\/product\/12787","targetHints":{"allow":["GET"]}}],"collection":[{"href":"https:\/\/towels.cc\/hu\/wp-json\/wp\/v2\/product"}],"about":[{"href":"https:\/\/towels.cc\/hu\/wp-json\/wp\/v2\/types\/product"}],"wp:featuredmedia":[{"embeddable":true,"href":"https:\/\/towels.cc\/hu\/wp-json\/wp\/v2\/media\/12791"}],"wp:attachment":[{"href":"https:\/\/towels.cc\/hu\/wp-json\/wp\/v2\/media?parent=12787"}],"wp:term":[{"taxonomy":"product_brand","embeddable":true,"href":"https:\/\/towels.cc\/hu\/wp-json\/wp\/v2\/product_brand?post=12787"},{"taxonomy":"product_cat","embeddable":true,"href":"https:\/\/towels.cc\/hu\/wp-json\/wp\/v2\/product_cat?post=12787"},{"taxonomy":"product_tag","embeddable":true,"href":"https:\/\/towels.cc\/hu\/wp-json\/wp\/v2\/product_tag?post=12787"}],"curies":[{"name":"wp","href":"https:\/\/api.w.org\/{rel}","templated":true}]}}