{"id":12779,"date":"2024-04-19T13:00:33","date_gmt":"2024-04-19T13:00:33","guid":{"rendered":"https:\/\/towels.cc\/?post_type=product&#038;p=12779"},"modified":"2024-11-05T15:33:17","modified_gmt":"2024-11-05T15:33:17","slug":"custom-woven-logo-label-lint-free-and-anti-baterial-microfiber-gym-towel-with-zipper-2","status":"publish","type":"product","link":"https:\/\/towels.cc\/hu\/termek\/custom-woven-logo-label-lint-free-and-anti-baterial-microfiber-gym-towel-with-zipper-2\/","title":{"rendered":"Egyedi sz\u00f6v\u00e9s\u0171-log\u00f3-c\u00edmke-sz\u00f6szmentes- \u00e9s elemmentes-mikrosz\u00e1las-tornat\u00f6r\u00f6lk\u00f6z\u0151-cipz\u00e1rral-2"},"content":{"rendered":"<p>Mi arra koncentr\u00e1lunk\u00a0<a href=\"https:\/\/towels.cc\/hu\/gym-towel\/\">mikrosz\u00e1las tornat\u00f6r\u00f6lk\u00f6z\u0151<\/a> cipz\u00e1rral \u00e9s zsebbel, sz\u00f6v\u00f6tt c\u00edmke varr\u00e1ssal az el\u00fcls\u0151 t\u00f6r\u00fclk\u00f6z\u0151 oldal\u00e1n, k\u00e9nyelmes \u00e9s puha text\u00fara a b\u0151r\u00f6n, a n\u00f6v\u00e9nyi fest\u0151 t\u00f6r\u00f6lk\u00f6z\u0151 biztons\u00e1gos az emberi test sz\u00e1m\u00e1ra, antianyag \u00e9s gyorsan sz\u00e1rad\u00f3 az edz\u0151terem szerelmeseinek.<\/p>\n<p>A cipz\u00e1rral z\u00e1rhat\u00f3 a zseb, \u00e9s nagyon k\u00e9nyelmes, ha valami szem\u00e9lyes dolgot tesz\u00fcnk bele. \u00dczem\u00fcnket szeretettel v\u00e1rjuk <a href=\"https:\/\/towels.cc\/hu\/gym-towel\/\">szem\u00e9lyre szabott tornat\u00f6r\u00f6lk\u00f6z\u0151<\/a> rendeljen \u00e9s l\u00e1togasson el hozz\u00e1nk b\u00e1rmikor!<\/p>","protected":false},"excerpt":{"rendered":"<p><strong>Anyag:\u00a0<\/strong> mikrosz\u00e1las<br \/>\n<strong>Technika:<\/strong> Sz\u0151tt, lapos, sz\u00f6v\u00f6tt log\u00f3s c\u00edmke<br \/>\n<strong>Vastags\u00e1g:<\/strong> 280 GSM<br \/>\n<strong>\u00d6sszet\u00e9tel:<\/strong> 100% poli\u00e9szter<br \/>\n<strong>T\u00f6r\u00f6lk\u00f6z\u0151 m\u00e9rete:<\/strong> 40x80cm, Zseb m\u00e9rete: 28x28cm<br \/>\n<strong>El\u0151ny:<\/strong> Sz\u00f6szmentes, anyag\u00e1ll\u00f3, puha \u00e9s k\u00e9nyelmes, nem fakul, egyedi mint\u00e1zat\u00fa, mos\u00f3g\u00e9pben moshat\u00f3,<br \/>\n<strong>Milyen helyet haszn\u00e1lhatsz?<\/strong><br \/>\ngolf, sport, hegym\u00e1sz\u00e1s, edz\u0151terem, fut\u00e1s, kocog\u00e1s, fitnesz, prom\u00f3ci\u00f3s aj\u00e1nd\u00e9k<br \/>\n<strong>Testreszab\u00e1si lehet\u0151s\u00e9gek:<\/strong><br \/>\nlog\u00f3: szublim\u00e1ci\u00f3s nyomat \/szitanyom\u00e1s \/ h\u00edmz\u00e9s log\u00f3<br \/>\ncsomag: d\u00edszdoboz \/ opp polybag<\/p>","protected":false},"featured_media":12780,"template":"","meta":{"_seopress_robots_primary_cat":"none","_seopress_titles_title":"","_seopress_titles_desc":"","_seopress_robots_index":""},"product_brand":[],"product_cat":[49,34],"product_tag":[],"class_list":{"0":"post-12779","1":"product","2":"type-product","3":"status-publish","4":"has-post-thumbnail","6":"product_cat-gym-towel","7":"product_cat-microfiber-towel","9":"first","10":"instock","11":"shipping-taxable","12":"product-type-simple"},"_links":{"self":[{"href":"https:\/\/towels.cc\/hu\/wp-json\/wp\/v2\/product\/12779","targetHints":{"allow":["GET"]}}],"collection":[{"href":"https:\/\/towels.cc\/hu\/wp-json\/wp\/v2\/product"}],"about":[{"href":"https:\/\/towels.cc\/hu\/wp-json\/wp\/v2\/types\/product"}],"wp:featuredmedia":[{"embeddable":true,"href":"https:\/\/towels.cc\/hu\/wp-json\/wp\/v2\/media\/12780"}],"wp:attachment":[{"href":"https:\/\/towels.cc\/hu\/wp-json\/wp\/v2\/media?parent=12779"}],"wp:term":[{"taxonomy":"product_brand","embeddable":true,"href":"https:\/\/towels.cc\/hu\/wp-json\/wp\/v2\/product_brand?post=12779"},{"taxonomy":"product_cat","embeddable":true,"href":"https:\/\/towels.cc\/hu\/wp-json\/wp\/v2\/product_cat?post=12779"},{"taxonomy":"product_tag","embeddable":true,"href":"https:\/\/towels.cc\/hu\/wp-json\/wp\/v2\/product_tag?post=12779"}],"curies":[{"name":"wp","href":"https:\/\/api.w.org\/{rel}","templated":true}]}}