{"id":12760,"date":"2024-04-19T12:42:39","date_gmt":"2024-04-19T12:42:39","guid":{"rendered":"https:\/\/towels.cc\/?post_type=product&#038;p=12760"},"modified":"2024-11-05T15:34:50","modified_gmt":"2024-11-05T15:34:50","slug":"full-colors-sublimation-printed-microfiber-yoga-towel-china-manufacturer","status":"publish","type":"product","link":"https:\/\/towels.cc\/hu\/termek\/full-colors-sublimation-printed-microfiber-yoga-towel-china-manufacturer\/","title":{"rendered":"Teljes sz\u00ednek szublim\u00e1ci\u00f3val nyomtatott mikrosz\u00e1las j\u00f3gat\u00f6r\u00f6lk\u00f6z\u0151 k\u00ednai gy\u00e1rt\u00f3"},"content":{"rendered":"<p><a href=\"https:\/\/towels.cc\/hu\/yoga-towel\/\">J\u00f3ga t\u00f6r\u00f6lk\u00f6z\u0151 k\u00ednai gy\u00e1rt\u00f3<\/a> -vel <a href=\"https:\/\/towels.cc\/hu\/microfiber-towel\/\">min\u0151s\u00e9gi mikrosz\u00e1las<\/a>, cs\u00facstechnol\u00f3gia \u00e9s k\u00e9zm\u0171ves munka, poli\u00e9szter \u00e9s nylon sz\u00f6v\u00e9s, versenyk\u00e9pes nagykereskedelmi \u00e1r \u00e9s egy \u00e9v garancia.<\/p>\n<p>J\u00f3ga t\u00f6r\u00f6lk\u00f6z\u0151ket sz\u00e1ll\u00edtunk n\u00e9h\u00e1ny Amazon nagy elad\u00f3nak!<\/p>","protected":false},"excerpt":{"rendered":"<p><strong>Anyag:<\/strong> frott\u00edr mikrosz\u00e1las<br \/>\n<strong>M\u0171szaki:<\/strong> Sz\u0151tt, lapos, szublim\u00e1ci\u00f3s nyomtat\u00e1s\u00fa log\u00f3<br \/>\n<strong>Vastags\u00e1g:<\/strong> 300 GSM<br \/>\n<strong>\u00d6sszet\u00e9tel:<\/strong> 80% poli\u00e9szter + 20% poliamid<br \/>\n<strong>T\u00f6r\u00f6lk\u00f6z\u0151 m\u00e9rete:<\/strong> 183x61 cm<br \/>\n<strong>El\u0151ny:<\/strong> Sz\u00f6szmentes, extra hossz\u00fa m\u00e9ret, gyorsan sz\u00e1rad\u00f3, puha \u00e9s k\u00e9nyelmes, nem fakul, egyedi mint\u00e1zat\u00fa, mos\u00f3g\u00e9pben moshat\u00f3,<br \/>\n<strong>Milyen helyet haszn\u00e1lhatsz?<\/strong><br \/>\nj\u00f3ga,sport,hegym\u00e1sz\u00e1s,tornaterem t\u00f6r\u00f6lget\u00e9s,\u00fasz\u00e1s,kempingez\u00e9s,f\u00fcrd\u00e9s,strandon,fitness sz\u00e1raz test,aj\u00e1nd\u00e9k<br \/>\n<strong>Testreszab\u00e1si lehet\u0151s\u00e9gek:<\/strong><br \/>\nlog\u00f3: szublim\u00e1ci\u00f3s nyomat \/szitanyom\u00e1s \/ h\u00edmz\u00e9s log\u00f3<br \/>\ncsomag: d\u00edszdoboz \/ opp polybag<\/p>","protected":false},"featured_media":12761,"template":"","meta":{"_seopress_robots_primary_cat":"none","_seopress_titles_title":"","_seopress_titles_desc":"","_seopress_robots_index":""},"product_brand":[],"product_cat":[50],"product_tag":[],"class_list":{"0":"post-12760","1":"product","2":"type-product","3":"status-publish","4":"has-post-thumbnail","6":"product_cat-yoga-towel","8":"first","9":"instock","10":"shipping-taxable","11":"product-type-simple"},"_links":{"self":[{"href":"https:\/\/towels.cc\/hu\/wp-json\/wp\/v2\/product\/12760","targetHints":{"allow":["GET"]}}],"collection":[{"href":"https:\/\/towels.cc\/hu\/wp-json\/wp\/v2\/product"}],"about":[{"href":"https:\/\/towels.cc\/hu\/wp-json\/wp\/v2\/types\/product"}],"wp:featuredmedia":[{"embeddable":true,"href":"https:\/\/towels.cc\/hu\/wp-json\/wp\/v2\/media\/12761"}],"wp:attachment":[{"href":"https:\/\/towels.cc\/hu\/wp-json\/wp\/v2\/media?parent=12760"}],"wp:term":[{"taxonomy":"product_brand","embeddable":true,"href":"https:\/\/towels.cc\/hu\/wp-json\/wp\/v2\/product_brand?post=12760"},{"taxonomy":"product_cat","embeddable":true,"href":"https:\/\/towels.cc\/hu\/wp-json\/wp\/v2\/product_cat?post=12760"},{"taxonomy":"product_tag","embeddable":true,"href":"https:\/\/towels.cc\/hu\/wp-json\/wp\/v2\/product_tag?post=12760"}],"curies":[{"name":"wp","href":"https:\/\/api.w.org\/{rel}","templated":true}]}}