{"id":12749,"date":"2024-04-19T12:35:25","date_gmt":"2024-04-19T12:35:25","guid":{"rendered":"https:\/\/towels.cc\/?post_type=product&#038;p=12749"},"modified":"2024-11-05T15:35:11","modified_gmt":"2024-11-05T15:35:11","slug":"customize-waffle-printed-yoga-towel-with-loop-for-hang-out","status":"publish","type":"product","link":"https:\/\/towels.cc\/hu\/termek\/customize-waffle-printed-yoga-towel-with-loop-for-hang-out\/","title":{"rendered":"Szabja testre gofri nyomott j\u00f3gat\u00f6r\u00f6lk\u00f6z\u0151t hurokkal a l\u00f3g\u00e1shoz"},"content":{"rendered":"<p>j\u00f3k vagyunk <a href=\"https:\/\/towels.cc\/hu\/microfiber-towel\/\">szem\u00e9lyre szabott mikrosz\u00e1las gofri nyomott j\u00f3ga t\u00f6r\u00f6lk\u00f6z\u0151<\/a> poli\u00e9szter \u00e9s nylon anyagb\u00f3l, fekete sz\u00f6vet kamp\u00f3 j\u00f3ga\u00f3r\u00e1k ut\u00e1n akaszthat\u00f3, nagyon gyorsan sz\u00e1rad\u00f3, n\u00f6v\u00e9nyi fest\u00e9k \u00e9s szublim\u00e1ci\u00f3s nyomat nem k\u00e1ros az emberi b\u0151rre.<\/p>","protected":false},"excerpt":{"rendered":"<p><strong>Anyag:<\/strong> gofri mikrosz\u00e1las<br \/>\n<strong>M\u0171szaki:<\/strong> Sz\u0151tt, lapos, szublim\u00e1ci\u00f3s nyomtat\u00e1s\u00fa log\u00f3<br \/>\n<strong>Vastags\u00e1g:<\/strong> 360GSM<br \/>\n<strong>\u00d6sszet\u00e9tel:<\/strong> 80% poli\u00e9szter+20%poliamid<br \/>\n<strong>T\u00f6r\u00f6lk\u00f6z\u0151 m\u00e9rete:<\/strong> 24\u00d772 h\u00fcvelyk<br \/>\n<strong>El\u0151ny:<\/strong> x Sz\u00f6szmentes, k\u00e9t oldalra nyomtatott, cs\u00fasz\u00e1smentes, puha \u00e9s k\u00e9nyelmes, nem fakul, egyedi mint\u00e1zat\u00fa g\u00e9pben moshat\u00f3<\/p>","protected":false},"featured_media":12753,"template":"","meta":{"_seopress_robots_primary_cat":"none","_seopress_titles_title":"","_seopress_titles_desc":"","_seopress_robots_index":""},"product_brand":[],"product_cat":[31,50],"product_tag":[],"class_list":{"0":"post-12749","1":"product","2":"type-product","3":"status-publish","4":"has-post-thumbnail","6":"product_cat-all-towels","7":"product_cat-yoga-towel","9":"first","10":"instock","11":"shipping-taxable","12":"product-type-simple"},"_links":{"self":[{"href":"https:\/\/towels.cc\/hu\/wp-json\/wp\/v2\/product\/12749","targetHints":{"allow":["GET"]}}],"collection":[{"href":"https:\/\/towels.cc\/hu\/wp-json\/wp\/v2\/product"}],"about":[{"href":"https:\/\/towels.cc\/hu\/wp-json\/wp\/v2\/types\/product"}],"wp:featuredmedia":[{"embeddable":true,"href":"https:\/\/towels.cc\/hu\/wp-json\/wp\/v2\/media\/12753"}],"wp:attachment":[{"href":"https:\/\/towels.cc\/hu\/wp-json\/wp\/v2\/media?parent=12749"}],"wp:term":[{"taxonomy":"product_brand","embeddable":true,"href":"https:\/\/towels.cc\/hu\/wp-json\/wp\/v2\/product_brand?post=12749"},{"taxonomy":"product_cat","embeddable":true,"href":"https:\/\/towels.cc\/hu\/wp-json\/wp\/v2\/product_cat?post=12749"},{"taxonomy":"product_tag","embeddable":true,"href":"https:\/\/towels.cc\/hu\/wp-json\/wp\/v2\/product_tag?post=12749"}],"curies":[{"name":"wp","href":"https:\/\/api.w.org\/{rel}","templated":true}]}}