{"id":12739,"date":"2024-04-19T12:29:51","date_gmt":"2024-04-19T12:29:51","guid":{"rendered":"https:\/\/towels.cc\/?post_type=product&#038;p=12739"},"modified":"2024-11-05T15:35:39","modified_gmt":"2024-11-05T15:35:39","slug":"antibaterial-ants-microfiber-yoga-towels","status":"publish","type":"product","link":"https:\/\/towels.cc\/hu\/termek\/antibaterial-ants-microfiber-yoga-towels\/","title":{"rendered":"Antibateri\u00e1lis hangy\u00e1k mikrosz\u00e1las j\u00f3ga t\u00f6r\u00f6lk\u00f6z\u0151k"},"content":{"rendered":"<p>mi vagyunk <a href=\"https:\/\/towels.cc\/hu\/yoga-towel\/\">j\u00f3ga t\u00f6r\u00f6lk\u00f6z\u0151k<\/a> B\u0151r n\u00e9lk\u00fcli besz\u00e1ll\u00edt\u00f3 \u00e9s gy\u00e1rt\u00e1s cs\u00fasz\u00e1sg\u00e1tl\u00f3, anyag\u00fa, nem fakult \u00e9s sz\u00f6szmentes, funkcion\u00e1lis min\u0151s\u00e9gi t\u00f6r\u00f6lk\u00f6z\u0151k a j\u00f3gasport szerelmeseinek, t\u00f6bb mint 12 \u00e9ve el\u00e9rhet\u0151 mint\u00e1k verseny\u00e1ron.<\/p>","protected":false},"excerpt":{"rendered":"<p><strong>Anyag:<\/strong> vastag hangya mikrosz\u00e1las<br \/>\n<strong>M\u0171szaki:<\/strong> Sz\u0151tt, lapos, k\u00f6t\u00f6tt,<br \/>\n<strong>Vastags\u00e1g:<\/strong> 420GSM<br \/>\n<strong>\u00d6sszet\u00e9tel:<\/strong> 80% poli\u00e9szter + 20% poliamid<br \/>\n<strong>T\u00f6r\u00f6lk\u00f6z\u0151 m\u00e9rete:<\/strong>183x67 cm<br \/>\n<strong>El\u0151ny:<\/strong> Sz\u00f6szmentes, gyorsan sz\u00e1rad\u00f3, kompakt m\u00e9ret, puha \u00e9s k\u00e9nyelmes, nem fakul, egyedi mint\u00e1zat\u00fa, mos\u00f3g\u00e9pben moshat\u00f3.<\/p>","protected":false},"featured_media":12740,"template":"","meta":{"_seopress_robots_primary_cat":"none","_seopress_titles_title":"","_seopress_titles_desc":"","_seopress_robots_index":""},"product_brand":[],"product_cat":[50],"product_tag":[],"class_list":{"0":"post-12739","1":"product","2":"type-product","3":"status-publish","4":"has-post-thumbnail","6":"product_cat-yoga-towel","8":"first","9":"instock","10":"shipping-taxable","11":"product-type-simple"},"_links":{"self":[{"href":"https:\/\/towels.cc\/hu\/wp-json\/wp\/v2\/product\/12739","targetHints":{"allow":["GET"]}}],"collection":[{"href":"https:\/\/towels.cc\/hu\/wp-json\/wp\/v2\/product"}],"about":[{"href":"https:\/\/towels.cc\/hu\/wp-json\/wp\/v2\/types\/product"}],"wp:featuredmedia":[{"embeddable":true,"href":"https:\/\/towels.cc\/hu\/wp-json\/wp\/v2\/media\/12740"}],"wp:attachment":[{"href":"https:\/\/towels.cc\/hu\/wp-json\/wp\/v2\/media?parent=12739"}],"wp:term":[{"taxonomy":"product_brand","embeddable":true,"href":"https:\/\/towels.cc\/hu\/wp-json\/wp\/v2\/product_brand?post=12739"},{"taxonomy":"product_cat","embeddable":true,"href":"https:\/\/towels.cc\/hu\/wp-json\/wp\/v2\/product_cat?post=12739"},{"taxonomy":"product_tag","embeddable":true,"href":"https:\/\/towels.cc\/hu\/wp-json\/wp\/v2\/product_tag?post=12739"}],"curies":[{"name":"wp","href":"https:\/\/api.w.org\/{rel}","templated":true}]}}