{"id":11281,"date":"2024-03-30T05:30:44","date_gmt":"2024-03-30T05:30:44","guid":{"rendered":"https:\/\/towels.cc\/?post_type=product&#038;p=11281"},"modified":"2024-11-05T15:36:48","modified_gmt":"2024-11-05T15:36:48","slug":"suede-microfiber-beach-towel-with-loop-and-mesh-bag-180x90cm","status":"publish","type":"product","link":"https:\/\/towels.cc\/hu\/termek\/suede-microfiber-beach-towel-with-loop-and-mesh-bag-180x90cm\/","title":{"rendered":"Vel\u00far mikrosz\u00e1las strandt\u00f6r\u00f6lk\u00f6z\u0151 hurokkal \u00e9s h\u00e1l\u00f3s t\u00e1sk\u00e1val 180x90cm"},"content":{"rendered":"<p>200GSM poli\u00e9szter \u00e9s poliamid vel\u00far <a href=\"https:\/\/towels.cc\/hu\/beach-towel\/\">mikrosz\u00e1las strandt\u00f6r\u00f6lk\u00f6z\u0151<\/a> akaszt\u00f3hurokkal, h\u00e1l\u00f3s t\u00e1sk\u00e1val a k\u00f6nny\u0171 hordozhat\u00f3s\u00e1g\u00e9rt \u00e9s kompakt m\u00e9retben, 180x90 cm-es nagy m\u00e9ret var\u00e1zslatos a gyors sz\u00e1raz \u00e9s tiszta b\u0151r\u00e9rt a strandon.<\/p>","protected":false},"excerpt":{"rendered":"<p><strong>Anyag:<\/strong> vel\u00far mikrosz\u00e1las<br \/>\n<strong>M\u0171szaki:<\/strong> Sz\u0151tt, lapos, szitanyom\u00e1sos log\u00f3 h\u00e1l\u00f3s t\u00e1sk\u00e1n<br \/>\n<strong>Vastags\u00e1g:<\/strong> 200 GSM<br \/>\n<strong>\u00d6sszet\u00e9tel:<\/strong> 80% poli\u00e9szter+20%poliamid<br \/>\n<strong>T\u00f6r\u00f6lk\u00f6z\u0151 m\u00e9rete:<\/strong> 180\u00d790 cm<br \/>\n<strong>El\u0151ny:<\/strong> Sz\u00f6szmentes, homokmentes, antibakteri\u00e1lis, v\u00edz\u00e1ll\u00f3, puha \u00e9s k\u00e9nyelmes, nem fakul, egyedi mint\u00e1zat\u00fa, mos\u00f3g\u00e9pben moshat\u00f3,<br \/>\n<strong>Milyen helyet haszn\u00e1lhatsz?<\/strong><br \/>\nstrandon,sport,hegym\u00e1sz\u00e1s,tornaterem t\u00f6r\u00f6lget\u00e9s,fitness sz\u00e1raz test,kir\u00e1ndul\u00e1s,aj\u00e1nd\u00e9k<\/p>","protected":false},"featured_media":11283,"template":"","meta":{"_seopress_robots_primary_cat":"none","_seopress_titles_title":"","_seopress_titles_desc":"","_seopress_robots_index":""},"product_brand":[],"product_cat":[33,34],"product_tag":[],"class_list":{"0":"post-11281","1":"product","2":"type-product","3":"status-publish","4":"has-post-thumbnail","6":"product_cat-beach-towel","7":"product_cat-microfiber-towel","9":"first","10":"instock","11":"shipping-taxable","12":"product-type-simple"},"_links":{"self":[{"href":"https:\/\/towels.cc\/hu\/wp-json\/wp\/v2\/product\/11281","targetHints":{"allow":["GET"]}}],"collection":[{"href":"https:\/\/towels.cc\/hu\/wp-json\/wp\/v2\/product"}],"about":[{"href":"https:\/\/towels.cc\/hu\/wp-json\/wp\/v2\/types\/product"}],"wp:featuredmedia":[{"embeddable":true,"href":"https:\/\/towels.cc\/hu\/wp-json\/wp\/v2\/media\/11283"}],"wp:attachment":[{"href":"https:\/\/towels.cc\/hu\/wp-json\/wp\/v2\/media?parent=11281"}],"wp:term":[{"taxonomy":"product_brand","embeddable":true,"href":"https:\/\/towels.cc\/hu\/wp-json\/wp\/v2\/product_brand?post=11281"},{"taxonomy":"product_cat","embeddable":true,"href":"https:\/\/towels.cc\/hu\/wp-json\/wp\/v2\/product_cat?post=11281"},{"taxonomy":"product_tag","embeddable":true,"href":"https:\/\/towels.cc\/hu\/wp-json\/wp\/v2\/product_tag?post=11281"}],"curies":[{"name":"wp","href":"https:\/\/api.w.org\/{rel}","templated":true}]}}