{"id":11275,"date":"2024-03-30T05:28:09","date_gmt":"2024-03-30T05:28:09","guid":{"rendered":"https:\/\/towels.cc\/?post_type=product&#038;p=11275"},"modified":"2024-11-05T15:37:06","modified_gmt":"2024-11-05T15:37:06","slug":"sand-free-and-fast-drying-light-weight-microfiber-beach-towel","status":"publish","type":"product","link":"https:\/\/towels.cc\/hu\/termek\/sand-free-and-fast-drying-light-weight-microfiber-beach-towel\/","title":{"rendered":"Homokmentes \u00e9s gyorsan sz\u00e1rad\u00f3 k\u00f6nny\u0171 mikrosz\u00e1las strandt\u00f6r\u00f6lk\u00f6z\u0151"},"content":{"rendered":"<p>mi vagyunk <a href=\"https:\/\/towels.cc\/hu\/beach-towel\/\">mikrosz\u00e1las strandt\u00f6r\u00f6lk\u00f6z\u0151 elad\u00f3 gy\u00e1r<\/a> K\u00edn\u00e1ban kiv\u00e1l\u00f3 min\u0151s\u00e9g\u0171 k\u00f6nny\u0171 \u00e9s homokmentes text\u00far\u00e1j\u00fa strandt\u00f6r\u00f6lk\u00f6z\u0151ket sz\u00e1ll\u00edt sok \u00e9ven \u00e1t.<\/p>\n<p>Ez a vel\u00far mikrosz\u00e1las strandt\u00f6r\u00f6lk\u00f6z\u0151 hurokkal a l\u00f3g\u00e1shoz \u00e9s a k\u00f6nny\u0171 hordoz\u00e1shoz.<\/p>","protected":false},"excerpt":{"rendered":"<p><strong>Anyag:<\/strong> vel\u00far mikrosz\u00e1las<br \/>\n<strong>M\u0171szaki:<\/strong> Sz\u0151tt, lapos, k\u00f6t\u00f6tt, digit\u00e1lis nyomtatott log\u00f3<br \/>\n<strong>Vastags\u00e1g:<\/strong> 200 GSM<br \/>\n<strong>\u00d6sszet\u00e9tel:<\/strong> 80% poli\u00e9szter + 20% poliamid<br \/>\n<strong>T\u00f6r\u00f6lk\u00f6z\u0151 m\u00e9rete:<\/strong>70x140 cm<br \/>\n<strong>El\u0151ny:<\/strong> Sz\u00f6szmentes, homokmentes, gyorsan sz\u00e1rad\u00f3, kompakt m\u00e9ret, puha \u00e9s k\u00e9nyelmes, nem fakul, egyedi mint\u00e1zat\u00fa, mos\u00f3g\u00e9pben moshat\u00f3,<br \/>\n<strong>Milyen helyet haszn\u00e1lhatsz?<\/strong><br \/>\nkempingez\u00e9s, utaz\u00e1s, \u00fasz\u00e1s, strandon, f\u00fcrd\u0151z\u00e9s, sport, uszoda, rekl\u00e1maj\u00e1nd\u00e9k<\/p>","protected":false},"featured_media":11277,"template":"","meta":{"_seopress_robots_primary_cat":"none","_seopress_titles_title":"","_seopress_titles_desc":"","_seopress_robots_index":""},"product_brand":[],"product_cat":[33,34],"product_tag":[],"class_list":{"0":"post-11275","1":"product","2":"type-product","3":"status-publish","4":"has-post-thumbnail","6":"product_cat-beach-towel","7":"product_cat-microfiber-towel","9":"first","10":"instock","11":"shipping-taxable","12":"product-type-simple"},"_links":{"self":[{"href":"https:\/\/towels.cc\/hu\/wp-json\/wp\/v2\/product\/11275","targetHints":{"allow":["GET"]}}],"collection":[{"href":"https:\/\/towels.cc\/hu\/wp-json\/wp\/v2\/product"}],"about":[{"href":"https:\/\/towels.cc\/hu\/wp-json\/wp\/v2\/types\/product"}],"wp:featuredmedia":[{"embeddable":true,"href":"https:\/\/towels.cc\/hu\/wp-json\/wp\/v2\/media\/11277"}],"wp:attachment":[{"href":"https:\/\/towels.cc\/hu\/wp-json\/wp\/v2\/media?parent=11275"}],"wp:term":[{"taxonomy":"product_brand","embeddable":true,"href":"https:\/\/towels.cc\/hu\/wp-json\/wp\/v2\/product_brand?post=11275"},{"taxonomy":"product_cat","embeddable":true,"href":"https:\/\/towels.cc\/hu\/wp-json\/wp\/v2\/product_cat?post=11275"},{"taxonomy":"product_tag","embeddable":true,"href":"https:\/\/towels.cc\/hu\/wp-json\/wp\/v2\/product_tag?post=11275"}],"curies":[{"name":"wp","href":"https:\/\/api.w.org\/{rel}","templated":true}]}}