{"id":11273,"date":"2024-03-30T05:32:39","date_gmt":"2024-03-30T05:32:39","guid":{"rendered":"https:\/\/towels.cc\/?post_type=product&#038;p=11273"},"modified":"2024-11-05T15:36:28","modified_gmt":"2024-11-05T15:36:28","slug":"waffle-microfiber-beach-towel-design-your-own-pattern-75x150cm","status":"publish","type":"product","link":"https:\/\/towels.cc\/hu\/termek\/waffle-microfiber-beach-towel-design-your-own-pattern-75x150cm\/","title":{"rendered":"Gofri mikrosz\u00e1las strandt\u00f6r\u00f6lk\u00f6z\u0151 tervezze saj\u00e1t mint\u00e1j\u00e1val 75x150cm"},"content":{"rendered":"<p>360GSM vastags\u00e1g 75x150cm <a href=\"https:\/\/towels.cc\/hu\/beach-towel\/\">mikrosz\u00e1las strandt\u00f6r\u00f6lk\u00f6z\u0151 egyedi<\/a> Nyomtat\u00e1s az \u00fcgyf\u00e9l ig\u00e9nye szerint, sz\u00f6szmentes, gyorsan sz\u00e1rad\u00f3 fekete sz\u00f6vethurokkal, falra akaszthat\u00f3.<\/p>\n<p>Mi vagyunk a <a href=\"https:\/\/towels.cc\/hu\/beach-towel\/\">strandt\u00f6r\u00f6lk\u00f6z\u0151 gy\u00e1r<\/a> K\u00edn\u00e1ban \u00e9s b\u00e1rmilyen strandt\u00f6r\u00f6lk\u00f6z\u0151 m\u00e9ret\u0171 \u00e9s m\u0171alkot\u00e1st elfogadhatunk \u00e9s gy\u00e1rthatunk.<\/p>","protected":false},"excerpt":{"rendered":"<p><strong>Anyag:<\/strong> gofri mikrosz\u00e1las<br \/>\n<strong>M\u0171szaki:<\/strong> Sz\u0151tt, lapos, digit\u00e1lis nyomtatott log\u00f3<br \/>\n<strong>Vastags\u00e1g:<\/strong> 360GSM<br \/>\n<strong>\u00d6sszet\u00e9tel:<\/strong> 80% poli\u00e9szter + 20% poliamid<br \/>\n<strong>T\u00f6r\u00f6lk\u00f6z\u0151 m\u00e9rete:<\/strong> 75x150 cm<br \/>\n<strong>El\u0151ny:<\/strong> Sz\u00f6szmentes, k\u00f6nnyen falra akaszthat\u00f3, puha \u00e9s k\u00e9nyelmes, nem fakul, egyedi mint\u00e1zat\u00fa, mos\u00f3g\u00e9pben moshat\u00f3,<br \/>\n<strong>Milyen helyet haszn\u00e1lhatsz?<\/strong><br \/>\nj\u00f3ga, sport, prom\u00f3ci\u00f3s aj\u00e1nd\u00e9k, strandon, kir\u00e1ndul\u00e1s, piknik<\/p>","protected":false},"featured_media":11285,"template":"","meta":{"_seopress_robots_primary_cat":"none","_seopress_titles_title":"","_seopress_titles_desc":"","_seopress_robots_index":""},"product_brand":[],"product_cat":[34],"product_tag":[],"class_list":{"0":"post-11273","1":"product","2":"type-product","3":"status-publish","4":"has-post-thumbnail","6":"product_cat-microfiber-towel","8":"first","9":"instock","10":"shipping-taxable","11":"product-type-simple"},"_links":{"self":[{"href":"https:\/\/towels.cc\/hu\/wp-json\/wp\/v2\/product\/11273","targetHints":{"allow":["GET"]}}],"collection":[{"href":"https:\/\/towels.cc\/hu\/wp-json\/wp\/v2\/product"}],"about":[{"href":"https:\/\/towels.cc\/hu\/wp-json\/wp\/v2\/types\/product"}],"wp:featuredmedia":[{"embeddable":true,"href":"https:\/\/towels.cc\/hu\/wp-json\/wp\/v2\/media\/11285"}],"wp:attachment":[{"href":"https:\/\/towels.cc\/hu\/wp-json\/wp\/v2\/media?parent=11273"}],"wp:term":[{"taxonomy":"product_brand","embeddable":true,"href":"https:\/\/towels.cc\/hu\/wp-json\/wp\/v2\/product_brand?post=11273"},{"taxonomy":"product_cat","embeddable":true,"href":"https:\/\/towels.cc\/hu\/wp-json\/wp\/v2\/product_cat?post=11273"},{"taxonomy":"product_tag","embeddable":true,"href":"https:\/\/towels.cc\/hu\/wp-json\/wp\/v2\/product_tag?post=11273"}],"curies":[{"name":"wp","href":"https:\/\/api.w.org\/{rel}","templated":true}]}}