{"id":11262,"date":"2024-03-29T18:11:21","date_gmt":"2024-03-29T18:11:21","guid":{"rendered":"https:\/\/towels.cc\/?post_type=product&#038;p=11262"},"modified":"2024-11-05T15:37:46","modified_gmt":"2024-11-05T15:37:46","slug":"24x68-inch-waffle-microfiber-anti-slip-lint-free-quick-dry-yoga-towel-wholesale","status":"publish","type":"product","link":"https:\/\/towels.cc\/hu\/termek\/24x68-inch-waffle-microfiber-anti-slip-lint-free-quick-dry-yoga-towel-wholesale\/","title":{"rendered":"24\u00d768 h\u00fcvelykes gofri mikrosz\u00e1las cs\u00fasz\u00e1sg\u00e1tl\u00f3 sz\u00f6szmentes gyorsan sz\u00e1rad\u00f3 j\u00f3gat\u00f6r\u00fclk\u00f6z\u0151 nagykereskedelem"},"content":{"rendered":"<p>Az ut\u00f3bbi id\u0151ben egyre t\u00f6bben szeretik a j\u00f3gasportokat, \u00e9s egy j\u00f3 cs\u00fasz\u00e1sg\u00e1tl\u00f3, sz\u00f6szmentes gyors sz\u00e1rad\u00e1st. <a href=\"https:\/\/towels.cc\/hu\/yoga-towel\/\">j\u00f3ga t\u00f6r\u00f6lk\u00f6z\u0151<\/a> sz\u00fcks\u00e9ges \u00e9s fontos sz\u00e1munkra.<\/p>\n<p>A towelscc egy profi \u00a0<a href=\"https:\/\/towels.cc\/hu\/yoga-towel\/\">j\u00f3ga t\u00f6r\u00f6lk\u00f6z\u0151 nagykeresked\u00e9s \u00e9s gy\u00e1rt\u00f3<\/a> K\u00edn\u00e1ban t\u00f6bb mint 12 \u00e9ve fogadunk testreszabott \u00e9s tervezhet\u0151 j\u00f3gat\u00f6r\u00f6lk\u00f6z\u0151-megold\u00e1sokat OEM \u00e9s ODM megrendel\u00e9sekhez.<\/p>","protected":false},"excerpt":{"rendered":"<p><strong>Anyag:<\/strong> gofri mikrosz\u00e1las<br \/>\n<strong>M\u0171szaki:<\/strong> Sz\u0151tt, lapos, digit\u00e1lis nyomtatott log\u00f3<br \/>\n<strong>Vastags\u00e1g:<\/strong> 360GSM<br \/>\n<strong>\u00d6sszet\u00e9tel:<\/strong> 80% poli\u00e9szter+20%poliamid<br \/>\n<strong>T\u00f6r\u00f6lk\u00f6z\u0151 m\u00e9rete:<\/strong> 24\u00d768 h\u00fcvelyk<br \/>\n<strong>El\u0151ny:<\/strong> Sz\u00f6szmentes, puha \u00e9s k\u00e9nyelmes, nem fakul, egyedi mint\u00e1zat\u00fa, mos\u00f3g\u00e9pben moshat\u00f3,<br \/>\n<strong>Milyen helyet haszn\u00e1lhatsz?<\/strong><br \/>\ngolf,sport,j\u00f3ga,f\u00fcrd\u00e9s,\u00fasz\u00e1s,hegym\u00e1sz\u00e1s,tornaterem t\u00f6rl\u0151kend\u0151,fitness dry body,rekl\u00e1m aj\u00e1nd\u00e9k<\/p>","protected":false},"featured_media":11264,"template":"","meta":{"_seopress_robots_primary_cat":"none","_seopress_titles_title":"","_seopress_titles_desc":"","_seopress_robots_index":""},"product_brand":[],"product_cat":[34,59,50],"product_tag":[],"class_list":{"0":"post-11262","1":"product","2":"type-product","3":"status-publish","4":"has-post-thumbnail","6":"product_cat-microfiber-towel","7":"product_cat-women-towel","8":"product_cat-yoga-towel","10":"first","11":"instock","12":"shipping-taxable","13":"product-type-simple"},"_links":{"self":[{"href":"https:\/\/towels.cc\/hu\/wp-json\/wp\/v2\/product\/11262","targetHints":{"allow":["GET"]}}],"collection":[{"href":"https:\/\/towels.cc\/hu\/wp-json\/wp\/v2\/product"}],"about":[{"href":"https:\/\/towels.cc\/hu\/wp-json\/wp\/v2\/types\/product"}],"wp:featuredmedia":[{"embeddable":true,"href":"https:\/\/towels.cc\/hu\/wp-json\/wp\/v2\/media\/11264"}],"wp:attachment":[{"href":"https:\/\/towels.cc\/hu\/wp-json\/wp\/v2\/media?parent=11262"}],"wp:term":[{"taxonomy":"product_brand","embeddable":true,"href":"https:\/\/towels.cc\/hu\/wp-json\/wp\/v2\/product_brand?post=11262"},{"taxonomy":"product_cat","embeddable":true,"href":"https:\/\/towels.cc\/hu\/wp-json\/wp\/v2\/product_cat?post=11262"},{"taxonomy":"product_tag","embeddable":true,"href":"https:\/\/towels.cc\/hu\/wp-json\/wp\/v2\/product_tag?post=11262"}],"curies":[{"name":"wp","href":"https:\/\/api.w.org\/{rel}","templated":true}]}}