{"id":11256,"date":"2024-03-29T18:02:46","date_gmt":"2024-03-29T18:02:46","guid":{"rendered":"https:\/\/towels.cc\/?post_type=product&#038;p=11256"},"modified":"2024-11-05T15:38:20","modified_gmt":"2024-11-05T15:38:20","slug":"40x80cm-personalized-waffle-microfiber-golf-towel-with-a-loop-for-hanging","status":"publish","type":"product","link":"https:\/\/towels.cc\/hu\/termek\/40x80cm-personalized-waffle-microfiber-golf-towel-with-a-loop-for-hanging\/","title":{"rendered":"40x80cm-es szem\u00e9lyre szabott gofri mikrosz\u00e1las golft\u00f6r\u00f6lk\u00f6z\u0151 hurokkal"},"content":{"rendered":"<p>Ez <a href=\"https:\/\/towels.cc\/hu\/golf-towel\/\">mikrosz\u00e1las golft\u00f6r\u00f6lk\u00f6z\u0151<\/a> 380GSM text\u00far\u00e1j\u00fa sz\u0151tt gofrisz\u00f6vet, sz\u00f6szmentes, gyorsan sz\u00e1rad\u00f3, szuper v\u00edzelnyel\u0151, antibakteri\u00e1lis \u00e9s 40x80 cm-es kis \u00e9s teljes m\u00e9ret\u0171 digit\u00e1lis nyomtat\u00e1si technol\u00f3gi\u00e1val k\u00e9sz\u00fclt.<\/p>\n<p>A m\u00e1sik n\u00e9pszer\u0171 <a href=\"https:\/\/towels.cc\/hu\/golf-towel\/\">golf t\u00f6r\u00f6lk\u00f6z\u0151<\/a> m\u00e9rete 50x100cm L m\u00e9ret, tetsz\u00e9s szerint testreszabhat m\u00e1s m\u00e9retet \u00e9s sz\u00ednt is.<\/p>","protected":false},"excerpt":{"rendered":"<p><strong>Anyag:<\/strong> gofri mikrosz\u00e1las<br \/>\n<strong>M\u0171szaki:<\/strong> Sz\u0151tt, lapos, digit\u00e1lis nyomtat\u00e1s<br \/>\n<strong>Vastags\u00e1g:<\/strong> 380GSM<br \/>\n<strong>\u00d6sszet\u00e9tel:<\/strong> 80% poli\u00e9szter+20%poliamid<br \/>\n<strong>T\u00f6r\u00f6lk\u00f6z\u0151 m\u00e9rete:<\/strong> 40x80 cm<br \/>\n<strong>El\u0151ny:<\/strong> Sz\u00f6szmentes, ALACSONY mennyis\u00e9g\u0171 rendel\u00e9st fogad el, gyorsan sz\u00e1rad, k\u00f6nnyen kil\u00f3gathat\u00f3, puha \u00e9s k\u00e9nyelmes, nem fakul, egyedi mint\u00e1zat\u00fa, mos\u00f3g\u00e9pben moshat\u00f3.<\/p>","protected":false},"featured_media":11257,"template":"","meta":{"_seopress_robots_primary_cat":"none","_seopress_titles_title":"","_seopress_titles_desc":"","_seopress_robots_index":""},"product_brand":[],"product_cat":[61,34],"product_tag":[],"class_list":{"0":"post-11256","1":"product","2":"type-product","3":"status-publish","4":"has-post-thumbnail","6":"product_cat-golf-towel","7":"product_cat-microfiber-towel","9":"first","10":"instock","11":"shipping-taxable","12":"product-type-simple"},"_links":{"self":[{"href":"https:\/\/towels.cc\/hu\/wp-json\/wp\/v2\/product\/11256","targetHints":{"allow":["GET"]}}],"collection":[{"href":"https:\/\/towels.cc\/hu\/wp-json\/wp\/v2\/product"}],"about":[{"href":"https:\/\/towels.cc\/hu\/wp-json\/wp\/v2\/types\/product"}],"wp:featuredmedia":[{"embeddable":true,"href":"https:\/\/towels.cc\/hu\/wp-json\/wp\/v2\/media\/11257"}],"wp:attachment":[{"href":"https:\/\/towels.cc\/hu\/wp-json\/wp\/v2\/media?parent=11256"}],"wp:term":[{"taxonomy":"product_brand","embeddable":true,"href":"https:\/\/towels.cc\/hu\/wp-json\/wp\/v2\/product_brand?post=11256"},{"taxonomy":"product_cat","embeddable":true,"href":"https:\/\/towels.cc\/hu\/wp-json\/wp\/v2\/product_cat?post=11256"},{"taxonomy":"product_tag","embeddable":true,"href":"https:\/\/towels.cc\/hu\/wp-json\/wp\/v2\/product_tag?post=11256"}],"curies":[{"name":"wp","href":"https:\/\/api.w.org\/{rel}","templated":true}]}}